{"id":758,"date":"2024-09-19T10:55:11","date_gmt":"2024-09-19T08:55:11","guid":{"rendered":"https:\/\/aevolvi.com\/6-saeulen\/"},"modified":"2024-10-08T14:16:11","modified_gmt":"2024-10-08T12:16:11","slug":"6-saeulen","status":"publish","type":"page","link":"https:\/\/aevolvi.com\/de\/6-saeulen\/","title":{"rendered":"6 S\u00e4ulen"},"content":{"rendered":"\t\t<div data-elementor-type=\"wp-page\" data-elementor-id=\"758\" class=\"elementor elementor-758 elementor-207\" data-elementor-post-type=\"page\">\n\t\t\t\t<div class=\"elementor-element elementor-element-6c69021c e-flex e-con-boxed e-con e-parent\" data-id=\"6c69021c\" data-element_type=\"container\" data-e-type=\"container\" data-settings=\"{&quot;background_background&quot;:&quot;classic&quot;}\">\n\t\t\t\t\t<div class=\"e-con-inner\">\n\t\t<div class=\"elementor-element elementor-element-2471e61c e-flex e-con-boxed e-con e-child\" data-id=\"2471e61c\" data-element_type=\"container\" data-e-type=\"container\">\n\t\t\t\t\t<div class=\"e-con-inner\">\n\t\t\t\t\t<\/div>\n\t\t\t\t<\/div>\n\t\t<div class=\"elementor-element elementor-element-831ec1d e-flex e-con-boxed e-con e-child\" data-id=\"831ec1d\" data-element_type=\"container\" data-e-type=\"container\">\n\t\t\t\t\t<div class=\"e-con-inner\">\n\t\t\t\t<div class=\"elementor-element elementor-element-67446ced elementor-view-stacked elementor-shape-circle elementor-widget elementor-widget-icon\" data-id=\"67446ced\" data-element_type=\"widget\" data-e-type=\"widget\" data-widget_type=\"icon.default\">\n\t\t\t\t<div class=\"elementor-widget-container\">\n\t\t\t\t\t\t\t<div class=\"elementor-icon-wrapper\">\n\t\t\t<a class=\"elementor-icon\" href=\"#6\">\n\t\t\t<i aria-hidden=\"true\" class=\"icon icon-up-arrow\"><\/i>\t\t\t<\/a>\n\t\t<\/div>\n\t\t\t\t\t\t<\/div>\n\t\t\t\t<\/div>\n\t\t\t\t\t<\/div>\n\t\t\t\t<\/div>\n\t\t\t\t\t<\/div>\n\t\t\t\t<\/div>\n\t\t<div class=\"elementor-element elementor-element-415272f3 e-flex e-con-boxed e-con e-parent\" data-id=\"415272f3\" data-element_type=\"container\" data-e-type=\"container\" id=\"6\">\n\t\t\t\t\t<div class=\"e-con-inner\">\n\t\t<div class=\"elementor-element elementor-element-76283222 e-flex e-con-boxed e-con e-child\" data-id=\"76283222\" data-element_type=\"container\" data-e-type=\"container\">\n\t\t\t\t\t<div class=\"e-con-inner\">\n\t\t<div class=\"elementor-element elementor-element-38422f8e e-con-full e-flex e-con e-child\" data-id=\"38422f8e\" data-element_type=\"container\" data-e-type=\"container\">\n\t\t<div class=\"elementor-element elementor-element-13ceabba e-flex e-con-boxed e-con e-child\" data-id=\"13ceabba\" data-element_type=\"container\" data-e-type=\"container\">\n\t\t\t\t\t<div class=\"e-con-inner\">\n\t\t\t\t<div class=\"elementor-element elementor-element-f1a564d elementor-widget elementor-widget-heading\" data-id=\"f1a564d\" data-element_type=\"widget\" data-e-type=\"widget\" data-widget_type=\"heading.default\">\n\t\t\t\t<div class=\"elementor-widget-container\">\n\t\t\t\t\t<h2 class=\"elementor-heading-title elementor-size-default\">Das Geheimnis der 6 S\u00e4ulen von \u00c6volvi<\/h2>\t\t\t\t<\/div>\n\t\t\t\t<\/div>\n\t\t\t\t<div class=\"elementor-element elementor-element-7f1de4ad elementor-widget elementor-widget-text-editor\" data-id=\"7f1de4ad\" data-element_type=\"widget\" data-e-type=\"widget\" data-widget_type=\"text-editor.default\">\n\t\t\t\t<div class=\"elementor-widget-container\">\n\t\t\t\t\t\t\t\t\t<p>\u00c6volvi &#8211; Das Geheimnis der 6 S\u00e4ulen ist ein transformatorischer Weg der pers\u00f6nlichen Entwicklung, der f\u00fcr diejenigen geschaffen wurde, die \u00fcber die Oberfl\u00e4che hinausgehen und ihr neues wahres Potenzial entdecken m\u00f6chten.<br \/>\nDiese Methode basiert auf sechs grundlegenden Bereichen, die in Synergie miteinander arbeiten und es Ihnen erm\u00f6glichen, ein neues, tiefes und authentisches Gleichgewicht zu erreichen.<br \/>\nEs geht nicht nur darum, einen Aspekt Ihres Lebens zu verbessern: Es ist eine vollst\u00e4ndige Reise, die K\u00f6rper, Geist und Seele umfasst.    <\/p>\n<p>Wenn Sie sich jemals gefragt haben, warum Sie sich trotz \u00e4u\u00dferer Erfolge oder Errungenschaften immer noch unvollst\u00e4ndig oder festgefahren f\u00fchlen, ist dies das richtige Programm f\u00fcr Sie.<br \/>\nEs ist ein Weg, der Sie von innen nach au\u00dfen f\u00fchrt und Sie dazu bringt, eine authentischere, ausgeglichenere und erf\u00fclltere Version Ihrer selbst zu entdecken. <\/p>\n\t\t\t\t\t\t\t\t<\/div>\n\t\t\t\t<\/div>\n\t\t\t\t<div class=\"elementor-element elementor-element-c8170db elementor-widget elementor-widget-image\" data-id=\"c8170db\" data-element_type=\"widget\" data-e-type=\"widget\" data-widget_type=\"image.default\">\n\t\t\t\t<div class=\"elementor-widget-container\">\n\t\t\t\t\t\t\t\t\t\t\t\t\t\t\t<img fetchpriority=\"high\" decoding=\"async\" width=\"800\" height=\"802\" src=\"https:\/\/aevolvi.com\/wp-content\/uploads\/sites\/64\/2024\/09\/Recurso-2-1-1022x1024.png\" class=\"attachment-large size-large wp-image-677\" alt=\"\" srcset=\"https:\/\/aevolvi.com\/wp-content\/uploads\/sites\/64\/2024\/09\/Recurso-2-1-1022x1024.png.webp 1022w, https:\/\/aevolvi.com\/wp-content\/uploads\/sites\/64\/2024\/09\/Recurso-2-1-300x300.png.webp 300w, https:\/\/aevolvi.com\/wp-content\/uploads\/sites\/64\/2024\/09\/Recurso-2-1-150x150.png.webp 150w, https:\/\/aevolvi.com\/wp-content\/uploads\/sites\/64\/2024\/09\/Recurso-2-1-768x770.png.webp 768w, https:\/\/aevolvi.com\/wp-content\/uploads\/sites\/64\/2024\/09\/Recurso-2-1-500x500.png.webp 500w, https:\/\/aevolvi.com\/wp-content\/uploads\/sites\/64\/2024\/09\/Recurso-2-1-1533x1536.png.webp 1533w, https:\/\/aevolvi.com\/wp-content\/uploads\/sites\/64\/2024\/09\/Recurso-2-1-2044x2048.png.webp 2044w\" sizes=\"(max-width: 800px) 100vw, 800px\" \/>\t\t\t\t\t\t\t\t\t\t\t\t\t\t\t<\/div>\n\t\t\t\t<\/div>\n\t\t\t\t\t<\/div>\n\t\t\t\t<\/div>\n\t\t\t\t<\/div>\n\t\t\t\t\t<\/div>\n\t\t\t\t<\/div>\n\t\t\t\t\t<\/div>\n\t\t\t\t<\/div>\n\t\t<div class=\"elementor-element elementor-element-dd97e7 e-flex e-con-boxed e-con e-parent\" data-id=\"dd97e7\" data-element_type=\"container\" data-e-type=\"container\">\n\t\t\t\t\t<div class=\"e-con-inner\">\n\t\t\t\t<div class=\"elementor-element elementor-element-ecfaa21 elementor-widget elementor-widget-heading\" data-id=\"ecfaa21\" data-element_type=\"widget\" data-e-type=\"widget\" data-widget_type=\"heading.default\">\n\t\t\t\t<div class=\"elementor-widget-container\">\n\t\t\t\t\t<h3 class=\"elementor-heading-title elementor-size-default\">Eine Reise durch die 6 S\u00e4ulen<\/h3>\t\t\t\t<\/div>\n\t\t\t\t<\/div>\n\t\t\t\t<div class=\"elementor-element elementor-element-8e9ec19 elementor-widget elementor-widget-text-editor\" data-id=\"8e9ec19\" data-element_type=\"widget\" data-e-type=\"widget\" data-widget_type=\"text-editor.default\">\n\t\t\t\t<div class=\"elementor-widget-container\">\n\t\t\t\t\t\t\t\t\t<p>Das Geheimnis von \u00c6volvi liegt in seinen sechs S\u00e4ulen, von denen jede f\u00fcr einen grundlegenden Aspekt des Lebens steht.<br \/>\nDiese S\u00e4ulen sind das Herzst\u00fcck des Pfades und wirken zusammen, um eine tiefgreifende Transformation zu bewirken.<br \/>\nLassen Sie uns gemeinsam die sechs S\u00e4ulen entdecken:  <\/p>\n\t\t\t\t\t\t\t\t<\/div>\n\t\t\t\t<\/div>\n\t\t<div class=\"elementor-element elementor-element-7f4a67ad e-con-full e-flex e-con e-child\" data-id=\"7f4a67ad\" data-element_type=\"container\" data-e-type=\"container\">\n\t\t<div class=\"elementor-element elementor-element-bbbe97c e-con-full e-flex e-con e-child\" data-id=\"bbbe97c\" data-element_type=\"container\" data-e-type=\"container\">\n\t\t\t\t<div class=\"elementor-element elementor-element-4c2082f elementor-view-stacked elementor-shape-circle elementor-position-block-start elementor-mobile-position-block-start elementor-widget elementor-widget-icon-box\" data-id=\"4c2082f\" data-element_type=\"widget\" data-e-type=\"widget\" data-widget_type=\"icon-box.default\">\n\t\t\t\t<div class=\"elementor-widget-container\">\n\t\t\t\t\t\t\t<div class=\"elementor-icon-box-wrapper\">\n\n\t\t\t\t\t\t<div class=\"elementor-icon-box-icon\">\n\t\t\t\t<span  class=\"elementor-icon\">\n\t\t\t\t<i aria-hidden=\"true\" class=\"icon icon-paper-plane\"><\/i>\t\t\t\t<\/span>\n\t\t\t<\/div>\n\t\t\t\n\t\t\t\t\t\t<div class=\"elementor-icon-box-content\">\n\n\t\t\t\t\t\t\t\t\t<h5 class=\"elementor-icon-box-title\">\n\t\t\t\t\t\t<span  >\n\t\t\t\t\t\t\t1. Pers\u00f6nliche Mission\t\t\t\t\t\t<\/span>\n\t\t\t\t\t<\/h5>\n\t\t\t\t\n\t\t\t\t\t\t\t\t\t<p class=\"elementor-icon-box-description\">\n\t\t\t\t\t\tAlles beginnt von hier aus.\nIhre pers\u00f6nliche Mission ist Ihr Warum, der tiefe Grund, der Sie jeden Tag antreibt.\nOhne eine klare Mission ist es leicht, sich zu verirren oder das Gef\u00fchl zu haben, nicht mehr weiterzukommen.\nIn \u00c6volvi helfe ich Ihnen, Ihre authentischste Bestimmung zu entdecken, denn wenn Sie genau wissen, wer Sie sind und was Sie wollen, wird jeder Schritt kraftvoll   \t\t\t\t\t<\/p>\n\t\t\t\t\n\t\t\t<\/div>\n\t\t\t\n\t\t<\/div>\n\t\t\t\t\t\t<\/div>\n\t\t\t\t<\/div>\n\t\t\t\t<\/div>\n\t\t<div class=\"elementor-element elementor-element-442dd1a6 e-con-full e-flex e-con e-child\" data-id=\"442dd1a6\" data-element_type=\"container\" data-e-type=\"container\">\n\t\t\t\t<div class=\"elementor-element elementor-element-81f0f1b elementor-view-stacked elementor-shape-circle elementor-position-block-start elementor-mobile-position-block-start elementor-widget elementor-widget-icon-box\" data-id=\"81f0f1b\" data-element_type=\"widget\" data-e-type=\"widget\" data-widget_type=\"icon-box.default\">\n\t\t\t\t<div class=\"elementor-widget-container\">\n\t\t\t\t\t\t\t<div class=\"elementor-icon-box-wrapper\">\n\n\t\t\t\t\t\t<div class=\"elementor-icon-box-icon\">\n\t\t\t\t<span  class=\"elementor-icon\">\n\t\t\t\t<i aria-hidden=\"true\" class=\"icon icon-medicine\"><\/i>\t\t\t\t<\/span>\n\t\t\t<\/div>\n\t\t\t\n\t\t\t\t\t\t<div class=\"elementor-icon-box-content\">\n\n\t\t\t\t\t\t\t\t\t<h5 class=\"elementor-icon-box-title\">\n\t\t\t\t\t\t<span  >\n\t\t\t\t\t\t\t2. Gesundheit\t\t\t\t\t\t<\/span>\n\t\t\t\t\t<\/h5>\n\t\t\t\t\n\t\t\t\t\t\t\t\t\t<p class=\"elementor-icon-box-description\">\n\t\t\t\t\t\tGesundheit ist nicht nur die Abwesenheit von Krankheit, sondern ein Gleichgewicht zwischen K\u00f6rper und Geist.\nAnhand von Strategien f\u00fcr k\u00f6rperliches und seelisches Wohlbefinden werde ich Ihnen zeigen, wie viele neue und einfache M\u00f6glichkeiten es gibt, sich um sich selbst zu k\u00fcmmern.\nSie werden lernen, wie Sie Ihren K\u00f6rper und Ihren Geist n\u00e4hren k\u00f6nnen, um eine vitale Energie zu erlangen, die Sie in jedem Aspekt des Lebens unterst\u00fctzen wird.  \t\t\t\t\t<\/p>\n\t\t\t\t\n\t\t\t<\/div>\n\t\t\t\n\t\t<\/div>\n\t\t\t\t\t\t<\/div>\n\t\t\t\t<\/div>\n\t\t\t\t<\/div>\n\t\t<div class=\"elementor-element elementor-element-488108b6 e-con-full e-flex e-con e-child\" data-id=\"488108b6\" data-element_type=\"container\" data-e-type=\"container\">\n\t\t\t\t<div class=\"elementor-element elementor-element-cc61744 elementor-view-stacked elementor-shape-circle elementor-position-block-start elementor-mobile-position-block-start elementor-widget elementor-widget-icon-box\" data-id=\"cc61744\" data-element_type=\"widget\" data-e-type=\"widget\" data-widget_type=\"icon-box.default\">\n\t\t\t\t<div class=\"elementor-widget-container\">\n\t\t\t\t\t\t\t<div class=\"elementor-icon-box-wrapper\">\n\n\t\t\t\t\t\t<div class=\"elementor-icon-box-icon\">\n\t\t\t\t<span  class=\"elementor-icon\">\n\t\t\t\t<svg aria-hidden=\"true\" class=\"e-font-icon-svg e-fas-spa\" viewBox=\"0 0 576 512\" xmlns=\"http:\/\/www.w3.org\/2000\/svg\"><path d=\"M568.25 192c-29.04.13-135.01 6.16-213.84 83-33.12 29.63-53.36 63.3-66.41 94.86-13.05-31.56-33.29-65.23-66.41-94.86-78.83-76.84-184.8-82.87-213.84-83-4.41-.02-7.79 3.4-7.75 7.82.23 27.92 7.14 126.14 88.77 199.3C172.79 480.94 256 480 288 480s115.19.95 199.23-80.88c81.64-73.17 88.54-171.38 88.77-199.3.04-4.42-3.34-7.84-7.75-7.82zM287.98 302.6c12.82-18.85 27.6-35.78 44.09-50.52 19.09-18.61 39.58-33.3 60.26-45.18-16.44-70.5-51.72-133.05-96.73-172.22-4.11-3.58-11.02-3.58-15.14 0-44.99 39.14-80.27 101.63-96.74 172.07 20.37 11.7 40.5 26.14 59.22 44.39a282.768 282.768 0 0 1 45.04 51.46z\"><\/path><\/svg>\t\t\t\t<\/span>\n\t\t\t<\/div>\n\t\t\t\n\t\t\t\t\t\t<div class=\"elementor-icon-box-content\">\n\n\t\t\t\t\t\t\t\t\t<h5 class=\"elementor-icon-box-title\">\n\t\t\t\t\t\t<span  >\n\t\t\t\t\t\t\t3. Spiritualit\u00e4t\t\t\t\t\t\t<\/span>\n\t\t\t\t\t<\/h5>\n\t\t\t\t\n\t\t\t\t\t\t\t\t\t<p class=\"elementor-icon-box-description\">\n\t\t\t\t\t\tSpiritualit\u00e4t ist eine innere F\u00fchrung, die Sie mit sich selbst verbindet. Sie erm\u00f6glicht es Ihnen, Gleichgewicht, Frieden und ein tiefes Gef\u00fchl der Zugeh\u00f6rigkeit zu finden. Wir werden erkunden, wie die Kultivierung einer achtsamen spirituellen Praxis Ihnen helfen kann, die t\u00e4glichen Herausforderungen zu meistern, Stress abzubauen und authentischer zu leben.    \t\t\t\t\t<\/p>\n\t\t\t\t\n\t\t\t<\/div>\n\t\t\t\n\t\t<\/div>\n\t\t\t\t\t\t<\/div>\n\t\t\t\t<\/div>\n\t\t\t\t<\/div>\n\t\t<div class=\"elementor-element elementor-element-544e8a8d e-con-full e-flex e-con e-child\" data-id=\"544e8a8d\" data-element_type=\"container\" data-e-type=\"container\">\n\t\t\t\t<div class=\"elementor-element elementor-element-41c699d elementor-view-stacked elementor-shape-circle elementor-position-block-start elementor-mobile-position-block-start elementor-widget elementor-widget-icon-box\" data-id=\"41c699d\" data-element_type=\"widget\" data-e-type=\"widget\" data-widget_type=\"icon-box.default\">\n\t\t\t\t<div class=\"elementor-widget-container\">\n\t\t\t\t\t\t\t<div class=\"elementor-icon-box-wrapper\">\n\n\t\t\t\t\t\t<div class=\"elementor-icon-box-icon\">\n\t\t\t\t<span  class=\"elementor-icon\">\n\t\t\t\t<i aria-hidden=\"true\" class=\"icon icon-user-registration\"><\/i>\t\t\t\t<\/span>\n\t\t\t<\/div>\n\t\t\t\n\t\t\t\t\t\t<div class=\"elementor-icon-box-content\">\n\n\t\t\t\t\t\t\t\t\t<h5 class=\"elementor-icon-box-title\">\n\t\t\t\t\t\t<span  >\n\t\t\t\t\t\t\t4. Beruf\t\t\t\t\t\t<\/span>\n\t\t\t\t\t<\/h5>\n\t\t\t\t\n\t\t\t\t\t\t\t\t\t<p class=\"elementor-icon-box-description\">\n\t\t\t\t\t\tIhr Beruf sollte nicht nur ein Job sein, sondern eine Manifestation Ihrer Mission.\nIch helfe Ihnen dabei, Ihre Berufung zu finden oder wiederzuentdecken und eine Karriere zu schaffen, die Ihr wahres Wesen widerspiegelt.\nWenn Sie mit Leidenschaft und Zielstrebigkeit arbeiten, ist der Erfolg kein fernes Ziel, sondern eine nat\u00fcrliche Folge  \t\t\t\t\t<\/p>\n\t\t\t\t\n\t\t\t<\/div>\n\t\t\t\n\t\t<\/div>\n\t\t\t\t\t\t<\/div>\n\t\t\t\t<\/div>\n\t\t\t\t<\/div>\n\t\t<div class=\"elementor-element elementor-element-58cea4c8 e-con-full e-flex e-con e-child\" data-id=\"58cea4c8\" data-element_type=\"container\" data-e-type=\"container\">\n\t\t\t\t<div class=\"elementor-element elementor-element-93539f2 elementor-view-stacked elementor-shape-circle elementor-position-block-start elementor-mobile-position-block-start elementor-widget elementor-widget-icon-box\" data-id=\"93539f2\" data-element_type=\"widget\" data-e-type=\"widget\" data-widget_type=\"icon-box.default\">\n\t\t\t\t<div class=\"elementor-widget-container\">\n\t\t\t\t\t\t\t<div class=\"elementor-icon-box-wrapper\">\n\n\t\t\t\t\t\t<div class=\"elementor-icon-box-icon\">\n\t\t\t\t<span  class=\"elementor-icon\">\n\t\t\t\t<i aria-hidden=\"true\" class=\"icon icon-heart-pulse\"><\/i>\t\t\t\t<\/span>\n\t\t\t<\/div>\n\t\t\t\n\t\t\t\t\t\t<div class=\"elementor-icon-box-content\">\n\n\t\t\t\t\t\t\t\t\t<h5 class=\"elementor-icon-box-title\">\n\t\t\t\t\t\t<span  >\n\t\t\t\t\t\t\t5. Beziehungen\t\t\t\t\t\t<\/span>\n\t\t\t\t\t<\/h5>\n\t\t\t\t\n\t\t\t\t\t\t\t\t\t<p class=\"elementor-icon-box-description\">\n\t\t\t\t\t\tDie Beziehungen, die wir pflegen, bestimmen, wer wir sind.\nIn \u00c6volvi erforschen wir, wie Sie authentische und erf\u00fcllende Beziehungen erkennen und gestalten k\u00f6nnen, die Ihr Wachstum f\u00f6rdern.\nOb es sich um Freundschaften, Familien- oder Liebesbeziehungen handelt, Sie werden entdecken, wie Sie Bindungen aufbauen k\u00f6nnen, die auf Authentizit\u00e4t, Respekt und tiefer Verbundenheit basieren.  \t\t\t\t\t<\/p>\n\t\t\t\t\n\t\t\t<\/div>\n\t\t\t\n\t\t<\/div>\n\t\t\t\t\t\t<\/div>\n\t\t\t\t<\/div>\n\t\t\t\t<\/div>\n\t\t<div class=\"elementor-element elementor-element-5f6b263b e-con-full e-flex e-con e-child\" data-id=\"5f6b263b\" data-element_type=\"container\" data-e-type=\"container\">\n\t\t\t\t<div class=\"elementor-element elementor-element-dc4d9a5 elementor-view-stacked elementor-shape-circle elementor-position-block-start elementor-mobile-position-block-start elementor-widget elementor-widget-icon-box\" data-id=\"dc4d9a5\" data-element_type=\"widget\" data-e-type=\"widget\" data-widget_type=\"icon-box.default\">\n\t\t\t\t<div class=\"elementor-widget-container\">\n\t\t\t\t\t\t\t<div class=\"elementor-icon-box-wrapper\">\n\n\t\t\t\t\t\t<div class=\"elementor-icon-box-icon\">\n\t\t\t\t<span  class=\"elementor-icon\">\n\t\t\t\t<i aria-hidden=\"true\" class=\"icon icon-user1\"><\/i>\t\t\t\t<\/span>\n\t\t\t<\/div>\n\t\t\t\n\t\t\t\t\t\t<div class=\"elementor-icon-box-content\">\n\n\t\t\t\t\t\t\t\t\t<h5 class=\"elementor-icon-box-title\">\n\t\t\t\t\t\t<span  >\n\t\t\t\t\t\t\t6. Selbstwertgef\u00fchl\t\t\t\t\t\t<\/span>\n\t\t\t\t\t<\/h5>\n\t\t\t\t\n\t\t\t\t\t\t\t\t\t<p class=\"elementor-icon-box-description\">\n\t\t\t\t\t\tAlles beginnt von innen: Ihr Selbstvertrauen ist der Schl\u00fcssel, der die T\u00fcr zu Erfolg und Gl\u00fcck \u00f6ffnet.\nOhne Selbstvertrauen scheinen selbst die kleinsten Tr\u00e4ume unerreichbar zu sein.\nIn dieser S\u00e4ule werden wir daran arbeiten, Ihr Selbstwertgef\u00fchl zu st\u00e4rken und \u00c4ngste und Unsicherheiten in St\u00e4rke und Zuversicht zu verwandeln.  \t\t\t\t\t<\/p>\n\t\t\t\t\n\t\t\t<\/div>\n\t\t\t\n\t\t<\/div>\n\t\t\t\t\t\t<\/div>\n\t\t\t\t<\/div>\n\t\t\t\t<\/div>\n\t\t\t\t<\/div>\n\t\t\t\t\t<\/div>\n\t\t\t\t<\/div>\n\t\t<div class=\"elementor-element elementor-element-34d073c7 e-con-full e-flex e-con e-parent\" data-id=\"34d073c7\" data-element_type=\"container\" data-e-type=\"container\" data-settings=\"{&quot;background_background&quot;:&quot;classic&quot;}\">\n\t\t<div class=\"elementor-element elementor-element-3dfd3930 e-con-full e-flex e-con e-child\" data-id=\"3dfd3930\" data-element_type=\"container\" data-e-type=\"container\" data-settings=\"{&quot;background_background&quot;:&quot;gradient&quot;}\">\n\t\t\t\t<div class=\"elementor-element elementor-element-624ea121 elementor-widget__width-initial elementor-widget-tablet__width-initial elementor-widget elementor-widget-heading\" data-id=\"624ea121\" data-element_type=\"widget\" data-e-type=\"widget\" data-widget_type=\"heading.default\">\n\t\t\t\t<div class=\"elementor-widget-container\">\n\t\t\t\t\t<h2 class=\"elementor-heading-title elementor-size-default\">Ein Weg zum totalen Gleichgewicht<\/h2>\t\t\t\t<\/div>\n\t\t\t\t<\/div>\n\t\t\t\t<div class=\"elementor-element elementor-element-bce9476 elementor-widget__width-initial elementor-widget-tablet__width-initial elementor-widget elementor-widget-text-editor\" data-id=\"bce9476\" data-element_type=\"widget\" data-e-type=\"widget\" data-widget_type=\"text-editor.default\">\n\t\t\t\t<div class=\"elementor-widget-container\">\n\t\t\t\t\t\t\t\t\t<p>Meine Mission mit \u00c6volvi ist klar: Ich m\u00f6chte Sie dazu bringen, das Gleichgewicht zwischen diesen sechs S\u00e4ulen zu entdecken und zu kultivieren, um ein vollst\u00e4ndiges und tiefes Wohlbefinden zu erreichen.<br \/>\nEs geht nicht nur darum, einen oder zwei Aspekte Ihres Lebens zu verbessern, sondern darum, all diese Bereiche so zu harmonisieren, dass sie zusammenarbeiten.<br \/>\nWenn K\u00f6rper, Geist, Seele und Finanzen im Gleichgewicht sind, k\u00f6nnen Sie endlich in F\u00fclle, Authentizit\u00e4t und Zufriedenheit leben.  <\/p>\n<p>Dieser Kurs ist nicht nur ein theoretischer Leitfaden, sondern eine praktische und pers\u00f6nliche Erfahrung, die Sie in die Lage versetzt, Ihre t\u00e4glichen Herausforderungen zu meistern. Ich werde Ihnen beibringen, wie Sie diese Prinzipien in Ihrem wirklichen Leben anwenden k\u00f6nnen, damit Sie Ihr wahres Potenzial sehen und sp\u00fcren k\u00f6nnen. <\/p>\n\t\t\t\t\t\t\t\t<\/div>\n\t\t\t\t<\/div>\n\t\t\t\t<div class=\"elementor-element elementor-element-79726676 elementor-align-center elementor-widget elementor-widget-button\" data-id=\"79726676\" data-element_type=\"widget\" data-e-type=\"widget\" data-widget_type=\"button.default\">\n\t\t\t\t<div class=\"elementor-widget-container\">\n\t\t\t\t\t\t\t\t\t<div class=\"elementor-button-wrapper\">\n\t\t\t\t\t<a class=\"elementor-button elementor-button-link elementor-size-sm\" href=\"https:\/\/aevolvi.com\/de\/kontakt\/\">\n\t\t\t\t\t\t<span class=\"elementor-button-content-wrapper\">\n\t\t\t\t\t\t\t\t\t<span class=\"elementor-button-text\">Mehr Informationen anfordern<\/span>\n\t\t\t\t\t<\/span>\n\t\t\t\t\t<\/a>\n\t\t\t\t<\/div>\n\t\t\t\t\t\t\t\t<\/div>\n\t\t\t\t<\/div>\n\t\t\t\t<\/div>\n\t\t\t\t<\/div>\n\t\t\t\t<\/div>\n\t\t","protected":false},"excerpt":{"rendered":"<p>Das Geheimnis der 6 S\u00e4ulen von \u00c6volvi \u00c6volvi &#8211; Das Geheimnis der 6 S\u00e4ulen ist ein transformatorischer Weg der pers\u00f6nlichen Entwicklung, der f\u00fcr diejenigen geschaffen wurde, die \u00fcber die Oberfl\u00e4che hinausgehen und ihr neues wahres Potenzial entdecken m\u00f6chten. Diese Methode basiert auf sechs grundlegenden Bereichen, die in Synergie miteinander arbeiten und es Ihnen erm\u00f6glichen, ein [&hellip;]<\/p>\n","protected":false},"author":2,"featured_media":0,"parent":0,"menu_order":0,"comment_status":"closed","ping_status":"closed","template":"elementor_header_footer","meta":{"_seopress_robots_primary_cat":"","_seopress_titles_title":"","_seopress_titles_desc":"","_seopress_robots_index":"","footnotes":""},"class_list":["post-758","page","type-page","status-publish","hentry"],"_links":{"self":[{"href":"https:\/\/aevolvi.com\/de\/wp-json\/wp\/v2\/pages\/758","targetHints":{"allow":["GET"]}}],"collection":[{"href":"https:\/\/aevolvi.com\/de\/wp-json\/wp\/v2\/pages"}],"about":[{"href":"https:\/\/aevolvi.com\/de\/wp-json\/wp\/v2\/types\/page"}],"author":[{"embeddable":true,"href":"https:\/\/aevolvi.com\/de\/wp-json\/wp\/v2\/users\/2"}],"replies":[{"embeddable":true,"href":"https:\/\/aevolvi.com\/de\/wp-json\/wp\/v2\/comments?post=758"}],"version-history":[{"count":0,"href":"https:\/\/aevolvi.com\/de\/wp-json\/wp\/v2\/pages\/758\/revisions"}],"wp:attachment":[{"href":"https:\/\/aevolvi.com\/de\/wp-json\/wp\/v2\/media?parent=758"}],"curies":[{"name":"wp","href":"https:\/\/api.w.org\/{rel}","templated":true}]}}