{"id":761,"date":"2024-09-17T09:52:44","date_gmt":"2024-09-17T07:52:44","guid":{"rendered":"https:\/\/aevolvi.com\/wer-bin-ich\/"},"modified":"2024-10-22T23:06:52","modified_gmt":"2024-10-22T21:06:52","slug":"wer-bin-ich","status":"publish","type":"page","link":"https:\/\/aevolvi.com\/de\/wer-bin-ich\/","title":{"rendered":"Wer bin Ich"},"content":{"rendered":"\t\t<div data-elementor-type=\"wp-page\" data-elementor-id=\"761\" class=\"elementor elementor-761 elementor-177\" data-elementor-post-type=\"page\">\n\t\t\t\t<div class=\"elementor-element elementor-element-c13481f e-flex e-con-boxed e-con e-parent\" data-id=\"c13481f\" data-element_type=\"container\" data-e-type=\"container\" data-settings=\"{&quot;background_background&quot;:&quot;classic&quot;}\">\n\t\t\t\t\t<div class=\"e-con-inner\">\n\t\t<div class=\"elementor-element elementor-element-504b089f e-flex e-con-boxed e-con e-child\" data-id=\"504b089f\" data-element_type=\"container\" data-e-type=\"container\">\n\t\t\t\t\t<div class=\"e-con-inner\">\n\t\t\t\t\t<\/div>\n\t\t\t\t<\/div>\n\t\t\t\t\t<\/div>\n\t\t\t\t<\/div>\n\t\t<div class=\"elementor-element elementor-element-2051a395 e-flex e-con-boxed e-con e-parent\" data-id=\"2051a395\" data-element_type=\"container\" data-e-type=\"container\">\n\t\t\t\t\t<div class=\"e-con-inner\">\n\t\t<div class=\"elementor-element elementor-element-68deebd2 e-con-full e-flex e-con e-child\" data-id=\"68deebd2\" data-element_type=\"container\" data-e-type=\"container\">\n\t\t\t\t<div class=\"elementor-element elementor-element-81e8a2c elementor-widget elementor-widget-image\" data-id=\"81e8a2c\" data-element_type=\"widget\" data-e-type=\"widget\" data-widget_type=\"image.default\">\n\t\t\t\t<div class=\"elementor-widget-container\">\n\t\t\t\t\t\t\t\t\t\t\t\t\t\t\t<img fetchpriority=\"high\" decoding=\"async\" width=\"800\" height=\"585\" src=\"https:\/\/aevolvi.com\/wp-content\/uploads\/sites\/64\/2024\/10\/kathe-246-1024x749.jpg\" class=\"attachment-large size-large wp-image-1358\" alt=\"\" srcset=\"https:\/\/aevolvi.com\/wp-content\/uploads\/sites\/64\/2024\/10\/kathe-246-1024x749.jpg 1024w, https:\/\/aevolvi.com\/wp-content\/uploads\/sites\/64\/2024\/10\/kathe-246-300x219.jpg 300w, https:\/\/aevolvi.com\/wp-content\/uploads\/sites\/64\/2024\/10\/kathe-246-768x562.jpg 768w, https:\/\/aevolvi.com\/wp-content\/uploads\/sites\/64\/2024\/10\/kathe-246.jpg 1170w\" sizes=\"(max-width: 800px) 100vw, 800px\" \/>\t\t\t\t\t\t\t\t\t\t\t\t\t\t\t<\/div>\n\t\t\t\t<\/div>\n\t\t\t\t<\/div>\n\t\t<div class=\"elementor-element elementor-element-1c72430a e-con-full e-flex e-con e-child\" data-id=\"1c72430a\" data-element_type=\"container\" data-e-type=\"container\">\n\t\t\t\t<div class=\"elementor-element elementor-element-68a394c3 elementor-widget elementor-widget-heading\" data-id=\"68a394c3\" data-element_type=\"widget\" data-e-type=\"widget\" data-widget_type=\"heading.default\">\n\t\t\t\t<div class=\"elementor-widget-container\">\n\t\t\t\t\t<span class=\"elementor-heading-title elementor-size-default\">Pers\u00f6nlich wachsen<\/span>\t\t\t\t<\/div>\n\t\t\t\t<\/div>\n\t\t\t\t<div class=\"elementor-element elementor-element-57a46bb elementor-widget elementor-widget-elementskit-heading\" data-id=\"57a46bb\" data-element_type=\"widget\" data-e-type=\"widget\" data-widget_type=\"elementskit-heading.default\">\n\t\t\t\t<div class=\"elementor-widget-container\">\n\t\t\t\t\t<div class=\"ekit-wid-con\" ><div class=\"ekit-heading elementskit-section-title-wraper text_left   ekit_heading_tablet-   ekit_heading_mobile-\"><h3 class=\"ekit-heading--title elementskit-section-title text_fill\">WER ICH BIN<\/h3><\/div><\/div>\t\t\t\t<\/div>\n\t\t\t\t<\/div>\n\t\t\t\t<div class=\"elementor-element elementor-element-7f4c5cc7 elementor-widget elementor-widget-text-editor\" data-id=\"7f4c5cc7\" data-element_type=\"widget\" data-e-type=\"widget\" data-widget_type=\"text-editor.default\">\n\t\t\t\t<div class=\"elementor-widget-container\">\n\t\t\t\t\t\t\t\t\t<p>Mein Name ist Katherine, ich bin 32 Jahre alt und komme aus S\u00fcdamerika (Ecuador), obwohl ich heute in der Schweiz lebe.<br \/>\nMein Leben war eine au\u00dfergew\u00f6hnliche Reise, voller Herausforderungen und Entdeckungen.<br \/>\nIch bin mit verschiedenen Hindernissen konfrontiert worden, die mich zeitweise auf die Probe gestellt haben und mich nach einem Sprung des Mutes dazu brachten, in mich selbst zu schauen, die Angst zu \u00fcberwinden, mein Leben nicht selbst in die Hand nehmen zu k\u00f6nnen und mit Mitgef\u00fchl und Vergebung auf die falschen \u00dcberzeugungen und emotionalen Barrieren zu schauen, die ich so lange mit mir herumgetragen hatte.<br \/>\nEs war eine Reise, die bis zum heutigen Tag andauert, eine Reise zur Heilung und zur Liebe zu mir selbst.   <\/p>\n<p><strong>Mit mehr Bewusstsein und Freiheit!<\/strong><\/p>\n<p>Meine Erfahrung hat mich gelehrt, dass wahre Transformation nicht nur im \u00c4u\u00dferen stattfindet, sondern von innen heraus beginnt.<br \/>\nMeine Wunden und Momente des Schmerzes haben sich in eine Kraft verwandelt, die mich antreibt, anderen Menschen zu helfen, ihr verborgenes Potenzial zu entdecken und freizusetzen.<br \/>\nHeute bin ich hier, um mit Ihnen meine Entdeckungen und meine Werkzeuge f\u00fcr pers\u00f6nliches Wachstum zu teilen.  <\/p>\n\t\t\t\t\t\t\t\t<\/div>\n\t\t\t\t<\/div>\n\t\t\t\t<div class=\"elementor-element elementor-element-63daf9f5 elementor-widget-divider--view-line elementor-widget elementor-widget-divider\" data-id=\"63daf9f5\" data-element_type=\"widget\" data-e-type=\"widget\" data-widget_type=\"divider.default\">\n\t\t\t\t<div class=\"elementor-widget-container\">\n\t\t\t\t\t\t\t<div class=\"elementor-divider\">\n\t\t\t<span class=\"elementor-divider-separator\">\n\t\t\t\t\t\t<\/span>\n\t\t<\/div>\n\t\t\t\t\t\t<\/div>\n\t\t\t\t<\/div>\n\t\t\t\t<div class=\"elementor-element elementor-element-367ba158 elementor-mobile-align-center elementor-widget elementor-widget-button\" data-id=\"367ba158\" data-element_type=\"widget\" data-e-type=\"widget\" data-widget_type=\"button.default\">\n\t\t\t\t<div class=\"elementor-widget-container\">\n\t\t\t\t\t\t\t\t\t<div class=\"elementor-button-wrapper\">\n\t\t\t\t\t<a class=\"elementor-button elementor-button-link elementor-size-sm\" href=\"https:\/\/aevolvi.com\/de\/blog\/\">\n\t\t\t\t\t\t<span class=\"elementor-button-content-wrapper\">\n\t\t\t\t\t\t\t\t\t<span class=\"elementor-button-text\">Entdecken Sie meinen Blog<\/span>\n\t\t\t\t\t<\/span>\n\t\t\t\t\t<\/a>\n\t\t\t\t<\/div>\n\t\t\t\t\t\t\t\t<\/div>\n\t\t\t\t<\/div>\n\t\t\t\t<\/div>\n\t\t<div class=\"elementor-element elementor-element-5c421bc6 e-con-full e-flex e-con e-child\" data-id=\"5c421bc6\" data-element_type=\"container\" data-e-type=\"container\">\n\t\t<div class=\"elementor-element elementor-element-b229dc0 e-con-full e-flex e-con e-child\" data-id=\"b229dc0\" data-element_type=\"container\" data-e-type=\"container\">\n\t\t\t\t<div class=\"elementor-element elementor-element-21b2d4a elementor-widget elementor-widget-elementskit-accordion\" data-id=\"21b2d4a\" data-element_type=\"widget\" data-e-type=\"widget\" data-widget_type=\"elementskit-accordion.default\">\n\t\t\t\t<div class=\"elementor-widget-container\">\n\t\t\t\t\t<div class=\"ekit-wid-con\" >\n        <div class=\"elementskit-accordion accoedion-primary\" id=\"accordion-69f1367333d22\">\n\n            \n                <div class=\"elementskit-card active\">\n                    <div class=\"elementskit-card-header\" id=\"primaryHeading-0-21b2d4a\">\n                        <a href=\"#collapse-0ae52ab69f1367333d22\" class=\"ekit-accordion--toggler elementskit-btn-link collapsed\" data-ekit-toggle=\"collapse\" data-target=\"#Collapse-0ae52ab69f1367333d22\" aria-expanded=\"true\" aria-controls=\"Collapse-0ae52ab69f1367333d22\">\n                            \n                            <span class=\"ekit-accordion-title\">Mein Auftrag<\/span>\n\n                            \n                                <div class=\"ekit_accordion_icon_group\">\n                                    <div class=\"ekit_accordion_normal_icon\">\n                                        <!-- Normal Icon -->\n\t\t\t\t\t\t\t\t\t\t<i class=\"icon icon-down-arrow1\"><\/i>                                    <\/div>\n\n                                    <div class=\"ekit_accordion_active_icon\">\n                                        <!-- Active Icon -->\n\t\t\t\t\t\t\t\t\t\t<i class=\"icon icon-up-arrow\"><\/i>                                    <\/div>\n                                <\/div>\n\n                            \n                                                    <\/a>\n                    <\/div>\n\n                    <div id=\"Collapse-0ae52ab69f1367333d22\" class=\" show collapse\" aria-labelledby=\"primaryHeading-0-21b2d4a\" data-parent=\"#accordion-69f1367333d22\">\n\n                        <div class=\"elementskit-card-body ekit-accordion--content\">\n                            <p>Meine Mission ist einfach: Ihnen dabei zu helfen, ein neues Gleichgewicht f\u00fcr Ihr wahres Streben nach Gl\u00fcck im Leben zu finden.<br \/>\nIch bin der festen \u00dcberzeugung, dass Wohlbefinden nicht auf finanziellen Erfolg oder ein \u00e4u\u00dferlich perfektes Leben beschr\u00e4nkt ist.<br \/>\nWahres Gl\u00fcck entsteht durch eine authentische Verbindung zu sich selbst und ein Gleichgewicht in sechs Kernbereichen.  <\/p>\n                        <\/div>\n\n                    <\/div>\n\n                <\/div><!-- .elementskit-card END -->\n\n                \n                <div class=\"elementskit-card \">\n                    <div class=\"elementskit-card-header\" id=\"primaryHeading-1-21b2d4a\">\n                        <a href=\"#collapse-53fb98069f1367333d22\" class=\"ekit-accordion--toggler elementskit-btn-link collapsed\" data-ekit-toggle=\"collapse\" data-target=\"#Collapse-53fb98069f1367333d22\" aria-expanded=\"false\" aria-controls=\"Collapse-53fb98069f1367333d22\">\n                            \n                            <span class=\"ekit-accordion-title\">An wen ich mich wende<\/span>\n\n                            \n                                <div class=\"ekit_accordion_icon_group\">\n                                    <div class=\"ekit_accordion_normal_icon\">\n                                        <!-- Normal Icon -->\n\t\t\t\t\t\t\t\t\t\t<i class=\"icon icon-down-arrow1\"><\/i>                                    <\/div>\n\n                                    <div class=\"ekit_accordion_active_icon\">\n                                        <!-- Active Icon -->\n\t\t\t\t\t\t\t\t\t\t<i class=\"icon icon-up-arrow\"><\/i>                                    <\/div>\n                                <\/div>\n\n                            \n                                                    <\/a>\n                    <\/div>\n\n                    <div id=\"Collapse-53fb98069f1367333d22\" class=\" collapse\" aria-labelledby=\"primaryHeading-1-21b2d4a\" data-parent=\"#accordion-69f1367333d22\">\n\n                        <div class=\"elementskit-card-body ekit-accordion--content\">\n                            <p>Ich helfe Menschen wie Ihnen, dieses neue innere Gleichgewicht zu finden, in sich hineinzuh\u00f6ren und sich zu entscheiden, eine Reise zur Liebe zu beginnen. Diese Reise beginnt in der Regel damit, dass wir zuerst uns selbst lieben und lernen, auch die Teile von uns zu lieben, die wir oft nicht sehen wollen oder die wir aus Angst davor, nicht so akzeptiert zu werden, wie wir wirklich sind, verstecken. Wenn wir entdecken, dass wir f\u00fcr ein erf\u00fclltes Leben keinen Zauberstab brauchen, sondern uns einfach dazu entschlie\u00dfen, den kleinen zus\u00e4tzlichen Schritt auf Sie zuzugehen, mit Liebe. Wenn Sie sich jemals festgefahren gef\u00fchlt haben, \u00fcberw\u00e4ltigt waren oder einfach mehr von Ihrem Leben wollen, wird mein Weg Sie zu einer neuen, tiefen und authentischen Transformation f\u00fchren. Mit Hilfe von Achtsamkeitstechniken, ganzheitlichen Therapien und Werkzeugen f\u00fcr pers\u00f6nliches Wachstum k\u00f6nnen wir gemeinsam die Herausforderungen \u00fcberwinden, die Sie zur\u00fcckhalten.    <\/p>\n                        <\/div>\n\n                    <\/div>\n\n                <\/div><!-- .elementskit-card END -->\n\n                \n                <div class=\"elementskit-card \">\n                    <div class=\"elementskit-card-header\" id=\"primaryHeading-2-21b2d4a\">\n                        <a href=\"#collapse-4e2fdc269f1367333d22\" class=\"ekit-accordion--toggler elementskit-btn-link collapsed\" data-ekit-toggle=\"collapse\" data-target=\"#Collapse-4e2fdc269f1367333d22\" aria-expanded=\"false\" aria-controls=\"Collapse-4e2fdc269f1367333d22\">\n                            \n                            <span class=\"ekit-accordion-title\">Kuriosit\u00e4ten<\/span>\n\n                            \n                                <div class=\"ekit_accordion_icon_group\">\n                                    <div class=\"ekit_accordion_normal_icon\">\n                                        <!-- Normal Icon -->\n\t\t\t\t\t\t\t\t\t\t<i class=\"icon icon-down-arrow1\"><\/i>                                    <\/div>\n\n                                    <div class=\"ekit_accordion_active_icon\">\n                                        <!-- Active Icon -->\n\t\t\t\t\t\t\t\t\t\t<i class=\"icon icon-up-arrow\"><\/i>                                    <\/div>\n                                <\/div>\n\n                            \n                                                    <\/a>\n                    <\/div>\n\n                    <div id=\"Collapse-4e2fdc269f1367333d22\" class=\" collapse\" aria-labelledby=\"primaryHeading-2-21b2d4a\" data-parent=\"#accordion-69f1367333d22\">\n\n                        <div class=\"elementskit-card-body ekit-accordion--content\">\n                            <p>Ich bin in verschiedene L\u00e4nder auf der ganzen Welt gereist und habe an Gipfeltreffen, Workshops, Veranstaltungen und Kursen teilgenommen, die sich mit pers\u00f6nlichem Wachstum, Achtsamkeit und Bewusstsein besch\u00e4ftigen. Dadurch konnte ich verschiedene Ans\u00e4tze erforschen und das Beste aus jeder Erfahrung herausdestillieren, w\u00e4hrend ich meine Weltsicht kontinuierlich bereicherte. Jede neue Erfahrung hat dazu beigetragen, die Methode zu formen, die ich heute mit Ihnen teile. Mein Weg hei\u00dft 'Das Geheimnis der sechs S\u00e4ulen' und ich freue mich sehr, diesen Beitrag mit Ihnen teilen zu k\u00f6nnen.   <\/p>\n                        <\/div>\n\n                    <\/div>\n\n                <\/div><!-- .elementskit-card END -->\n\n                                        <\/div>\n    <\/div>\t\t\t\t<\/div>\n\t\t\t\t<\/div>\n\t\t\t\t<\/div>\n\t\t\t\t<\/div>\n\t\t\t\t\t<\/div>\n\t\t\t\t<\/div>\n\t\t<div class=\"elementor-element elementor-element-7bde0ec5 e-con-full e-flex e-con e-parent\" data-id=\"7bde0ec5\" data-element_type=\"container\" data-e-type=\"container\" data-settings=\"{&quot;background_background&quot;:&quot;classic&quot;}\">\n\t\t<div class=\"elementor-element elementor-element-1a3a1d71 e-con-full e-flex e-con e-child\" data-id=\"1a3a1d71\" data-element_type=\"container\" data-e-type=\"container\" data-settings=\"{&quot;background_background&quot;:&quot;gradient&quot;}\">\n\t\t\t\t<div class=\"elementor-element elementor-element-553c9fb0 elementor-widget__width-initial elementor-widget-tablet__width-initial elementor-widget elementor-widget-heading\" data-id=\"553c9fb0\" data-element_type=\"widget\" data-e-type=\"widget\" data-widget_type=\"heading.default\">\n\t\t\t\t<div class=\"elementor-widget-container\">\n\t\t\t\t\t<h2 class=\"elementor-heading-title elementor-size-default\">Ver\u00e4ndern Sie Ihr Leben<\/h2>\t\t\t\t<\/div>\n\t\t\t\t<\/div>\n\t\t\t\t<div class=\"elementor-element elementor-element-5ba26957 elementor-widget__width-initial elementor-widget-tablet__width-initial elementor-widget elementor-widget-text-editor\" data-id=\"5ba26957\" data-element_type=\"widget\" data-e-type=\"widget\" data-widget_type=\"text-editor.default\">\n\t\t\t\t<div class=\"elementor-widget-container\">\n\t\t\t\t\t\t\t\t\t<p>Wenn Sie diese Zeilen lesen, dann deshalb, weil Sie sp\u00fcren, dass es an der Zeit ist, Ihr Leben zu ver\u00e4ndern und Ihr wahres Potenzial zu entfalten. Ich lade Sie ein, mich auf dieser Reise zu begleiten.<br \/>\nBeginnen Sie Ihre pers\u00f6nliche Entwicklungsreise mit \u00c6volvi noch heute.<br \/>\nMelden Sie sich jetzt an und machen Sie sich bereit, die beste Version von Ihnen zu entdecken!  <\/p>\n\t\t\t\t\t\t\t\t<\/div>\n\t\t\t\t<\/div>\n\t\t\t\t<div class=\"elementor-element elementor-element-40571a8f elementor-align-center elementor-widget elementor-widget-button\" data-id=\"40571a8f\" data-element_type=\"widget\" data-e-type=\"widget\" data-widget_type=\"button.default\">\n\t\t\t\t<div class=\"elementor-widget-container\">\n\t\t\t\t\t\t\t\t\t<div class=\"elementor-button-wrapper\">\n\t\t\t\t\t<a class=\"elementor-button elementor-button-link elementor-size-sm\" href=\"https:\/\/aevolvi.com\/de\/kontakt\/\">\n\t\t\t\t\t\t<span class=\"elementor-button-content-wrapper\">\n\t\t\t\t\t\t\t\t\t<span class=\"elementor-button-text\">Kontaktiere mich<\/span>\n\t\t\t\t\t<\/span>\n\t\t\t\t\t<\/a>\n\t\t\t\t<\/div>\n\t\t\t\t\t\t\t\t<\/div>\n\t\t\t\t<\/div>\n\t\t\t\t<\/div>\n\t\t\t\t<\/div>\n\t\t<div class=\"elementor-element elementor-element-2c2ad0a7 e-flex e-con-boxed e-con e-parent\" data-id=\"2c2ad0a7\" data-element_type=\"container\" data-e-type=\"container\" data-settings=\"{&quot;background_background&quot;:&quot;classic&quot;}\">\n\t\t\t\t\t<div class=\"e-con-inner\">\n\t\t<div class=\"elementor-element elementor-element-4b4ca7c4 e-flex e-con-boxed e-con e-child\" data-id=\"4b4ca7c4\" data-element_type=\"container\" data-e-type=\"container\" data-settings=\"{&quot;background_background&quot;:&quot;classic&quot;}\">\n\t\t\t\t\t<div class=\"e-con-inner\">\n\t\t<div class=\"elementor-element elementor-element-519c8e e-con-full e-flex e-con e-child\" data-id=\"519c8e\" data-element_type=\"container\" data-e-type=\"container\">\n\t\t\t\t<div class=\"elementor-element elementor-element-40bfaeb8 elementor-widget elementor-widget-heading\" data-id=\"40bfaeb8\" data-element_type=\"widget\" data-e-type=\"widget\" data-widget_type=\"heading.default\">\n\t\t\t\t<div class=\"elementor-widget-container\">\n\t\t\t\t\t<span class=\"elementor-heading-title elementor-size-default\">DIE REISE, DIE SIE IN DIE FREIHEIT F\u00dcHRT<\/span>\t\t\t\t<\/div>\n\t\t\t\t<\/div>\n\t\t\t\t<div class=\"elementor-element elementor-element-b360edd elementor-widget elementor-widget-text-editor\" data-id=\"b360edd\" data-element_type=\"widget\" data-e-type=\"widget\" data-widget_type=\"text-editor.default\">\n\t\t\t\t<div class=\"elementor-widget-container\">\n\t\t\t\t\t\t\t\t\t<p>Ihre Reise zu innerer Freiheit und Ausgeglichenheit beginnt heute. Sie ist kein ferner Traum oder eine Realit\u00e4t f\u00fcr die wenigen Gl\u00fccklichen: Sie ist zum Greifen nah, wenn Sie den kleinen Schritt des Vertrauens und der Liebe tun. Ich bin hier, um Sie zu begleiten und Ihnen dabei zu helfen, diese neue, tiefe, innere Verbindung zu sich selbst herzustellen, die es Ihnen erm\u00f6glicht, ein authentisches und erf\u00fclltes Leben zu f\u00fchren. Und Ihnen zu zeigen, dass es m\u00f6glich ist, das Leben zu leben, das Sie sich w\u00fcnschen. Lassen Sie sich nicht von \u00c4ngsten und Zweifeln zur\u00fcckhalten.      <\/p>\n<p>&#8222;Die Kraft des Windes z\u00e4hlt nicht, wenn Sie sich nicht entschieden haben, wohin Sie gehen wollen. Entscheiden ist die Kunst, die Kontrolle \u00fcber die Reise zu \u00fcbernehmen.&#8220;<\/p>\n\t\t\t\t\t\t\t\t<\/div>\n\t\t\t\t<\/div>\n\t\t\t\t<\/div>\n\t\t\t\t\t<\/div>\n\t\t\t\t<\/div>\n\t\t\t\t\t<\/div>\n\t\t\t\t<\/div>\n\t\t\t\t<\/div>\n\t\t","protected":false},"excerpt":{"rendered":"<p>Pers\u00f6nlich wachsen WER ICH BIN Mein Name ist Katherine, ich bin 32 Jahre alt und komme aus S\u00fcdamerika (Ecuador), obwohl ich heute in der Schweiz lebe. Mein Leben war eine au\u00dfergew\u00f6hnliche Reise, voller Herausforderungen und Entdeckungen. Ich bin mit verschiedenen Hindernissen konfrontiert worden, die mich zeitweise auf die Probe gestellt haben und mich nach einem [&hellip;]<\/p>\n","protected":false},"author":2,"featured_media":0,"parent":0,"menu_order":0,"comment_status":"closed","ping_status":"closed","template":"elementor_header_footer","meta":{"_seopress_robots_primary_cat":"","_seopress_titles_title":"%%post_title%% %%sep%% %%sitetitle%%","_seopress_titles_desc":"Meine Mission ist einfach: Ihnen dabei zu helfen, ein neues Gleichgewicht f\u00fcr Ihr wahres Gl\u00fcck im Leben zu finden.","_seopress_robots_index":"","footnotes":""},"class_list":["post-761","page","type-page","status-publish","hentry"],"_links":{"self":[{"href":"https:\/\/aevolvi.com\/de\/wp-json\/wp\/v2\/pages\/761","targetHints":{"allow":["GET"]}}],"collection":[{"href":"https:\/\/aevolvi.com\/de\/wp-json\/wp\/v2\/pages"}],"about":[{"href":"https:\/\/aevolvi.com\/de\/wp-json\/wp\/v2\/types\/page"}],"author":[{"embeddable":true,"href":"https:\/\/aevolvi.com\/de\/wp-json\/wp\/v2\/users\/2"}],"replies":[{"embeddable":true,"href":"https:\/\/aevolvi.com\/de\/wp-json\/wp\/v2\/comments?post=761"}],"version-history":[{"count":0,"href":"https:\/\/aevolvi.com\/de\/wp-json\/wp\/v2\/pages\/761\/revisions"}],"wp:attachment":[{"href":"https:\/\/aevolvi.com\/de\/wp-json\/wp\/v2\/media?parent=761"}],"curies":[{"name":"wp","href":"https:\/\/api.w.org\/{rel}","templated":true}]}}