{"id":955,"date":"2024-09-21T14:21:26","date_gmt":"2024-09-21T12:21:26","guid":{"rendered":"https:\/\/aevolvi.com\/datenschutz-bestimmungen\/"},"modified":"2024-09-23T08:33:20","modified_gmt":"2024-09-23T06:33:20","slug":"datenschutz-bestimmungen","status":"publish","type":"page","link":"https:\/\/aevolvi.com\/de\/datenschutz-bestimmungen\/","title":{"rendered":"Datenschutz-Bestimmungen"},"content":{"rendered":"\t\t<div data-elementor-type=\"wp-page\" data-elementor-id=\"955\" class=\"elementor elementor-955 elementor-951\" data-elementor-post-type=\"page\">\n\t\t\t\t<div class=\"elementor-element elementor-element-548dc170 e-flex e-con-boxed e-con e-parent\" data-id=\"548dc170\" data-element_type=\"container\" data-e-type=\"container\">\n\t\t\t\t\t<div class=\"e-con-inner\">\n\t\t\t\t<div class=\"elementor-element elementor-element-7c548fca elementor-widget elementor-widget-text-editor\" data-id=\"7c548fca\" data-element_type=\"widget\" data-e-type=\"widget\" data-widget_type=\"text-editor.default\">\n\t\t\t\t<div class=\"elementor-widget-container\">\n\t\t\t\t\t\t\t\t\t\n<p><br><br><br>A<strong>EVOLVI von Katherine Recalde<\/strong> Via Monte Verit\u00e0 12, 6612 Ascona<a>info@aevolvi.com<\/a> +41 76 765 54 07<\/p>\n\n\n\n<p>Zuletzt aktualisiert: 20.09.2024<\/p>\n\n\n\n<p><strong>1. Einf\u00fchrung<\/strong><\/p>\n\n\n\n<p>Ihre Privatsph\u00e4re ist uns wichtig.\nIn dieser Datenschutzrichtlinie erl\u00e4utern wir, wie wir Ihre pers\u00f6nlichen Daten erfassen, verwenden und sch\u00fctzen, wenn Sie unsere Website besuchen <strong><a href=\"\">www.aevolvi.com<\/a><\/strong> (im Folgenden als &#8222;Website&#8220; bezeichnet).\nDieser Hinweis steht im Einklang mit der <strong>Allgemeinen Datenschutzverordnung (GDPR)<\/strong> und der Schweizer Datenschutzgesetzgebung.  <\/p>\n\n\n\n<p><strong>2. Daten, die wir sammeln<\/strong><\/p>\n\n\n\n<p>Wenn Sie unsere Website nutzen, k\u00f6nnen wir die folgenden personenbezogenen Daten erfassen:<\/p>\n\n\n\n<ul class=\"wp-block-list\">\n<li><strong>Kontaktinformationen<\/strong>: Name, E-Mail-Adresse, Telefonnummer.<\/li>\n\n\n\n<li><strong>Browsing-Daten<\/strong>: IP-Adresse, Browser-Typ, besuchte Seiten, Dauer des Besuchs.<\/li>\n\n\n\n<li><strong>Freiwillig zur Verf\u00fcgung gestellte Daten<\/strong>: Informationen, die Sie uns durch Ausf\u00fcllen von Formularen auf unserer Website oder durch direkte Kommunikation zur Verf\u00fcgung stellen.<\/li>\n<\/ul>\n\n\n\n<p><strong>3. Verwendung von pers\u00f6nlichen Daten<\/strong><\/p>\n\n\n\n<p>Wir verwenden Ihre personenbezogenen Daten f\u00fcr die folgenden Zwecke:<\/p>\n\n\n\n<ul class=\"wp-block-list\">\n<li>Erbringung der angeforderten Dienstleistungen, wie z.B. die Beantwortung Ihrer Fragen oder Anmeldungen.<\/li>\n\n\n\n<li>Verbessern Sie unsere Website und passen Sie Ihr Erlebnis an.<\/li>\n\n\n\n<li>Versenden von Marketingmitteilungen, wenn Sie uns Ihre Zustimmung gegeben haben.<\/li>\n\n\n\n<li>Erf\u00fcllen Sie die gesetzlichen Verpflichtungen.<\/li>\n<\/ul>\n\n\n\n<p><strong>4. Weitergabe von Daten an Dritte<\/strong><\/p>\n\n\n\n<p>Wir geben Ihre pers\u00f6nlichen Daten nicht an Dritte weiter, au\u00dfer in den folgenden F\u00e4llen:<\/p>\n\n\n\n<ul class=\"wp-block-list\">\n<li>Wenn dies notwendig ist, um die angeforderten Dienstleistungen zu erbringen (z.B. technische Dienstleister).<\/li>\n\n\n\n<li>Wenn wir gesetzlich dazu verpflichtet sind.<\/li>\n<\/ul>\n\n\n\n<p><strong>5. Datensicherheit<\/strong><\/p>\n\n\n\n<p>Wir sch\u00fctzen Ihre pers\u00f6nlichen Daten durch angemessene Sicherheitsma\u00dfnahmen, um unbefugten Zugriff, Verlust oder Offenlegung zu verhindern.<\/p>\n\n\n\n<p><strong>6. Benutzerrechte<\/strong><\/p>\n\n\n\n<p>Sie haben das Recht dazu:<\/p>\n\n\n\n<ul class=\"wp-block-list\">\n<li>Zugang zu Ihren pers\u00f6nlichen Daten beantragen.<\/li>\n\n\n\n<li>Korrektur oder L\u00f6schung Ihrer Daten beantragen.<\/li>\n\n\n\n<li>Einspruch gegen die Verarbeitung Ihrer pers\u00f6nlichen Daten erheben.<\/li>\n<\/ul>\n\n\n\n<p>Um diese Rechte auszu\u00fcben, k\u00f6nnen Sie uns kontaktieren unter <strong><a>info@aevolvi.com<\/a><\/strong>.<\/p>\n\n\n\n<p><strong>7. \u00c4nderungen der Datenschutzbestimmungen<\/strong><\/p>\n\n\n\n<p>Wir behalten uns das Recht vor, diese Datenschutzrichtlinie jederzeit zu \u00e4ndern.\nWir werden Sie \u00fcber alle \u00c4nderungen informieren, indem wir die aktualisierte Richtlinie auf unserer Website ver\u00f6ffentlichen. <\/p>\n\t\t\t\t\t\t\t\t<\/div>\n\t\t\t\t<\/div>\n\t\t\t\t\t<\/div>\n\t\t\t\t<\/div>\n\t\t\t\t<\/div>\n\t\t","protected":false},"excerpt":{"rendered":"<p>AEVOLVI von Katherine Recalde Via Monte Verit\u00e0 12, 6612 Asconainfo@aevolvi.com +41 76 765 54 07 Zuletzt aktualisiert: 20.09.2024 1. Einf\u00fchrung Ihre Privatsph\u00e4re ist uns wichtig. In dieser Datenschutzrichtlinie erl\u00e4utern wir, wie wir Ihre pers\u00f6nlichen Daten erfassen, verwenden und sch\u00fctzen, wenn Sie unsere Website besuchen www.aevolvi.com (im Folgenden als &#8222;Website&#8220; bezeichnet). Dieser Hinweis steht im Einklang [&hellip;]<\/p>\n","protected":false},"author":2,"featured_media":0,"parent":0,"menu_order":0,"comment_status":"closed","ping_status":"closed","template":"","meta":{"_seopress_robots_primary_cat":"","_seopress_titles_title":"","_seopress_titles_desc":"","_seopress_robots_index":"","footnotes":""},"class_list":["post-955","page","type-page","status-publish","hentry"],"_links":{"self":[{"href":"https:\/\/aevolvi.com\/de\/wp-json\/wp\/v2\/pages\/955","targetHints":{"allow":["GET"]}}],"collection":[{"href":"https:\/\/aevolvi.com\/de\/wp-json\/wp\/v2\/pages"}],"about":[{"href":"https:\/\/aevolvi.com\/de\/wp-json\/wp\/v2\/types\/page"}],"author":[{"embeddable":true,"href":"https:\/\/aevolvi.com\/de\/wp-json\/wp\/v2\/users\/2"}],"replies":[{"embeddable":true,"href":"https:\/\/aevolvi.com\/de\/wp-json\/wp\/v2\/comments?post=955"}],"version-history":[{"count":0,"href":"https:\/\/aevolvi.com\/de\/wp-json\/wp\/v2\/pages\/955\/revisions"}],"wp:attachment":[{"href":"https:\/\/aevolvi.com\/de\/wp-json\/wp\/v2\/media?parent=955"}],"curies":[{"name":"wp","href":"https:\/\/api.w.org\/{rel}","templated":true}]}}