{"id":749,"date":"2024-09-17T09:52:44","date_gmt":"2024-09-17T07:52:44","guid":{"rendered":"https:\/\/aevolvi.com\/quienes-son\/"},"modified":"2024-10-22T23:06:53","modified_gmt":"2024-10-22T21:06:53","slug":"quienes-son","status":"publish","type":"page","link":"https:\/\/aevolvi.com\/es\/quienes-son\/","title":{"rendered":"Qui\u00e9nes son"},"content":{"rendered":"\t\t<div data-elementor-type=\"wp-page\" data-elementor-id=\"749\" class=\"elementor elementor-749 elementor-177\" data-elementor-post-type=\"page\">\n\t\t\t\t<div class=\"elementor-element elementor-element-c13481f e-flex e-con-boxed e-con e-parent\" data-id=\"c13481f\" data-element_type=\"container\" data-e-type=\"container\" data-settings=\"{&quot;background_background&quot;:&quot;classic&quot;}\">\n\t\t\t\t\t<div class=\"e-con-inner\">\n\t\t<div class=\"elementor-element elementor-element-504b089f e-flex e-con-boxed e-con e-child\" data-id=\"504b089f\" data-element_type=\"container\" data-e-type=\"container\">\n\t\t\t\t\t<div class=\"e-con-inner\">\n\t\t\t\t\t<\/div>\n\t\t\t\t<\/div>\n\t\t\t\t\t<\/div>\n\t\t\t\t<\/div>\n\t\t<div class=\"elementor-element elementor-element-2051a395 e-flex e-con-boxed e-con e-parent\" data-id=\"2051a395\" data-element_type=\"container\" data-e-type=\"container\">\n\t\t\t\t\t<div class=\"e-con-inner\">\n\t\t<div class=\"elementor-element elementor-element-68deebd2 e-con-full e-flex e-con e-child\" data-id=\"68deebd2\" data-element_type=\"container\" data-e-type=\"container\">\n\t\t\t\t<div class=\"elementor-element elementor-element-81e8a2c elementor-widget elementor-widget-image\" data-id=\"81e8a2c\" data-element_type=\"widget\" data-e-type=\"widget\" data-widget_type=\"image.default\">\n\t\t\t\t<div class=\"elementor-widget-container\">\n\t\t\t\t\t\t\t\t\t\t\t\t\t\t\t<img fetchpriority=\"high\" decoding=\"async\" width=\"800\" height=\"585\" src=\"https:\/\/aevolvi.com\/wp-content\/uploads\/sites\/64\/2024\/10\/kathe-246-1024x749.jpg\" class=\"attachment-large size-large wp-image-1360\" alt=\"\" srcset=\"https:\/\/aevolvi.com\/wp-content\/uploads\/sites\/64\/2024\/10\/kathe-246-1024x749.jpg 1024w, https:\/\/aevolvi.com\/wp-content\/uploads\/sites\/64\/2024\/10\/kathe-246-300x219.jpg 300w, https:\/\/aevolvi.com\/wp-content\/uploads\/sites\/64\/2024\/10\/kathe-246-768x562.jpg 768w, https:\/\/aevolvi.com\/wp-content\/uploads\/sites\/64\/2024\/10\/kathe-246.jpg 1170w\" sizes=\"(max-width: 800px) 100vw, 800px\" \/>\t\t\t\t\t\t\t\t\t\t\t\t\t\t\t<\/div>\n\t\t\t\t<\/div>\n\t\t\t\t<\/div>\n\t\t<div class=\"elementor-element elementor-element-1c72430a e-con-full e-flex e-con e-child\" data-id=\"1c72430a\" data-element_type=\"container\" data-e-type=\"container\">\n\t\t\t\t<div class=\"elementor-element elementor-element-68a394c3 elementor-widget elementor-widget-heading\" data-id=\"68a394c3\" data-element_type=\"widget\" data-e-type=\"widget\" data-widget_type=\"heading.default\">\n\t\t\t\t<div class=\"elementor-widget-container\">\n\t\t\t\t\t<span class=\"elementor-heading-title elementor-size-default\">Crecer personalmente<\/span>\t\t\t\t<\/div>\n\t\t\t\t<\/div>\n\t\t\t\t<div class=\"elementor-element elementor-element-57a46bb elementor-widget elementor-widget-elementskit-heading\" data-id=\"57a46bb\" data-element_type=\"widget\" data-e-type=\"widget\" data-widget_type=\"elementskit-heading.default\">\n\t\t\t\t<div class=\"elementor-widget-container\">\n\t\t\t\t\t<div class=\"ekit-wid-con\" ><div class=\"ekit-heading elementskit-section-title-wraper text_left   ekit_heading_tablet-   ekit_heading_mobile-\"><h3 class=\"ekit-heading--title elementskit-section-title text_fill\">QUI\u00c9N SOY<\/h3><\/div><\/div>\t\t\t\t<\/div>\n\t\t\t\t<\/div>\n\t\t\t\t<div class=\"elementor-element elementor-element-7f4c5cc7 elementor-widget elementor-widget-text-editor\" data-id=\"7f4c5cc7\" data-element_type=\"widget\" data-e-type=\"widget\" data-widget_type=\"text-editor.default\">\n\t\t\t\t<div class=\"elementor-widget-container\">\n\t\t\t\t\t\t\t\t\t<p>Me llamo Katherine, tengo 32 a\u00f1os y soy de Sudam\u00e9rica (Ecuador), aunque hoy vivo en Suiza.<br \/>\nMi vida ha sido un viaje extraordinario, lleno de retos y descubrimientos.<br \/>\nMe he enfrentado a diversos obst\u00e1culos que me han puesto a prueba en algunos momentos y que tras un salto de valent\u00eda me empujaron a mirar en mi interior, superando el miedo a no ser capaz de tomar mi vida en mis manos y mirando con compasi\u00f3n y perd\u00f3n aquellas falsas creencias y barreras emocionales que hab\u00eda estado cargando durante tanto tiempo.<br \/>\nHa sido un viaje que contin\u00faa hasta hoy, un viaje hacia la curaci\u00f3n y el amor a m\u00ed misma.   <\/p>\n<p><strong>\u00a1Con m\u00e1s conciencia y libertad!<\/strong><\/p>\n<p>Mi experiencia me ha ense\u00f1ado que la verdadera transformaci\u00f3n no s\u00f3lo ocurre en el exterior, sino que empieza desde dentro.<br \/>\nMis heridas y momentos de dolor se han convertido en una fuerza que me impulsa a ayudar a otras personas a descubrir su potencial oculto y liberarlo.<br \/>\nHoy estoy aqu\u00ed para compartir contigo mis descubrimientos y mis herramientas de crecimiento personal.  <\/p>\n\t\t\t\t\t\t\t\t<\/div>\n\t\t\t\t<\/div>\n\t\t\t\t<div class=\"elementor-element elementor-element-63daf9f5 elementor-widget-divider--view-line elementor-widget elementor-widget-divider\" data-id=\"63daf9f5\" data-element_type=\"widget\" data-e-type=\"widget\" data-widget_type=\"divider.default\">\n\t\t\t\t<div class=\"elementor-widget-container\">\n\t\t\t\t\t\t\t<div class=\"elementor-divider\">\n\t\t\t<span class=\"elementor-divider-separator\">\n\t\t\t\t\t\t<\/span>\n\t\t<\/div>\n\t\t\t\t\t\t<\/div>\n\t\t\t\t<\/div>\n\t\t\t\t<div class=\"elementor-element elementor-element-367ba158 elementor-mobile-align-center elementor-widget elementor-widget-button\" data-id=\"367ba158\" data-element_type=\"widget\" data-e-type=\"widget\" data-widget_type=\"button.default\">\n\t\t\t\t<div class=\"elementor-widget-container\">\n\t\t\t\t\t\t\t\t\t<div class=\"elementor-button-wrapper\">\n\t\t\t\t\t<a class=\"elementor-button elementor-button-link elementor-size-sm\" href=\"https:\/\/aevolvi.com\/es\/blog\/\">\n\t\t\t\t\t\t<span class=\"elementor-button-content-wrapper\">\n\t\t\t\t\t\t\t\t\t<span class=\"elementor-button-text\">Descubre mi blog<\/span>\n\t\t\t\t\t<\/span>\n\t\t\t\t\t<\/a>\n\t\t\t\t<\/div>\n\t\t\t\t\t\t\t\t<\/div>\n\t\t\t\t<\/div>\n\t\t\t\t<\/div>\n\t\t<div class=\"elementor-element elementor-element-5c421bc6 e-con-full e-flex e-con e-child\" data-id=\"5c421bc6\" data-element_type=\"container\" data-e-type=\"container\">\n\t\t<div class=\"elementor-element elementor-element-b229dc0 e-con-full e-flex e-con e-child\" data-id=\"b229dc0\" data-element_type=\"container\" data-e-type=\"container\">\n\t\t\t\t<div class=\"elementor-element elementor-element-21b2d4a elementor-widget elementor-widget-elementskit-accordion\" data-id=\"21b2d4a\" data-element_type=\"widget\" data-e-type=\"widget\" data-widget_type=\"elementskit-accordion.default\">\n\t\t\t\t<div class=\"elementor-widget-container\">\n\t\t\t\t\t<div class=\"ekit-wid-con\" >\n        <div class=\"elementskit-accordion accoedion-primary\" id=\"accordion-69fa8a93bb8c7\">\n\n            \n                <div class=\"elementskit-card active\">\n                    <div class=\"elementskit-card-header\" id=\"primaryHeading-0-21b2d4a\">\n                        <a href=\"#collapse-0ae52ab69fa8a93bb8c7\" class=\"ekit-accordion--toggler elementskit-btn-link collapsed\" data-ekit-toggle=\"collapse\" data-target=\"#Collapse-0ae52ab69fa8a93bb8c7\" aria-expanded=\"true\" aria-controls=\"Collapse-0ae52ab69fa8a93bb8c7\">\n                            \n                            <span class=\"ekit-accordion-title\">Mi misi\u00f3n<\/span>\n\n                            \n                                <div class=\"ekit_accordion_icon_group\">\n                                    <div class=\"ekit_accordion_normal_icon\">\n                                        <!-- Normal Icon -->\n\t\t\t\t\t\t\t\t\t\t<i class=\"icon icon-down-arrow1\"><\/i>                                    <\/div>\n\n                                    <div class=\"ekit_accordion_active_icon\">\n                                        <!-- Active Icon -->\n\t\t\t\t\t\t\t\t\t\t<i class=\"icon icon-up-arrow\"><\/i>                                    <\/div>\n                                <\/div>\n\n                            \n                                                    <\/a>\n                    <\/div>\n\n                    <div id=\"Collapse-0ae52ab69fa8a93bb8c7\" class=\" show collapse\" aria-labelledby=\"primaryHeading-0-21b2d4a\" data-parent=\"#accordion-69fa8a93bb8c7\">\n\n                        <div class=\"elementskit-card-body ekit-accordion--content\">\n                            <p>Mi misi\u00f3n es sencilla: ayudarte a encontrar un nuevo equilibrio hacia tu verdadera b\u00fasqueda de la felicidad en la vida.<br \/>\nCreo firmemente que el bienestar no se limita al \u00e9xito econ\u00f3mico o a tener una vida perfecta por fuera.<br \/>\nLa verdadera felicidad proviene de una conexi\u00f3n aut\u00e9ntica contigo mismo y del equilibrio en seis \u00e1reas fundamentales.  <\/p>\n                        <\/div>\n\n                    <\/div>\n\n                <\/div><!-- .elementskit-card END -->\n\n                \n                <div class=\"elementskit-card \">\n                    <div class=\"elementskit-card-header\" id=\"primaryHeading-1-21b2d4a\">\n                        <a href=\"#collapse-53fb98069fa8a93bb8c7\" class=\"ekit-accordion--toggler elementskit-btn-link collapsed\" data-ekit-toggle=\"collapse\" data-target=\"#Collapse-53fb98069fa8a93bb8c7\" aria-expanded=\"false\" aria-controls=\"Collapse-53fb98069fa8a93bb8c7\">\n                            \n                            <span class=\"ekit-accordion-title\">A quien me dirijo<\/span>\n\n                            \n                                <div class=\"ekit_accordion_icon_group\">\n                                    <div class=\"ekit_accordion_normal_icon\">\n                                        <!-- Normal Icon -->\n\t\t\t\t\t\t\t\t\t\t<i class=\"icon icon-down-arrow1\"><\/i>                                    <\/div>\n\n                                    <div class=\"ekit_accordion_active_icon\">\n                                        <!-- Active Icon -->\n\t\t\t\t\t\t\t\t\t\t<i class=\"icon icon-up-arrow\"><\/i>                                    <\/div>\n                                <\/div>\n\n                            \n                                                    <\/a>\n                    <\/div>\n\n                    <div id=\"Collapse-53fb98069fa8a93bb8c7\" class=\" collapse\" aria-labelledby=\"primaryHeading-1-21b2d4a\" data-parent=\"#accordion-69fa8a93bb8c7\">\n\n                        <div class=\"elementskit-card-body ekit-accordion--content\">\n                            <p>Ayudo a personas como t\u00fa a encontrar ese nuevo equilibrio interior, ese escucharte a ti misma por dentro y decidirte a iniciar un viaje hacia el amor. Suele ser un viaje que empieza por amarnos primero a nosotros mismos, aprendiendo a amar incluso esas partes de nosotros que a menudo no queremos ver o que escondemos, por miedo a no ser aceptados por lo que realmente somos. Cuando descubrimos que para lograr una vida plena y realizada no necesitamos una varita m\u00e1gica, sino simplemente, decidir dar ese pasito extra hacia ti, con amor. Si alguna vez te has sentido atascada, abrumada o simplemente quieres m\u00e1s de tu vida, mi camino te guiar\u00e1 hacia una nueva transformaci\u00f3n profunda y aut\u00e9ntica. A trav\u00e9s de t\u00e9cnicas de atenci\u00f3n plena, terapias hol\u00edsticas y herramientas de crecimiento personal, juntos podemos superar los retos que te frenan    <\/p>\n                        <\/div>\n\n                    <\/div>\n\n                <\/div><!-- .elementskit-card END -->\n\n                \n                <div class=\"elementskit-card \">\n                    <div class=\"elementskit-card-header\" id=\"primaryHeading-2-21b2d4a\">\n                        <a href=\"#collapse-4e2fdc269fa8a93bb8c7\" class=\"ekit-accordion--toggler elementskit-btn-link collapsed\" data-ekit-toggle=\"collapse\" data-target=\"#Collapse-4e2fdc269fa8a93bb8c7\" aria-expanded=\"false\" aria-controls=\"Collapse-4e2fdc269fa8a93bb8c7\">\n                            \n                            <span class=\"ekit-accordion-title\">Curiosidades<\/span>\n\n                            \n                                <div class=\"ekit_accordion_icon_group\">\n                                    <div class=\"ekit_accordion_normal_icon\">\n                                        <!-- Normal Icon -->\n\t\t\t\t\t\t\t\t\t\t<i class=\"icon icon-down-arrow1\"><\/i>                                    <\/div>\n\n                                    <div class=\"ekit_accordion_active_icon\">\n                                        <!-- Active Icon -->\n\t\t\t\t\t\t\t\t\t\t<i class=\"icon icon-up-arrow\"><\/i>                                    <\/div>\n                                <\/div>\n\n                            \n                                                    <\/a>\n                    <\/div>\n\n                    <div id=\"Collapse-4e2fdc269fa8a93bb8c7\" class=\" collapse\" aria-labelledby=\"primaryHeading-2-21b2d4a\" data-parent=\"#accordion-69fa8a93bb8c7\">\n\n                        <div class=\"elementskit-card-body ekit-accordion--content\">\n                            <p>He viajado por varios pa\u00edses del mundo, asistiendo a cumbres, talleres, eventos y cursos dedicados al crecimiento personal, la plenitud mental y la toma de conciencia. Esto me ha permitido explorar distintos enfoques y destilar lo mejor de cada experiencia, enriqueciendo continuamente mi visi\u00f3n del mundo. Cada nueva experiencia ha contribuido a dar forma al m\u00e9todo que hoy comparto contigo. Mi camino se llama \"El Secreto de los Seis Pilares\" y estoy encantada de poder compartir esta contribuci\u00f3n contigo.   <\/p>\n                        <\/div>\n\n                    <\/div>\n\n                <\/div><!-- .elementskit-card END -->\n\n                                        <\/div>\n    <\/div>\t\t\t\t<\/div>\n\t\t\t\t<\/div>\n\t\t\t\t<\/div>\n\t\t\t\t<\/div>\n\t\t\t\t\t<\/div>\n\t\t\t\t<\/div>\n\t\t<div class=\"elementor-element elementor-element-7bde0ec5 e-con-full e-flex e-con e-parent\" data-id=\"7bde0ec5\" data-element_type=\"container\" data-e-type=\"container\" data-settings=\"{&quot;background_background&quot;:&quot;classic&quot;}\">\n\t\t<div class=\"elementor-element elementor-element-1a3a1d71 e-con-full e-flex e-con e-child\" data-id=\"1a3a1d71\" data-element_type=\"container\" data-e-type=\"container\" data-settings=\"{&quot;background_background&quot;:&quot;gradient&quot;}\">\n\t\t\t\t<div class=\"elementor-element elementor-element-553c9fb0 elementor-widget__width-initial elementor-widget-tablet__width-initial elementor-widget elementor-widget-heading\" data-id=\"553c9fb0\" data-element_type=\"widget\" data-e-type=\"widget\" data-widget_type=\"heading.default\">\n\t\t\t\t<div class=\"elementor-widget-container\">\n\t\t\t\t\t<h2 class=\"elementor-heading-title elementor-size-default\">Transforma tu vida<\/h2>\t\t\t\t<\/div>\n\t\t\t\t<\/div>\n\t\t\t\t<div class=\"elementor-element elementor-element-5ba26957 elementor-widget__width-initial elementor-widget-tablet__width-initial elementor-widget elementor-widget-text-editor\" data-id=\"5ba26957\" data-element_type=\"widget\" data-e-type=\"widget\" data-widget_type=\"text-editor.default\">\n\t\t\t\t<div class=\"elementor-widget-container\">\n\t\t\t\t\t\t\t\t\t<p>Si est\u00e1s leyendo estas l\u00edneas, es porque sientes que ha llegado el momento de transformar tu vida y dar un giro a tu verdadero potencial, te invito a que me acompa\u00f1es en este viaje.<br \/>\nInicia hoy mismo tu viaje de evoluci\u00f3n personal con \u00c6volvi.<br \/>\n\u00a1Inscr\u00edbete ahora y prep\u00e1rate para descubrir la mejor versi\u00f3n de ti!  <\/p>\n\t\t\t\t\t\t\t\t<\/div>\n\t\t\t\t<\/div>\n\t\t\t\t<div class=\"elementor-element elementor-element-40571a8f elementor-align-center elementor-widget elementor-widget-button\" data-id=\"40571a8f\" data-element_type=\"widget\" data-e-type=\"widget\" data-widget_type=\"button.default\">\n\t\t\t\t<div class=\"elementor-widget-container\">\n\t\t\t\t\t\t\t\t\t<div class=\"elementor-button-wrapper\">\n\t\t\t\t\t<a class=\"elementor-button elementor-button-link elementor-size-sm\" href=\"https:\/\/aevolvi.com\/es\/ponte-en-contacto-con\/\">\n\t\t\t\t\t\t<span class=\"elementor-button-content-wrapper\">\n\t\t\t\t\t\t\t\t\t<span class=\"elementor-button-text\">Ponte en contacto conmigo<\/span>\n\t\t\t\t\t<\/span>\n\t\t\t\t\t<\/a>\n\t\t\t\t<\/div>\n\t\t\t\t\t\t\t\t<\/div>\n\t\t\t\t<\/div>\n\t\t\t\t<\/div>\n\t\t\t\t<\/div>\n\t\t<div class=\"elementor-element elementor-element-2c2ad0a7 e-flex e-con-boxed e-con e-parent\" data-id=\"2c2ad0a7\" data-element_type=\"container\" data-e-type=\"container\" data-settings=\"{&quot;background_background&quot;:&quot;classic&quot;}\">\n\t\t\t\t\t<div class=\"e-con-inner\">\n\t\t<div class=\"elementor-element elementor-element-4b4ca7c4 e-flex e-con-boxed e-con e-child\" data-id=\"4b4ca7c4\" data-element_type=\"container\" data-e-type=\"container\" data-settings=\"{&quot;background_background&quot;:&quot;classic&quot;}\">\n\t\t\t\t\t<div class=\"e-con-inner\">\n\t\t<div class=\"elementor-element elementor-element-519c8e e-con-full e-flex e-con e-child\" data-id=\"519c8e\" data-element_type=\"container\" data-e-type=\"container\">\n\t\t\t\t<div class=\"elementor-element elementor-element-40bfaeb8 elementor-widget elementor-widget-heading\" data-id=\"40bfaeb8\" data-element_type=\"widget\" data-e-type=\"widget\" data-widget_type=\"heading.default\">\n\t\t\t\t<div class=\"elementor-widget-container\">\n\t\t\t\t\t<span class=\"elementor-heading-title elementor-size-default\">EL VIAJE QUE TE LLEVA A LA LIBERTAD<\/span>\t\t\t\t<\/div>\n\t\t\t\t<\/div>\n\t\t\t\t<div class=\"elementor-element elementor-element-b360edd elementor-widget elementor-widget-text-editor\" data-id=\"b360edd\" data-element_type=\"widget\" data-e-type=\"widget\" data-widget_type=\"text-editor.default\">\n\t\t\t\t<div class=\"elementor-widget-container\">\n\t\t\t\t\t\t\t\t\t<p>Tu viaje hacia la libertad y el equilibrio interiores comienza hoy. No es un sue\u00f1o lejano ni una realidad para unos pocos afortunados: est\u00e1 a tu alcance con ese peque\u00f1o paso de confianza y amor que dar\u00e1s. Estoy aqu\u00ed para caminar a tu lado y ayudarte a lograr esa nueva conexi\u00f3n interior y profunda contigo misma que te permitir\u00e1 vivir una vida aut\u00e9ntica y plena. Y mostrarte que s\u00ed, que es posible vivir la vida que deseas. No dejes que los miedos y las dudas te frenen.      <\/p>\n<p>\u00abLa fuerza del viento no importa si no has decidido ad\u00f3nde ir. Decidir es el arte de tomar el control del viaje\u00bb.<\/p>\n\t\t\t\t\t\t\t\t<\/div>\n\t\t\t\t<\/div>\n\t\t\t\t<\/div>\n\t\t\t\t\t<\/div>\n\t\t\t\t<\/div>\n\t\t\t\t\t<\/div>\n\t\t\t\t<\/div>\n\t\t\t\t<\/div>\n\t\t","protected":false},"excerpt":{"rendered":"<p>Crecer personalmente QUI\u00c9N SOY Me llamo Katherine, tengo 32 a\u00f1os y soy de Sudam\u00e9rica (Ecuador), aunque hoy vivo en Suiza. Mi vida ha sido un viaje extraordinario, lleno de retos y descubrimientos. Me he enfrentado a diversos obst\u00e1culos que me han puesto a prueba en algunos momentos y que tras un salto de valent\u00eda me [&hellip;]<\/p>\n","protected":false},"author":2,"featured_media":0,"parent":0,"menu_order":0,"comment_status":"closed","ping_status":"closed","template":"elementor_header_footer","meta":{"_seopress_robots_primary_cat":"","_seopress_titles_title":"%%post_title%% %%sep%% %%sitetitle%%","_seopress_titles_desc":"Mi misi\u00f3n es simple: ayudarte a encontrar un nuevo equilibrio hacia tu verdadera b\u00fasqueda de la felicidad en la vida","_seopress_robots_index":"","footnotes":""},"class_list":["post-749","page","type-page","status-publish","hentry"],"_links":{"self":[{"href":"https:\/\/aevolvi.com\/es\/wp-json\/wp\/v2\/pages\/749","targetHints":{"allow":["GET"]}}],"collection":[{"href":"https:\/\/aevolvi.com\/es\/wp-json\/wp\/v2\/pages"}],"about":[{"href":"https:\/\/aevolvi.com\/es\/wp-json\/wp\/v2\/types\/page"}],"author":[{"embeddable":true,"href":"https:\/\/aevolvi.com\/es\/wp-json\/wp\/v2\/users\/2"}],"replies":[{"embeddable":true,"href":"https:\/\/aevolvi.com\/es\/wp-json\/wp\/v2\/comments?post=749"}],"version-history":[{"count":0,"href":"https:\/\/aevolvi.com\/es\/wp-json\/wp\/v2\/pages\/749\/revisions"}],"wp:attachment":[{"href":"https:\/\/aevolvi.com\/es\/wp-json\/wp\/v2\/media?parent=749"}],"curies":[{"name":"wp","href":"https:\/\/api.w.org\/{rel}","templated":true}]}}