{"id":751,"date":"2024-09-19T10:55:11","date_gmt":"2024-09-19T08:55:11","guid":{"rendered":"https:\/\/aevolvi.com\/6-pilares\/"},"modified":"2024-10-08T14:16:02","modified_gmt":"2024-10-08T12:16:02","slug":"6-pilares","status":"publish","type":"page","link":"https:\/\/aevolvi.com\/es\/6-pilares\/","title":{"rendered":"6 Pilares"},"content":{"rendered":"\t\t<div data-elementor-type=\"wp-page\" data-elementor-id=\"751\" class=\"elementor elementor-751 elementor-207\" data-elementor-post-type=\"page\">\n\t\t\t\t<div class=\"elementor-element elementor-element-6c69021c e-flex e-con-boxed e-con e-parent\" data-id=\"6c69021c\" data-element_type=\"container\" data-e-type=\"container\" data-settings=\"{&quot;background_background&quot;:&quot;classic&quot;}\">\n\t\t\t\t\t<div class=\"e-con-inner\">\n\t\t<div class=\"elementor-element elementor-element-2471e61c e-flex e-con-boxed e-con e-child\" data-id=\"2471e61c\" data-element_type=\"container\" data-e-type=\"container\">\n\t\t\t\t\t<div class=\"e-con-inner\">\n\t\t\t\t\t<\/div>\n\t\t\t\t<\/div>\n\t\t<div class=\"elementor-element elementor-element-831ec1d e-flex e-con-boxed e-con e-child\" data-id=\"831ec1d\" data-element_type=\"container\" data-e-type=\"container\">\n\t\t\t\t\t<div class=\"e-con-inner\">\n\t\t\t\t<div class=\"elementor-element elementor-element-67446ced elementor-view-stacked elementor-shape-circle elementor-widget elementor-widget-icon\" data-id=\"67446ced\" data-element_type=\"widget\" data-e-type=\"widget\" data-widget_type=\"icon.default\">\n\t\t\t\t<div class=\"elementor-widget-container\">\n\t\t\t\t\t\t\t<div class=\"elementor-icon-wrapper\">\n\t\t\t<a class=\"elementor-icon\" href=\"#6\">\n\t\t\t<i aria-hidden=\"true\" class=\"icon icon-up-arrow\"><\/i>\t\t\t<\/a>\n\t\t<\/div>\n\t\t\t\t\t\t<\/div>\n\t\t\t\t<\/div>\n\t\t\t\t\t<\/div>\n\t\t\t\t<\/div>\n\t\t\t\t\t<\/div>\n\t\t\t\t<\/div>\n\t\t<div class=\"elementor-element elementor-element-415272f3 e-flex e-con-boxed e-con e-parent\" data-id=\"415272f3\" data-element_type=\"container\" data-e-type=\"container\" id=\"6\">\n\t\t\t\t\t<div class=\"e-con-inner\">\n\t\t<div class=\"elementor-element elementor-element-76283222 e-flex e-con-boxed e-con e-child\" data-id=\"76283222\" data-element_type=\"container\" data-e-type=\"container\">\n\t\t\t\t\t<div class=\"e-con-inner\">\n\t\t<div class=\"elementor-element elementor-element-38422f8e e-con-full e-flex e-con e-child\" data-id=\"38422f8e\" data-element_type=\"container\" data-e-type=\"container\">\n\t\t<div class=\"elementor-element elementor-element-13ceabba e-flex e-con-boxed e-con e-child\" data-id=\"13ceabba\" data-element_type=\"container\" data-e-type=\"container\">\n\t\t\t\t\t<div class=\"e-con-inner\">\n\t\t\t\t<div class=\"elementor-element elementor-element-f1a564d elementor-widget elementor-widget-heading\" data-id=\"f1a564d\" data-element_type=\"widget\" data-e-type=\"widget\" data-widget_type=\"heading.default\">\n\t\t\t\t<div class=\"elementor-widget-container\">\n\t\t\t\t\t<h2 class=\"elementor-heading-title elementor-size-default\">El secreto de los 6 pilares de \u00c6volvi<\/h2>\t\t\t\t<\/div>\n\t\t\t\t<\/div>\n\t\t\t\t<div class=\"elementor-element elementor-element-7f1de4ad elementor-widget elementor-widget-text-editor\" data-id=\"7f1de4ad\" data-element_type=\"widget\" data-e-type=\"widget\" data-widget_type=\"text-editor.default\">\n\t\t\t\t<div class=\"elementor-widget-container\">\n\t\t\t\t\t\t\t\t\t<p>\u00c6volvi &#8211; El Secreto de los 6 Pilares es un camino transformacional de evoluci\u00f3n personal creado para quienes desean ir m\u00e1s all\u00e1 de la superficie y descubrir su nuevo y verdadero potencial.<br \/>\nEste m\u00e9todo se basa en seis \u00e1reas fundamentales que, trabajando en sinergia, te permiten alcanzar un nuevo equilibrio profundo y aut\u00e9ntico.<br \/>\nNo se trata s\u00f3lo de mejorar un aspecto de tu vida: es un viaje completo que abarca cuerpo, mente y esp\u00edritu.    <\/p>\n<p>Si alguna vez te has preguntado por qu\u00e9, a pesar de los \u00e9xitos o logros externos, sigues sinti\u00e9ndote incompleto o estancado, \u00e9ste es el programa para ti.<br \/>\nEs un camino que te gu\u00eda desde dentro hacia fuera, haci\u00e9ndote descubrir una versi\u00f3n m\u00e1s aut\u00e9ntica, equilibrada y plena de ti mismo. <\/p>\n\t\t\t\t\t\t\t\t<\/div>\n\t\t\t\t<\/div>\n\t\t\t\t<div class=\"elementor-element elementor-element-c8170db elementor-widget elementor-widget-image\" data-id=\"c8170db\" data-element_type=\"widget\" data-e-type=\"widget\" data-widget_type=\"image.default\">\n\t\t\t\t<div class=\"elementor-widget-container\">\n\t\t\t\t\t\t\t\t\t\t\t\t\t\t\t<img fetchpriority=\"high\" decoding=\"async\" width=\"800\" height=\"802\" src=\"https:\/\/aevolvi.com\/wp-content\/uploads\/sites\/64\/2024\/09\/Recurso-2-1-1022x1024.png\" class=\"attachment-large size-large wp-image-678\" alt=\"\" srcset=\"https:\/\/aevolvi.com\/wp-content\/uploads\/sites\/64\/2024\/09\/Recurso-2-1-1022x1024.png.webp 1022w, https:\/\/aevolvi.com\/wp-content\/uploads\/sites\/64\/2024\/09\/Recurso-2-1-300x300.png.webp 300w, https:\/\/aevolvi.com\/wp-content\/uploads\/sites\/64\/2024\/09\/Recurso-2-1-150x150.png.webp 150w, https:\/\/aevolvi.com\/wp-content\/uploads\/sites\/64\/2024\/09\/Recurso-2-1-768x770.png.webp 768w, https:\/\/aevolvi.com\/wp-content\/uploads\/sites\/64\/2024\/09\/Recurso-2-1-500x500.png.webp 500w, https:\/\/aevolvi.com\/wp-content\/uploads\/sites\/64\/2024\/09\/Recurso-2-1-1533x1536.png.webp 1533w, https:\/\/aevolvi.com\/wp-content\/uploads\/sites\/64\/2024\/09\/Recurso-2-1-2044x2048.png.webp 2044w\" sizes=\"(max-width: 800px) 100vw, 800px\" \/>\t\t\t\t\t\t\t\t\t\t\t\t\t\t\t<\/div>\n\t\t\t\t<\/div>\n\t\t\t\t\t<\/div>\n\t\t\t\t<\/div>\n\t\t\t\t<\/div>\n\t\t\t\t\t<\/div>\n\t\t\t\t<\/div>\n\t\t\t\t\t<\/div>\n\t\t\t\t<\/div>\n\t\t<div class=\"elementor-element elementor-element-dd97e7 e-flex e-con-boxed e-con e-parent\" data-id=\"dd97e7\" data-element_type=\"container\" data-e-type=\"container\">\n\t\t\t\t\t<div class=\"e-con-inner\">\n\t\t\t\t<div class=\"elementor-element elementor-element-ecfaa21 elementor-widget elementor-widget-heading\" data-id=\"ecfaa21\" data-element_type=\"widget\" data-e-type=\"widget\" data-widget_type=\"heading.default\">\n\t\t\t\t<div class=\"elementor-widget-container\">\n\t\t\t\t\t<h3 class=\"elementor-heading-title elementor-size-default\">Un viaje a trav\u00e9s de los 6 Pilares<\/h3>\t\t\t\t<\/div>\n\t\t\t\t<\/div>\n\t\t\t\t<div class=\"elementor-element elementor-element-8e9ec19 elementor-widget elementor-widget-text-editor\" data-id=\"8e9ec19\" data-element_type=\"widget\" data-e-type=\"widget\" data-widget_type=\"text-editor.default\">\n\t\t\t\t<div class=\"elementor-widget-container\">\n\t\t\t\t\t\t\t\t\t<p>El secreto de \u00c6volvi reside en sus seis pilares, cada uno de los cuales representa un aspecto fundamental de la vida.<br \/>\nEstos pilares est\u00e1n en el coraz\u00f3n del camino y trabajan juntos para crear una transformaci\u00f3n profunda.<br \/>\nDescubramos juntos los seis pilares:  <\/p>\n\t\t\t\t\t\t\t\t<\/div>\n\t\t\t\t<\/div>\n\t\t<div class=\"elementor-element elementor-element-7f4a67ad e-con-full e-flex e-con e-child\" data-id=\"7f4a67ad\" data-element_type=\"container\" data-e-type=\"container\">\n\t\t<div class=\"elementor-element elementor-element-bbbe97c e-con-full e-flex e-con e-child\" data-id=\"bbbe97c\" data-element_type=\"container\" data-e-type=\"container\">\n\t\t\t\t<div class=\"elementor-element elementor-element-4c2082f elementor-view-stacked elementor-shape-circle elementor-position-block-start elementor-mobile-position-block-start elementor-widget elementor-widget-icon-box\" data-id=\"4c2082f\" data-element_type=\"widget\" data-e-type=\"widget\" data-widget_type=\"icon-box.default\">\n\t\t\t\t<div class=\"elementor-widget-container\">\n\t\t\t\t\t\t\t<div class=\"elementor-icon-box-wrapper\">\n\n\t\t\t\t\t\t<div class=\"elementor-icon-box-icon\">\n\t\t\t\t<span  class=\"elementor-icon\">\n\t\t\t\t<i aria-hidden=\"true\" class=\"icon icon-paper-plane\"><\/i>\t\t\t\t<\/span>\n\t\t\t<\/div>\n\t\t\t\n\t\t\t\t\t\t<div class=\"elementor-icon-box-content\">\n\n\t\t\t\t\t\t\t\t\t<h5 class=\"elementor-icon-box-title\">\n\t\t\t\t\t\t<span  >\n\t\t\t\t\t\t\t1. Misi\u00f3n personal\t\t\t\t\t\t<\/span>\n\t\t\t\t\t<\/h5>\n\t\t\t\t\n\t\t\t\t\t\t\t\t\t<p class=\"elementor-icon-box-description\">\n\t\t\t\t\t\tTodo empieza aqu\u00ed.\nTu misi\u00f3n personal es tu porqu\u00e9, la raz\u00f3n profunda que te impulsa cada d\u00eda.\nSin una misi\u00f3n clara, es f\u00e1cil perderse o sentirse desconectado.\nEn \u00c6volvi, te ayudar\u00e9 a descubrir tu prop\u00f3sito m\u00e1s aut\u00e9ntico, porque cuando sabes exactamente qui\u00e9n eres y lo que quieres, cada paso se vuelve poderoso   \t\t\t\t\t<\/p>\n\t\t\t\t\n\t\t\t<\/div>\n\t\t\t\n\t\t<\/div>\n\t\t\t\t\t\t<\/div>\n\t\t\t\t<\/div>\n\t\t\t\t<\/div>\n\t\t<div class=\"elementor-element elementor-element-442dd1a6 e-con-full e-flex e-con e-child\" data-id=\"442dd1a6\" data-element_type=\"container\" data-e-type=\"container\">\n\t\t\t\t<div class=\"elementor-element elementor-element-81f0f1b elementor-view-stacked elementor-shape-circle elementor-position-block-start elementor-mobile-position-block-start elementor-widget elementor-widget-icon-box\" data-id=\"81f0f1b\" data-element_type=\"widget\" data-e-type=\"widget\" data-widget_type=\"icon-box.default\">\n\t\t\t\t<div class=\"elementor-widget-container\">\n\t\t\t\t\t\t\t<div class=\"elementor-icon-box-wrapper\">\n\n\t\t\t\t\t\t<div class=\"elementor-icon-box-icon\">\n\t\t\t\t<span  class=\"elementor-icon\">\n\t\t\t\t<i aria-hidden=\"true\" class=\"icon icon-medicine\"><\/i>\t\t\t\t<\/span>\n\t\t\t<\/div>\n\t\t\t\n\t\t\t\t\t\t<div class=\"elementor-icon-box-content\">\n\n\t\t\t\t\t\t\t\t\t<h5 class=\"elementor-icon-box-title\">\n\t\t\t\t\t\t<span  >\n\t\t\t\t\t\t\t2. Salud\t\t\t\t\t\t<\/span>\n\t\t\t\t\t<\/h5>\n\t\t\t\t\n\t\t\t\t\t\t\t\t\t<p class=\"elementor-icon-box-description\">\n\t\t\t\t\t\tLa salud no es s\u00f3lo la ausencia de enfermedad, sino un equilibrio entre el cuerpo y la mente.\nMediante estrategias de bienestar f\u00edsico y psicol\u00f3gico, te ense\u00f1ar\u00e9 cu\u00e1ntas formas nuevas y sencillas hay de cuidar de ti mismo.\nAprender\u00e1s a nutrir tu cuerpo y tu mente para conseguir una energ\u00eda vital que te sostenga en todos los aspectos de la vida.  \t\t\t\t\t<\/p>\n\t\t\t\t\n\t\t\t<\/div>\n\t\t\t\n\t\t<\/div>\n\t\t\t\t\t\t<\/div>\n\t\t\t\t<\/div>\n\t\t\t\t<\/div>\n\t\t<div class=\"elementor-element elementor-element-488108b6 e-con-full e-flex e-con e-child\" data-id=\"488108b6\" data-element_type=\"container\" data-e-type=\"container\">\n\t\t\t\t<div class=\"elementor-element elementor-element-cc61744 elementor-view-stacked elementor-shape-circle elementor-position-block-start elementor-mobile-position-block-start elementor-widget elementor-widget-icon-box\" data-id=\"cc61744\" data-element_type=\"widget\" data-e-type=\"widget\" data-widget_type=\"icon-box.default\">\n\t\t\t\t<div class=\"elementor-widget-container\">\n\t\t\t\t\t\t\t<div class=\"elementor-icon-box-wrapper\">\n\n\t\t\t\t\t\t<div class=\"elementor-icon-box-icon\">\n\t\t\t\t<span  class=\"elementor-icon\">\n\t\t\t\t<svg aria-hidden=\"true\" class=\"e-font-icon-svg e-fas-spa\" viewBox=\"0 0 576 512\" xmlns=\"http:\/\/www.w3.org\/2000\/svg\"><path d=\"M568.25 192c-29.04.13-135.01 6.16-213.84 83-33.12 29.63-53.36 63.3-66.41 94.86-13.05-31.56-33.29-65.23-66.41-94.86-78.83-76.84-184.8-82.87-213.84-83-4.41-.02-7.79 3.4-7.75 7.82.23 27.92 7.14 126.14 88.77 199.3C172.79 480.94 256 480 288 480s115.19.95 199.23-80.88c81.64-73.17 88.54-171.38 88.77-199.3.04-4.42-3.34-7.84-7.75-7.82zM287.98 302.6c12.82-18.85 27.6-35.78 44.09-50.52 19.09-18.61 39.58-33.3 60.26-45.18-16.44-70.5-51.72-133.05-96.73-172.22-4.11-3.58-11.02-3.58-15.14 0-44.99 39.14-80.27 101.63-96.74 172.07 20.37 11.7 40.5 26.14 59.22 44.39a282.768 282.768 0 0 1 45.04 51.46z\"><\/path><\/svg>\t\t\t\t<\/span>\n\t\t\t<\/div>\n\t\t\t\n\t\t\t\t\t\t<div class=\"elementor-icon-box-content\">\n\n\t\t\t\t\t\t\t\t\t<h5 class=\"elementor-icon-box-title\">\n\t\t\t\t\t\t<span  >\n\t\t\t\t\t\t\t3. espiritualidad\t\t\t\t\t\t<\/span>\n\t\t\t\t\t<\/h5>\n\t\t\t\t\n\t\t\t\t\t\t\t\t\t<p class=\"elementor-icon-box-description\">\n\t\t\t\t\t\tLa espiritualidad es una gu\u00eda interior que te conecta contigo mismo. Te permite encontrar el equilibrio, la paz y un profundo sentido de pertenencia. Exploraremos c\u00f3mo cultivar una pr\u00e1ctica espiritual consciente puede ayudarte a superar los retos cotidianos, liberarte del estr\u00e9s y vivir con mayor autenticidad.    \t\t\t\t\t<\/p>\n\t\t\t\t\n\t\t\t<\/div>\n\t\t\t\n\t\t<\/div>\n\t\t\t\t\t\t<\/div>\n\t\t\t\t<\/div>\n\t\t\t\t<\/div>\n\t\t<div class=\"elementor-element elementor-element-544e8a8d e-con-full e-flex e-con e-child\" data-id=\"544e8a8d\" data-element_type=\"container\" data-e-type=\"container\">\n\t\t\t\t<div class=\"elementor-element elementor-element-41c699d elementor-view-stacked elementor-shape-circle elementor-position-block-start elementor-mobile-position-block-start elementor-widget elementor-widget-icon-box\" data-id=\"41c699d\" data-element_type=\"widget\" data-e-type=\"widget\" data-widget_type=\"icon-box.default\">\n\t\t\t\t<div class=\"elementor-widget-container\">\n\t\t\t\t\t\t\t<div class=\"elementor-icon-box-wrapper\">\n\n\t\t\t\t\t\t<div class=\"elementor-icon-box-icon\">\n\t\t\t\t<span  class=\"elementor-icon\">\n\t\t\t\t<i aria-hidden=\"true\" class=\"icon icon-user-registration\"><\/i>\t\t\t\t<\/span>\n\t\t\t<\/div>\n\t\t\t\n\t\t\t\t\t\t<div class=\"elementor-icon-box-content\">\n\n\t\t\t\t\t\t\t\t\t<h5 class=\"elementor-icon-box-title\">\n\t\t\t\t\t\t<span  >\n\t\t\t\t\t\t\t4. Profesi\u00f3n\t\t\t\t\t\t<\/span>\n\t\t\t\t\t<\/h5>\n\t\t\t\t\n\t\t\t\t\t\t\t\t\t<p class=\"elementor-icon-box-description\">\n\t\t\t\t\t\tTu profesi\u00f3n no debe ser s\u00f3lo un trabajo, sino una manifestaci\u00f3n de tu misi\u00f3n.\nTe guiar\u00e9 para que encuentres o redescubras tu vocaci\u00f3n, ayud\u00e1ndote a crear una carrera que refleje qui\u00e9n eres realmente.\nCuando trabajas con pasi\u00f3n y alineaci\u00f3n, el \u00e9xito no es un objetivo lejano, sino una consecuencia natural  \t\t\t\t\t<\/p>\n\t\t\t\t\n\t\t\t<\/div>\n\t\t\t\n\t\t<\/div>\n\t\t\t\t\t\t<\/div>\n\t\t\t\t<\/div>\n\t\t\t\t<\/div>\n\t\t<div class=\"elementor-element elementor-element-58cea4c8 e-con-full e-flex e-con e-child\" data-id=\"58cea4c8\" data-element_type=\"container\" data-e-type=\"container\">\n\t\t\t\t<div class=\"elementor-element elementor-element-93539f2 elementor-view-stacked elementor-shape-circle elementor-position-block-start elementor-mobile-position-block-start elementor-widget elementor-widget-icon-box\" data-id=\"93539f2\" data-element_type=\"widget\" data-e-type=\"widget\" data-widget_type=\"icon-box.default\">\n\t\t\t\t<div class=\"elementor-widget-container\">\n\t\t\t\t\t\t\t<div class=\"elementor-icon-box-wrapper\">\n\n\t\t\t\t\t\t<div class=\"elementor-icon-box-icon\">\n\t\t\t\t<span  class=\"elementor-icon\">\n\t\t\t\t<i aria-hidden=\"true\" class=\"icon icon-heart-pulse\"><\/i>\t\t\t\t<\/span>\n\t\t\t<\/div>\n\t\t\t\n\t\t\t\t\t\t<div class=\"elementor-icon-box-content\">\n\n\t\t\t\t\t\t\t\t\t<h5 class=\"elementor-icon-box-title\">\n\t\t\t\t\t\t<span  >\n\t\t\t\t\t\t\t5. Relaciones\t\t\t\t\t\t<\/span>\n\t\t\t\t\t<\/h5>\n\t\t\t\t\n\t\t\t\t\t\t\t\t\t<p class=\"elementor-icon-box-description\">\n\t\t\t\t\t\tLas relaciones que cultivamos definen qui\u00e9nes somos.\nEn \u00c6volvi, exploraremos c\u00f3mo reconocer y crear relaciones aut\u00e9nticas y satisfactorias que nutran tu crecimiento.\nYa sean amistades, relaciones familiares o amorosas, descubrir\u00e1s c\u00f3mo construir v\u00ednculos basados en la autenticidad, el respeto y la conexi\u00f3n profunda.  \t\t\t\t\t<\/p>\n\t\t\t\t\n\t\t\t<\/div>\n\t\t\t\n\t\t<\/div>\n\t\t\t\t\t\t<\/div>\n\t\t\t\t<\/div>\n\t\t\t\t<\/div>\n\t\t<div class=\"elementor-element elementor-element-5f6b263b e-con-full e-flex e-con e-child\" data-id=\"5f6b263b\" data-element_type=\"container\" data-e-type=\"container\">\n\t\t\t\t<div class=\"elementor-element elementor-element-dc4d9a5 elementor-view-stacked elementor-shape-circle elementor-position-block-start elementor-mobile-position-block-start elementor-widget elementor-widget-icon-box\" data-id=\"dc4d9a5\" data-element_type=\"widget\" data-e-type=\"widget\" data-widget_type=\"icon-box.default\">\n\t\t\t\t<div class=\"elementor-widget-container\">\n\t\t\t\t\t\t\t<div class=\"elementor-icon-box-wrapper\">\n\n\t\t\t\t\t\t<div class=\"elementor-icon-box-icon\">\n\t\t\t\t<span  class=\"elementor-icon\">\n\t\t\t\t<i aria-hidden=\"true\" class=\"icon icon-user1\"><\/i>\t\t\t\t<\/span>\n\t\t\t<\/div>\n\t\t\t\n\t\t\t\t\t\t<div class=\"elementor-icon-box-content\">\n\n\t\t\t\t\t\t\t\t\t<h5 class=\"elementor-icon-box-title\">\n\t\t\t\t\t\t<span  >\n\t\t\t\t\t\t\t6. Autoestima\t\t\t\t\t\t<\/span>\n\t\t\t\t\t<\/h5>\n\t\t\t\t\n\t\t\t\t\t\t\t\t\t<p class=\"elementor-icon-box-description\">\n\t\t\t\t\t\tTodo empieza desde dentro: tu confianza en ti mismo es la llave que abre la puerta del \u00e9xito y la felicidad.\nSin confianza en uno mismo, hasta los sue\u00f1os m\u00e1s peque\u00f1os parecen inalcanzables.\nEn este pilar, trabajaremos para aumentar tu autoestima, convirtiendo los miedos y las inseguridades en fuerza y confianza.  \t\t\t\t\t<\/p>\n\t\t\t\t\n\t\t\t<\/div>\n\t\t\t\n\t\t<\/div>\n\t\t\t\t\t\t<\/div>\n\t\t\t\t<\/div>\n\t\t\t\t<\/div>\n\t\t\t\t<\/div>\n\t\t\t\t\t<\/div>\n\t\t\t\t<\/div>\n\t\t<div class=\"elementor-element elementor-element-34d073c7 e-con-full e-flex e-con e-parent\" data-id=\"34d073c7\" data-element_type=\"container\" data-e-type=\"container\" data-settings=\"{&quot;background_background&quot;:&quot;classic&quot;}\">\n\t\t<div class=\"elementor-element elementor-element-3dfd3930 e-con-full e-flex e-con e-child\" data-id=\"3dfd3930\" data-element_type=\"container\" data-e-type=\"container\" data-settings=\"{&quot;background_background&quot;:&quot;gradient&quot;}\">\n\t\t\t\t<div class=\"elementor-element elementor-element-624ea121 elementor-widget__width-initial elementor-widget-tablet__width-initial elementor-widget elementor-widget-heading\" data-id=\"624ea121\" data-element_type=\"widget\" data-e-type=\"widget\" data-widget_type=\"heading.default\">\n\t\t\t\t<div class=\"elementor-widget-container\">\n\t\t\t\t\t<h2 class=\"elementor-heading-title elementor-size-default\">Un camino hacia el equilibrio total<\/h2>\t\t\t\t<\/div>\n\t\t\t\t<\/div>\n\t\t\t\t<div class=\"elementor-element elementor-element-bce9476 elementor-widget__width-initial elementor-widget-tablet__width-initial elementor-widget elementor-widget-text-editor\" data-id=\"bce9476\" data-element_type=\"widget\" data-e-type=\"widget\" data-widget_type=\"text-editor.default\">\n\t\t\t\t<div class=\"elementor-widget-container\">\n\t\t\t\t\t\t\t\t\t<p>Mi misi\u00f3n a trav\u00e9s de \u00c6volvi es clara: llevarte a descubrir y cultivar el equilibrio entre estos seis pilares para lograr un bienestar completo y profundo.<br \/>\nNo se trata s\u00f3lo de mejorar uno o dos aspectos de tu vida, sino de armonizar todas estas \u00e1reas para que funcionen juntas.<br \/>\nCuando hay equilibrio entre el cuerpo, la mente, el esp\u00edritu y las finanzas, por fin puedes vivir con plenitud, autenticidad y satisfacci\u00f3n.  <\/p>\n<p>Este curso no es s\u00f3lo una gu\u00eda te\u00f3rica, sino una experiencia pr\u00e1ctica y personalizada que te permite afrontar y superar tus retos diarios. Te ense\u00f1ar\u00e9 a aplicar estos principios en tu vida real, para que puedas ver y sentir tu verdadero potencial. <\/p>\n\t\t\t\t\t\t\t\t<\/div>\n\t\t\t\t<\/div>\n\t\t\t\t<div class=\"elementor-element elementor-element-79726676 elementor-align-center elementor-widget elementor-widget-button\" data-id=\"79726676\" data-element_type=\"widget\" data-e-type=\"widget\" data-widget_type=\"button.default\">\n\t\t\t\t<div class=\"elementor-widget-container\">\n\t\t\t\t\t\t\t\t\t<div class=\"elementor-button-wrapper\">\n\t\t\t\t\t<a class=\"elementor-button elementor-button-link elementor-size-sm\" href=\"https:\/\/aevolvi.com\/es\/ponte-en-contacto-con\/\">\n\t\t\t\t\t\t<span class=\"elementor-button-content-wrapper\">\n\t\t\t\t\t\t\t\t\t<span class=\"elementor-button-text\">Solicita m\u00e1s informaci\u00f3n<\/span>\n\t\t\t\t\t<\/span>\n\t\t\t\t\t<\/a>\n\t\t\t\t<\/div>\n\t\t\t\t\t\t\t\t<\/div>\n\t\t\t\t<\/div>\n\t\t\t\t<\/div>\n\t\t\t\t<\/div>\n\t\t\t\t<\/div>\n\t\t","protected":false},"excerpt":{"rendered":"<p>El secreto de los 6 pilares de \u00c6volvi \u00c6volvi &#8211; El Secreto de los 6 Pilares es un camino transformacional de evoluci\u00f3n personal creado para quienes desean ir m\u00e1s all\u00e1 de la superficie y descubrir su nuevo y verdadero potencial. Este m\u00e9todo se basa en seis \u00e1reas fundamentales que, trabajando en sinergia, te permiten alcanzar [&hellip;]<\/p>\n","protected":false},"author":2,"featured_media":0,"parent":0,"menu_order":0,"comment_status":"closed","ping_status":"closed","template":"elementor_header_footer","meta":{"_seopress_robots_primary_cat":"","_seopress_titles_title":"","_seopress_titles_desc":"","_seopress_robots_index":"","footnotes":""},"class_list":["post-751","page","type-page","status-publish","hentry"],"_links":{"self":[{"href":"https:\/\/aevolvi.com\/es\/wp-json\/wp\/v2\/pages\/751","targetHints":{"allow":["GET"]}}],"collection":[{"href":"https:\/\/aevolvi.com\/es\/wp-json\/wp\/v2\/pages"}],"about":[{"href":"https:\/\/aevolvi.com\/es\/wp-json\/wp\/v2\/types\/page"}],"author":[{"embeddable":true,"href":"https:\/\/aevolvi.com\/es\/wp-json\/wp\/v2\/users\/2"}],"replies":[{"embeddable":true,"href":"https:\/\/aevolvi.com\/es\/wp-json\/wp\/v2\/comments?post=751"}],"version-history":[{"count":0,"href":"https:\/\/aevolvi.com\/es\/wp-json\/wp\/v2\/pages\/751\/revisions"}],"wp:attachment":[{"href":"https:\/\/aevolvi.com\/es\/wp-json\/wp\/v2\/media?parent=751"}],"curies":[{"name":"wp","href":"https:\/\/api.w.org\/{rel}","templated":true}]}}