{"id":970,"date":"2024-09-21T14:22:19","date_gmt":"2024-09-21T12:22:19","guid":{"rendered":"https:\/\/aevolvi.com\/terminos-y-condiciones\/"},"modified":"2024-09-23T08:33:24","modified_gmt":"2024-09-23T06:33:24","slug":"terminos-y-condiciones","status":"publish","type":"page","link":"https:\/\/aevolvi.com\/es\/terminos-y-condiciones\/","title":{"rendered":"T\u00e9rminos y condiciones"},"content":{"rendered":"\t\t<div data-elementor-type=\"wp-page\" data-elementor-id=\"970\" class=\"elementor elementor-970 elementor-968\" data-elementor-post-type=\"page\">\n\t\t\t\t<div class=\"elementor-element elementor-element-7a0e6aaf e-flex e-con-boxed e-con e-parent\" data-id=\"7a0e6aaf\" data-element_type=\"container\" data-e-type=\"container\">\n\t\t\t\t\t<div class=\"e-con-inner\">\n\t\t\t\t<div class=\"elementor-element elementor-element-1fc6fc14 elementor-widget elementor-widget-text-editor\" data-id=\"1fc6fc14\" data-element_type=\"widget\" data-e-type=\"widget\" data-widget_type=\"text-editor.default\">\n\t\t\t\t<div class=\"elementor-widget-container\">\n\t\t\t\t\t\t\t\t\t\n<p><br><br><br>A<strong>EVOLVI de Katherine Recalde<\/strong> Via Monte Verit\u00e0 12, 6612 Ascona<a>info@aevolvi.com<\/a> +41 76 765 54 07<\/p>\n\n\n\n<p>\u00daltima actualizaci\u00f3n: 20.09.2024<\/p>\n\n\n\n<p><strong>1. Introducci\u00f3n<\/strong><\/p>\n\n\n\n<p>Las presentes Condiciones Generales regulan el acceso y el uso del sitio web <strong><a href=\"http:\/\/www.aevolvi.com\">www.aevolvi.com<\/a><\/strong> (en lo sucesivo, el \u00abSitio\u00bb).\nAl acceder al Sitio, aceptas quedar vinculado por estos T\u00e9rminos y Condiciones.\nSi no est\u00e1s de acuerdo con estos t\u00e9rminos, por favor, no utilices el Sitio.  <\/p>\n\n\n\n<p><strong>2. Servicios ofrecidos<\/strong><\/p>\n\n\n\n<p><strong>\u00c6volvi<\/strong> ofrece contenidos y servicios relacionados con el crecimiento personal y el bienestar interior.\nEstos servicios pueden incluir art\u00edculos, programas de coaching y material did\u00e1ctico. <\/p>\n\n\n\n<p><strong>3. Uso del Sitio<\/strong><\/p>\n\n\n\n<p>Al utilizar el Sitio, te comprometes a:<\/p>\n\n\n\n<ul class=\"wp-block-list\">\n<li>No infrinjas las leyes aplicables.<\/li>\n\n\n\n<li>No utilices el Sitio de forma que da\u00f1e su funcionalidad o interfiera con los derechos de otros usuarios.<\/li>\n\n\n\n<li>No subas contenidos ilegales, ofensivos o perjudiciales.<\/li>\n<\/ul>\n\n\n\n<p><strong>4. Propiedad intelectual<\/strong><\/p>\n\n\n\n<p>Todo el contenido del Sitio, incluyendo texto, im\u00e1genes, logotipos y dise\u00f1o, es propiedad de <strong>\u00c6volvi<\/strong> o de los respectivos titulares de los derechos.\nNo puedes utilizar, reproducir o distribuir dicho contenido sin permiso por escrito. <\/p>\n\n\n\n<p><strong>5. Exclusi\u00f3n de responsabilidad<\/strong><\/p>\n\n\n\n<p>El contenido y los servicios proporcionados en el Sitio se ofrecen \u00abtal cual\u00bb. <strong>\u00c6volvi<\/strong> no garantiza la exactitud o integridad del contenido del Sitio y no ser\u00e1 responsable de ning\u00fan error u omisi\u00f3n.<\/p>\n\n\n\n<p><strong>6. Cambios en las Condiciones<\/strong><\/p>\n\n\n\n<p>Nos reservamos el derecho a cambiar estos T\u00e9rminos y Condiciones en cualquier momento.\nLos cambios se publicar\u00e1n en el Sitio, y al seguir utiliz\u00e1ndolo despu\u00e9s de su publicaci\u00f3n, aceptas autom\u00e1ticamente las nuevas condiciones. <\/p>\n\n\n\n<p><strong>7. Derecho aplicable<\/strong><\/p>\n\n\n\n<p>Estos T\u00e9rminos y Condiciones se rigen por la legislaci\u00f3n suiza.\nCualquier disputa derivada del uso del Sitio estar\u00e1 sujeta a la jurisdicci\u00f3n exclusiva de los tribunales suizos. <\/p>\n\t\t\t\t\t\t\t\t<\/div>\n\t\t\t\t<\/div>\n\t\t\t\t\t<\/div>\n\t\t\t\t<\/div>\n\t\t\t\t<\/div>\n\t\t","protected":false},"excerpt":{"rendered":"<p>AEVOLVI de Katherine Recalde Via Monte Verit\u00e0 12, 6612 Asconainfo@aevolvi.com +41 76 765 54 07 \u00daltima actualizaci\u00f3n: 20.09.2024 1. Introducci\u00f3n Las presentes Condiciones Generales regulan el acceso y el uso del sitio web www.aevolvi.com (en lo sucesivo, el \u00abSitio\u00bb). Al acceder al Sitio, aceptas quedar vinculado por estos T\u00e9rminos y Condiciones. Si no est\u00e1s de [&hellip;]<\/p>\n","protected":false},"author":2,"featured_media":0,"parent":0,"menu_order":0,"comment_status":"closed","ping_status":"closed","template":"","meta":{"_seopress_robots_primary_cat":"","_seopress_titles_title":"","_seopress_titles_desc":"","_seopress_robots_index":"","footnotes":""},"class_list":["post-970","page","type-page","status-publish","hentry"],"_links":{"self":[{"href":"https:\/\/aevolvi.com\/es\/wp-json\/wp\/v2\/pages\/970","targetHints":{"allow":["GET"]}}],"collection":[{"href":"https:\/\/aevolvi.com\/es\/wp-json\/wp\/v2\/pages"}],"about":[{"href":"https:\/\/aevolvi.com\/es\/wp-json\/wp\/v2\/types\/page"}],"author":[{"embeddable":true,"href":"https:\/\/aevolvi.com\/es\/wp-json\/wp\/v2\/users\/2"}],"replies":[{"embeddable":true,"href":"https:\/\/aevolvi.com\/es\/wp-json\/wp\/v2\/comments?post=970"}],"version-history":[{"count":0,"href":"https:\/\/aevolvi.com\/es\/wp-json\/wp\/v2\/pages\/970\/revisions"}],"wp:attachment":[{"href":"https:\/\/aevolvi.com\/es\/wp-json\/wp\/v2\/media?parent=970"}],"curies":[{"name":"wp","href":"https:\/\/api.w.org\/{rel}","templated":true}]}}