{"id":753,"date":"2024-09-17T09:52:44","date_gmt":"2024-09-17T07:52:44","guid":{"rendered":"https:\/\/aevolvi.com\/qui-suis-je\/"},"modified":"2024-10-22T23:06:53","modified_gmt":"2024-10-22T21:06:53","slug":"qui-suis-je","status":"publish","type":"page","link":"https:\/\/aevolvi.com\/fr\/qui-suis-je\/","title":{"rendered":"Qui suis-je"},"content":{"rendered":"\t\t<div data-elementor-type=\"wp-page\" data-elementor-id=\"753\" class=\"elementor elementor-753 elementor-177\" data-elementor-post-type=\"page\">\n\t\t\t\t<div class=\"elementor-element elementor-element-c13481f e-flex e-con-boxed e-con e-parent\" data-id=\"c13481f\" data-element_type=\"container\" data-e-type=\"container\" data-settings=\"{&quot;background_background&quot;:&quot;classic&quot;}\">\n\t\t\t\t\t<div class=\"e-con-inner\">\n\t\t<div class=\"elementor-element elementor-element-504b089f e-flex e-con-boxed e-con e-child\" data-id=\"504b089f\" data-element_type=\"container\" data-e-type=\"container\">\n\t\t\t\t\t<div class=\"e-con-inner\">\n\t\t\t\t\t<\/div>\n\t\t\t\t<\/div>\n\t\t\t\t\t<\/div>\n\t\t\t\t<\/div>\n\t\t<div class=\"elementor-element elementor-element-2051a395 e-flex e-con-boxed e-con e-parent\" data-id=\"2051a395\" data-element_type=\"container\" data-e-type=\"container\">\n\t\t\t\t\t<div class=\"e-con-inner\">\n\t\t<div class=\"elementor-element elementor-element-68deebd2 e-con-full e-flex e-con e-child\" data-id=\"68deebd2\" data-element_type=\"container\" data-e-type=\"container\">\n\t\t\t\t<div class=\"elementor-element elementor-element-81e8a2c elementor-widget elementor-widget-image\" data-id=\"81e8a2c\" data-element_type=\"widget\" data-e-type=\"widget\" data-widget_type=\"image.default\">\n\t\t\t\t<div class=\"elementor-widget-container\">\n\t\t\t\t\t\t\t\t\t\t\t\t\t\t\t<img fetchpriority=\"high\" decoding=\"async\" width=\"800\" height=\"585\" src=\"https:\/\/aevolvi.com\/wp-content\/uploads\/sites\/64\/2024\/10\/kathe-246-1024x749.jpg\" class=\"attachment-large size-large wp-image-1357\" alt=\"\" srcset=\"https:\/\/aevolvi.com\/wp-content\/uploads\/sites\/64\/2024\/10\/kathe-246-1024x749.jpg 1024w, https:\/\/aevolvi.com\/wp-content\/uploads\/sites\/64\/2024\/10\/kathe-246-300x219.jpg 300w, https:\/\/aevolvi.com\/wp-content\/uploads\/sites\/64\/2024\/10\/kathe-246-768x562.jpg 768w, https:\/\/aevolvi.com\/wp-content\/uploads\/sites\/64\/2024\/10\/kathe-246.jpg 1170w\" sizes=\"(max-width: 800px) 100vw, 800px\" \/>\t\t\t\t\t\t\t\t\t\t\t\t\t\t\t<\/div>\n\t\t\t\t<\/div>\n\t\t\t\t<\/div>\n\t\t<div class=\"elementor-element elementor-element-1c72430a e-con-full e-flex e-con e-child\" data-id=\"1c72430a\" data-element_type=\"container\" data-e-type=\"container\">\n\t\t\t\t<div class=\"elementor-element elementor-element-68a394c3 elementor-widget elementor-widget-heading\" data-id=\"68a394c3\" data-element_type=\"widget\" data-e-type=\"widget\" data-widget_type=\"heading.default\">\n\t\t\t\t<div class=\"elementor-widget-container\">\n\t\t\t\t\t<span class=\"elementor-heading-title elementor-size-default\">S'\u00e9panouir personnellement<\/span>\t\t\t\t<\/div>\n\t\t\t\t<\/div>\n\t\t\t\t<div class=\"elementor-element elementor-element-57a46bb elementor-widget elementor-widget-elementskit-heading\" data-id=\"57a46bb\" data-element_type=\"widget\" data-e-type=\"widget\" data-widget_type=\"elementskit-heading.default\">\n\t\t\t\t<div class=\"elementor-widget-container\">\n\t\t\t\t\t<div class=\"ekit-wid-con\" ><div class=\"ekit-heading elementskit-section-title-wraper text_left   ekit_heading_tablet-   ekit_heading_mobile-\"><h3 class=\"ekit-heading--title elementskit-section-title text_fill\">QUI JE SUIS<\/h3><\/div><\/div>\t\t\t\t<\/div>\n\t\t\t\t<\/div>\n\t\t\t\t<div class=\"elementor-element elementor-element-7f4c5cc7 elementor-widget elementor-widget-text-editor\" data-id=\"7f4c5cc7\" data-element_type=\"widget\" data-e-type=\"widget\" data-widget_type=\"text-editor.default\">\n\t\t\t\t<div class=\"elementor-widget-container\">\n\t\t\t\t\t\t\t\t\t<p>Je m&rsquo;appelle Katherine, j&rsquo;ai 32 ans et je suis originaire d&rsquo;Am\u00e9rique du Sud (\u00c9quateur), bien qu&rsquo;aujourd&rsquo;hui je vive en Suisse.<br \/>\nMa vie a \u00e9t\u00e9 un voyage extraordinaire, plein de d\u00e9fis et de d\u00e9couvertes.<br \/>\nJ&rsquo;ai \u00e9t\u00e9 confront\u00e9e \u00e0 divers obstacles qui m&rsquo;ont parfois mise \u00e0 l&rsquo;\u00e9preuve et qui, apr\u00e8s un acte de courage, m&rsquo;ont pouss\u00e9e \u00e0 regarder en moi-m\u00eame, \u00e0 surmonter la peur de ne pas pouvoir prendre ma vie en main et \u00e0 regarder avec compassion et pardon les fausses croyances et les barri\u00e8res \u00e9motionnelles que je portais depuis si longtemps.<br \/>\nC&rsquo;est un voyage qui se poursuit encore aujourd&rsquo;hui, un voyage vers la gu\u00e9rison et l&rsquo;amour de soi.   <\/p>\n<p><strong>Avec plus de conscience et de libert\u00e9 !<\/strong><\/p>\n<p>Mon exp\u00e9rience m&rsquo;a appris que la v\u00e9ritable transformation ne se produit pas seulement \u00e0 l&rsquo;ext\u00e9rieur, mais qu&rsquo;elle commence \u00e0 l&rsquo;int\u00e9rieur.<br \/>\nMes blessures et mes moments de douleur se sont transform\u00e9s en une force qui me pousse \u00e0 aider d&rsquo;autres personnes \u00e0 d\u00e9couvrir leur potentiel cach\u00e9 et \u00e0 le lib\u00e9rer.<br \/>\nAujourd&rsquo;hui, je suis ici pour partager avec vous mes d\u00e9couvertes et mes outils de d\u00e9veloppement personnel.  <\/p>\n\t\t\t\t\t\t\t\t<\/div>\n\t\t\t\t<\/div>\n\t\t\t\t<div class=\"elementor-element elementor-element-63daf9f5 elementor-widget-divider--view-line elementor-widget elementor-widget-divider\" data-id=\"63daf9f5\" data-element_type=\"widget\" data-e-type=\"widget\" data-widget_type=\"divider.default\">\n\t\t\t\t<div class=\"elementor-widget-container\">\n\t\t\t\t\t\t\t<div class=\"elementor-divider\">\n\t\t\t<span class=\"elementor-divider-separator\">\n\t\t\t\t\t\t<\/span>\n\t\t<\/div>\n\t\t\t\t\t\t<\/div>\n\t\t\t\t<\/div>\n\t\t\t\t<div class=\"elementor-element elementor-element-367ba158 elementor-mobile-align-center elementor-widget elementor-widget-button\" data-id=\"367ba158\" data-element_type=\"widget\" data-e-type=\"widget\" data-widget_type=\"button.default\">\n\t\t\t\t<div class=\"elementor-widget-container\">\n\t\t\t\t\t\t\t\t\t<div class=\"elementor-button-wrapper\">\n\t\t\t\t\t<a class=\"elementor-button elementor-button-link elementor-size-sm\" href=\"https:\/\/aevolvi.com\/fr\/blog\/\">\n\t\t\t\t\t\t<span class=\"elementor-button-content-wrapper\">\n\t\t\t\t\t\t\t\t\t<span class=\"elementor-button-text\">D\u00e9couvrez mon blog<\/span>\n\t\t\t\t\t<\/span>\n\t\t\t\t\t<\/a>\n\t\t\t\t<\/div>\n\t\t\t\t\t\t\t\t<\/div>\n\t\t\t\t<\/div>\n\t\t\t\t<\/div>\n\t\t<div class=\"elementor-element elementor-element-5c421bc6 e-con-full e-flex e-con e-child\" data-id=\"5c421bc6\" data-element_type=\"container\" data-e-type=\"container\">\n\t\t<div class=\"elementor-element elementor-element-b229dc0 e-con-full e-flex e-con e-child\" data-id=\"b229dc0\" data-element_type=\"container\" data-e-type=\"container\">\n\t\t\t\t<div class=\"elementor-element elementor-element-21b2d4a elementor-widget elementor-widget-elementskit-accordion\" data-id=\"21b2d4a\" data-element_type=\"widget\" data-e-type=\"widget\" data-widget_type=\"elementskit-accordion.default\">\n\t\t\t\t<div class=\"elementor-widget-container\">\n\t\t\t\t\t<div class=\"ekit-wid-con\" >\n        <div class=\"elementskit-accordion accoedion-primary\" id=\"accordion-69f9e726cfb77\">\n\n            \n                <div class=\"elementskit-card active\">\n                    <div class=\"elementskit-card-header\" id=\"primaryHeading-0-21b2d4a\">\n                        <a href=\"#collapse-0ae52ab69f9e726cfb77\" class=\"ekit-accordion--toggler elementskit-btn-link collapsed\" data-ekit-toggle=\"collapse\" data-target=\"#Collapse-0ae52ab69f9e726cfb77\" aria-expanded=\"true\" aria-controls=\"Collapse-0ae52ab69f9e726cfb77\">\n                            \n                            <span class=\"ekit-accordion-title\">Ma mission<\/span>\n\n                            \n                                <div class=\"ekit_accordion_icon_group\">\n                                    <div class=\"ekit_accordion_normal_icon\">\n                                        <!-- Normal Icon -->\n\t\t\t\t\t\t\t\t\t\t<i class=\"icon icon-down-arrow1\"><\/i>                                    <\/div>\n\n                                    <div class=\"ekit_accordion_active_icon\">\n                                        <!-- Active Icon -->\n\t\t\t\t\t\t\t\t\t\t<i class=\"icon icon-up-arrow\"><\/i>                                    <\/div>\n                                <\/div>\n\n                            \n                                                    <\/a>\n                    <\/div>\n\n                    <div id=\"Collapse-0ae52ab69f9e726cfb77\" class=\" show collapse\" aria-labelledby=\"primaryHeading-0-21b2d4a\" data-parent=\"#accordion-69f9e726cfb77\">\n\n                        <div class=\"elementskit-card-body ekit-accordion--content\">\n                            <p>Ma mission est simple : vous aider \u00e0 trouver un nouvel \u00e9quilibre vers votre v\u00e9ritable qu\u00eate du bonheur dans la vie.<br \/>\nJe crois fermement que le bien-\u00eatre ne se limite pas \u00e0 la r\u00e9ussite financi\u00e8re ou \u00e0 une vie ext\u00e9rieure parfaite.<br \/>\nLe vrai bonheur vient d'une connexion authentique avec vous-m\u00eame et d'un \u00e9quilibre dans six domaines fondamentaux.  <\/p>\n                        <\/div>\n\n                    <\/div>\n\n                <\/div><!-- .elementskit-card END -->\n\n                \n                <div class=\"elementskit-card \">\n                    <div class=\"elementskit-card-header\" id=\"primaryHeading-1-21b2d4a\">\n                        <a href=\"#collapse-53fb98069f9e726cfb77\" class=\"ekit-accordion--toggler elementskit-btn-link collapsed\" data-ekit-toggle=\"collapse\" data-target=\"#Collapse-53fb98069f9e726cfb77\" aria-expanded=\"false\" aria-controls=\"Collapse-53fb98069f9e726cfb77\">\n                            \n                            <span class=\"ekit-accordion-title\">Vers qui je me tourne<\/span>\n\n                            \n                                <div class=\"ekit_accordion_icon_group\">\n                                    <div class=\"ekit_accordion_normal_icon\">\n                                        <!-- Normal Icon -->\n\t\t\t\t\t\t\t\t\t\t<i class=\"icon icon-down-arrow1\"><\/i>                                    <\/div>\n\n                                    <div class=\"ekit_accordion_active_icon\">\n                                        <!-- Active Icon -->\n\t\t\t\t\t\t\t\t\t\t<i class=\"icon icon-up-arrow\"><\/i>                                    <\/div>\n                                <\/div>\n\n                            \n                                                    <\/a>\n                    <\/div>\n\n                    <div id=\"Collapse-53fb98069f9e726cfb77\" class=\" collapse\" aria-labelledby=\"primaryHeading-1-21b2d4a\" data-parent=\"#accordion-69f9e726cfb77\">\n\n                        <div class=\"elementskit-card-body ekit-accordion--content\">\n                            <p>J'aide des personnes comme vous \u00e0 trouver ce nouvel \u00e9quilibre int\u00e9rieur, \u00e0 s'\u00e9couter et \u00e0 d\u00e9cider d'entamer un voyage vers l'amour. C'est g\u00e9n\u00e9ralement un voyage qui commence par s'aimer soi-m\u00eame, en apprenant \u00e0 aimer m\u00eame ces parties de nous que nous ne voulons pas voir ou que nous cachons, de peur de ne pas \u00eatre accept\u00e9s pour ce que nous sommes vraiment. Lorsque nous d\u00e9couvrons que pour atteindre une vie pleine et \u00e9panouie, nous n'avons pas besoin d'une baguette magique, mais que nous d\u00e9cidons simplement de faire ce petit pas suppl\u00e9mentaire vers nous, avec amour. Si vous vous \u00eates d\u00e9j\u00e0 senti bloqu\u00e9, d\u00e9bord\u00e9 ou si vous souhaitez simplement obtenir plus de votre vie, mon chemin vous guidera vers une nouvelle transformation profonde et authentique. Gr\u00e2ce \u00e0 des techniques de pleine conscience, des th\u00e9rapies holistiques et des outils de d\u00e9veloppement personnel, nous pouvons ensemble surmonter les d\u00e9fis qui vous retiennent.    <\/p>\n                        <\/div>\n\n                    <\/div>\n\n                <\/div><!-- .elementskit-card END -->\n\n                \n                <div class=\"elementskit-card \">\n                    <div class=\"elementskit-card-header\" id=\"primaryHeading-2-21b2d4a\">\n                        <a href=\"#collapse-4e2fdc269f9e726cfb77\" class=\"ekit-accordion--toggler elementskit-btn-link collapsed\" data-ekit-toggle=\"collapse\" data-target=\"#Collapse-4e2fdc269f9e726cfb77\" aria-expanded=\"false\" aria-controls=\"Collapse-4e2fdc269f9e726cfb77\">\n                            \n                            <span class=\"ekit-accordion-title\">Curiosit\u00e9s<\/span>\n\n                            \n                                <div class=\"ekit_accordion_icon_group\">\n                                    <div class=\"ekit_accordion_normal_icon\">\n                                        <!-- Normal Icon -->\n\t\t\t\t\t\t\t\t\t\t<i class=\"icon icon-down-arrow1\"><\/i>                                    <\/div>\n\n                                    <div class=\"ekit_accordion_active_icon\">\n                                        <!-- Active Icon -->\n\t\t\t\t\t\t\t\t\t\t<i class=\"icon icon-up-arrow\"><\/i>                                    <\/div>\n                                <\/div>\n\n                            \n                                                    <\/a>\n                    <\/div>\n\n                    <div id=\"Collapse-4e2fdc269f9e726cfb77\" class=\" collapse\" aria-labelledby=\"primaryHeading-2-21b2d4a\" data-parent=\"#accordion-69f9e726cfb77\">\n\n                        <div class=\"elementskit-card-body ekit-accordion--content\">\n                            <p>J'ai voyag\u00e9 dans plusieurs pays du monde, participant \u00e0 des sommets, des ateliers, des \u00e9v\u00e9nements et des cours consacr\u00e9s au d\u00e9veloppement personnel, \u00e0 la pl\u00e9nitude de l'esprit et \u00e0 la prise de conscience. Cela m'a permis d'explorer diff\u00e9rentes approches et de distiller le meilleur de chaque exp\u00e9rience tout en enrichissant continuellement ma vision du monde. Chaque nouvelle exp\u00e9rience a contribu\u00e9 \u00e0 fa\u00e7onner la m\u00e9thode que je partage avec vous aujourd'hui. Mon chemin s'appelle \"Le secret des six piliers\" et je suis ravie de pouvoir partager cette contribution avec vous.   <\/p>\n                        <\/div>\n\n                    <\/div>\n\n                <\/div><!-- .elementskit-card END -->\n\n                                        <\/div>\n    <\/div>\t\t\t\t<\/div>\n\t\t\t\t<\/div>\n\t\t\t\t<\/div>\n\t\t\t\t<\/div>\n\t\t\t\t\t<\/div>\n\t\t\t\t<\/div>\n\t\t<div class=\"elementor-element elementor-element-7bde0ec5 e-con-full e-flex e-con e-parent\" data-id=\"7bde0ec5\" data-element_type=\"container\" data-e-type=\"container\" data-settings=\"{&quot;background_background&quot;:&quot;classic&quot;}\">\n\t\t<div class=\"elementor-element elementor-element-1a3a1d71 e-con-full e-flex e-con e-child\" data-id=\"1a3a1d71\" data-element_type=\"container\" data-e-type=\"container\" data-settings=\"{&quot;background_background&quot;:&quot;gradient&quot;}\">\n\t\t\t\t<div class=\"elementor-element elementor-element-553c9fb0 elementor-widget__width-initial elementor-widget-tablet__width-initial elementor-widget elementor-widget-heading\" data-id=\"553c9fb0\" data-element_type=\"widget\" data-e-type=\"widget\" data-widget_type=\"heading.default\">\n\t\t\t\t<div class=\"elementor-widget-container\">\n\t\t\t\t\t<h2 class=\"elementor-heading-title elementor-size-default\">Transformez votre vie<\/h2>\t\t\t\t<\/div>\n\t\t\t\t<\/div>\n\t\t\t\t<div class=\"elementor-element elementor-element-5ba26957 elementor-widget__width-initial elementor-widget-tablet__width-initial elementor-widget elementor-widget-text-editor\" data-id=\"5ba26957\" data-element_type=\"widget\" data-e-type=\"widget\" data-widget_type=\"text-editor.default\">\n\t\t\t\t<div class=\"elementor-widget-container\">\n\t\t\t\t\t\t\t\t\t<p>Si vous lisez ces lignes, c&rsquo;est que vous sentez que le moment est venu de transformer votre vie et d&rsquo;exploiter votre v\u00e9ritable potentiel, je vous invite \u00e0 me rejoindre dans ce voyage.<br \/>\nCommencez votre voyage d&rsquo;\u00e9volution personnelle avec \u00c6volvi d\u00e8s aujourd&rsquo;hui.<br \/>\nInscrivez-vous maintenant et pr\u00e9parez-vous \u00e0 d\u00e9couvrir la meilleure version de vous-m\u00eame !  <\/p>\n\t\t\t\t\t\t\t\t<\/div>\n\t\t\t\t<\/div>\n\t\t\t\t<div class=\"elementor-element elementor-element-40571a8f elementor-align-center elementor-widget elementor-widget-button\" data-id=\"40571a8f\" data-element_type=\"widget\" data-e-type=\"widget\" data-widget_type=\"button.default\">\n\t\t\t\t<div class=\"elementor-widget-container\">\n\t\t\t\t\t\t\t\t\t<div class=\"elementor-button-wrapper\">\n\t\t\t\t\t<a class=\"elementor-button elementor-button-link elementor-size-sm\" href=\"https:\/\/aevolvi.com\/fr\/contact\/\">\n\t\t\t\t\t\t<span class=\"elementor-button-content-wrapper\">\n\t\t\t\t\t\t\t\t\t<span class=\"elementor-button-text\">Contactez moi<\/span>\n\t\t\t\t\t<\/span>\n\t\t\t\t\t<\/a>\n\t\t\t\t<\/div>\n\t\t\t\t\t\t\t\t<\/div>\n\t\t\t\t<\/div>\n\t\t\t\t<\/div>\n\t\t\t\t<\/div>\n\t\t<div class=\"elementor-element elementor-element-2c2ad0a7 e-flex e-con-boxed e-con e-parent\" data-id=\"2c2ad0a7\" data-element_type=\"container\" data-e-type=\"container\" data-settings=\"{&quot;background_background&quot;:&quot;classic&quot;}\">\n\t\t\t\t\t<div class=\"e-con-inner\">\n\t\t<div class=\"elementor-element elementor-element-4b4ca7c4 e-flex e-con-boxed e-con e-child\" data-id=\"4b4ca7c4\" data-element_type=\"container\" data-e-type=\"container\" data-settings=\"{&quot;background_background&quot;:&quot;classic&quot;}\">\n\t\t\t\t\t<div class=\"e-con-inner\">\n\t\t<div class=\"elementor-element elementor-element-519c8e e-con-full e-flex e-con e-child\" data-id=\"519c8e\" data-element_type=\"container\" data-e-type=\"container\">\n\t\t\t\t<div class=\"elementor-element elementor-element-40bfaeb8 elementor-widget elementor-widget-heading\" data-id=\"40bfaeb8\" data-element_type=\"widget\" data-e-type=\"widget\" data-widget_type=\"heading.default\">\n\t\t\t\t<div class=\"elementor-widget-container\">\n\t\t\t\t\t<span class=\"elementor-heading-title elementor-size-default\">LE VOYAGE QUI VOUS M\u00c8NE \u00c0 LA LIBERT\u00c9<\/span>\t\t\t\t<\/div>\n\t\t\t\t<\/div>\n\t\t\t\t<div class=\"elementor-element elementor-element-b360edd elementor-widget elementor-widget-text-editor\" data-id=\"b360edd\" data-element_type=\"widget\" data-e-type=\"widget\" data-widget_type=\"text-editor.default\">\n\t\t\t\t<div class=\"elementor-widget-container\">\n\t\t\t\t\t\t\t\t\t<p>Votre voyage vers la libert\u00e9 et l&rsquo;\u00e9quilibre int\u00e9rieurs commence aujourd&rsquo;hui. Il ne s&rsquo;agit pas d&rsquo;un r\u00eave lointain ou d&rsquo;une r\u00e9alit\u00e9 r\u00e9serv\u00e9e \u00e0 quelques chanceux : il est \u00e0 votre port\u00e9e gr\u00e2ce \u00e0 ce petit pas de confiance et d&rsquo;amour que vous ferez. Je suis l\u00e0 pour marcher \u00e0 vos c\u00f4t\u00e9s et vous aider \u00e0 atteindre cette nouvelle connexion int\u00e9rieure profonde avec vous-m\u00eame qui vous permettra de vivre une vie authentique et \u00e9panouissante. Et vous montrer que oui, il est possible de vivre la vie que vous d\u00e9sirez. Ne laissez pas les peurs et les doutes vous retenir.      <\/p>\n<p>\u00ab\u00a0La puissance du vent n&rsquo;a pas d&rsquo;importance si vous n&rsquo;avez pas d\u00e9cid\u00e9 o\u00f9 aller. D\u00e9cider, c&rsquo;est l&rsquo;art de prendre le contr\u00f4le du voyage\u00a0\u00bb.<\/p>\n\t\t\t\t\t\t\t\t<\/div>\n\t\t\t\t<\/div>\n\t\t\t\t<\/div>\n\t\t\t\t\t<\/div>\n\t\t\t\t<\/div>\n\t\t\t\t\t<\/div>\n\t\t\t\t<\/div>\n\t\t\t\t<\/div>\n\t\t","protected":false},"excerpt":{"rendered":"<p>S&rsquo;\u00e9panouir personnellement QUI JE SUIS Je m&rsquo;appelle Katherine, j&rsquo;ai 32 ans et je suis originaire d&rsquo;Am\u00e9rique du Sud (\u00c9quateur), bien qu&rsquo;aujourd&rsquo;hui je vive en Suisse. Ma vie a \u00e9t\u00e9 un voyage extraordinaire, plein de d\u00e9fis et de d\u00e9couvertes. J&rsquo;ai \u00e9t\u00e9 confront\u00e9e \u00e0 divers obstacles qui m&rsquo;ont parfois mise \u00e0 l&rsquo;\u00e9preuve et qui, apr\u00e8s un acte [&hellip;]<\/p>\n","protected":false},"author":2,"featured_media":0,"parent":0,"menu_order":0,"comment_status":"closed","ping_status":"closed","template":"elementor_header_footer","meta":{"_seopress_robots_primary_cat":"","_seopress_titles_title":"%%post_title%% %%sep%% %%sitetitle%%","_seopress_titles_desc":"Ma mission est simple : vous aider \u00e0 trouver un nouvel \u00e9quilibre vers votre v\u00e9ritable qu\u00eate du bonheur dans la vie.","_seopress_robots_index":"","footnotes":""},"class_list":["post-753","page","type-page","status-publish","hentry"],"_links":{"self":[{"href":"https:\/\/aevolvi.com\/fr\/wp-json\/wp\/v2\/pages\/753","targetHints":{"allow":["GET"]}}],"collection":[{"href":"https:\/\/aevolvi.com\/fr\/wp-json\/wp\/v2\/pages"}],"about":[{"href":"https:\/\/aevolvi.com\/fr\/wp-json\/wp\/v2\/types\/page"}],"author":[{"embeddable":true,"href":"https:\/\/aevolvi.com\/fr\/wp-json\/wp\/v2\/users\/2"}],"replies":[{"embeddable":true,"href":"https:\/\/aevolvi.com\/fr\/wp-json\/wp\/v2\/comments?post=753"}],"version-history":[{"count":0,"href":"https:\/\/aevolvi.com\/fr\/wp-json\/wp\/v2\/pages\/753\/revisions"}],"wp:attachment":[{"href":"https:\/\/aevolvi.com\/fr\/wp-json\/wp\/v2\/media?parent=753"}],"curies":[{"name":"wp","href":"https:\/\/api.w.org\/{rel}","templated":true}]}}