{"id":757,"date":"2024-09-19T10:55:11","date_gmt":"2024-09-19T08:55:11","guid":{"rendered":"https:\/\/aevolvi.com\/6-piliers\/"},"modified":"2024-10-08T14:16:02","modified_gmt":"2024-10-08T12:16:02","slug":"6-piliers","status":"publish","type":"page","link":"https:\/\/aevolvi.com\/fr\/6-piliers\/","title":{"rendered":"6 piliers"},"content":{"rendered":"\t\t<div data-elementor-type=\"wp-page\" data-elementor-id=\"757\" class=\"elementor elementor-757 elementor-207\" data-elementor-post-type=\"page\">\n\t\t\t\t<div class=\"elementor-element elementor-element-6c69021c e-flex e-con-boxed e-con e-parent\" data-id=\"6c69021c\" data-element_type=\"container\" data-e-type=\"container\" data-settings=\"{&quot;background_background&quot;:&quot;classic&quot;}\">\n\t\t\t\t\t<div class=\"e-con-inner\">\n\t\t<div class=\"elementor-element elementor-element-2471e61c e-flex e-con-boxed e-con e-child\" data-id=\"2471e61c\" data-element_type=\"container\" data-e-type=\"container\">\n\t\t\t\t\t<div class=\"e-con-inner\">\n\t\t\t\t\t<\/div>\n\t\t\t\t<\/div>\n\t\t<div class=\"elementor-element elementor-element-831ec1d e-flex e-con-boxed e-con e-child\" data-id=\"831ec1d\" data-element_type=\"container\" data-e-type=\"container\">\n\t\t\t\t\t<div class=\"e-con-inner\">\n\t\t\t\t<div class=\"elementor-element elementor-element-67446ced elementor-view-stacked elementor-shape-circle elementor-widget elementor-widget-icon\" data-id=\"67446ced\" data-element_type=\"widget\" data-e-type=\"widget\" data-widget_type=\"icon.default\">\n\t\t\t\t<div class=\"elementor-widget-container\">\n\t\t\t\t\t\t\t<div class=\"elementor-icon-wrapper\">\n\t\t\t<a class=\"elementor-icon\" href=\"#6\">\n\t\t\t<i aria-hidden=\"true\" class=\"icon icon-up-arrow\"><\/i>\t\t\t<\/a>\n\t\t<\/div>\n\t\t\t\t\t\t<\/div>\n\t\t\t\t<\/div>\n\t\t\t\t\t<\/div>\n\t\t\t\t<\/div>\n\t\t\t\t\t<\/div>\n\t\t\t\t<\/div>\n\t\t<div class=\"elementor-element elementor-element-415272f3 e-flex e-con-boxed e-con e-parent\" data-id=\"415272f3\" data-element_type=\"container\" data-e-type=\"container\" id=\"6\">\n\t\t\t\t\t<div class=\"e-con-inner\">\n\t\t<div class=\"elementor-element elementor-element-76283222 e-flex e-con-boxed e-con e-child\" data-id=\"76283222\" data-element_type=\"container\" data-e-type=\"container\">\n\t\t\t\t\t<div class=\"e-con-inner\">\n\t\t<div class=\"elementor-element elementor-element-38422f8e e-con-full e-flex e-con e-child\" data-id=\"38422f8e\" data-element_type=\"container\" data-e-type=\"container\">\n\t\t<div class=\"elementor-element elementor-element-13ceabba e-flex e-con-boxed e-con e-child\" data-id=\"13ceabba\" data-element_type=\"container\" data-e-type=\"container\">\n\t\t\t\t\t<div class=\"e-con-inner\">\n\t\t\t\t<div class=\"elementor-element elementor-element-f1a564d elementor-widget elementor-widget-heading\" data-id=\"f1a564d\" data-element_type=\"widget\" data-e-type=\"widget\" data-widget_type=\"heading.default\">\n\t\t\t\t<div class=\"elementor-widget-container\">\n\t\t\t\t\t<h2 class=\"elementor-heading-title elementor-size-default\">Le secret des 6 piliers d'\u00c6volvi<\/h2>\t\t\t\t<\/div>\n\t\t\t\t<\/div>\n\t\t\t\t<div class=\"elementor-element elementor-element-7f1de4ad elementor-widget elementor-widget-text-editor\" data-id=\"7f1de4ad\" data-element_type=\"widget\" data-e-type=\"widget\" data-widget_type=\"text-editor.default\">\n\t\t\t\t<div class=\"elementor-widget-container\">\n\t\t\t\t\t\t\t\t\t<p>\u00c6volvi &#8211; Le secret des 6 piliers est un chemin transformationnel d&rsquo;\u00e9volution personnelle cr\u00e9\u00e9 pour ceux qui souhaitent aller au-del\u00e0 de la surface et d\u00e9couvrir leur nouveau v\u00e9ritable potentiel.<br \/>\nCette m\u00e9thode est bas\u00e9e sur six domaines fondamentaux qui, en travaillant en synergie, vous permettent d&rsquo;atteindre un nouvel \u00e9quilibre profond et authentique.<br \/>\nIl ne s&rsquo;agit pas seulement d&rsquo;am\u00e9liorer un aspect de votre vie : c&rsquo;est un voyage complet qui englobe le corps, l&rsquo;\u00e2me et l&rsquo;esprit.    <\/p>\n<p>Si vous vous \u00eates d\u00e9j\u00e0 demand\u00e9 pourquoi, malgr\u00e9 des succ\u00e8s ou des r\u00e9alisations ext\u00e9rieures, vous vous sentez toujours incomplet ou bloqu\u00e9, ce programme est fait pour vous.<br \/>\nIl s&rsquo;agit d&rsquo;un chemin qui vous guide de l&rsquo;int\u00e9rieur vers l&rsquo;ext\u00e9rieur, en vous faisant d\u00e9couvrir une version plus authentique, plus \u00e9quilibr\u00e9e et plus \u00e9panouie de vous-m\u00eame. <\/p>\n\t\t\t\t\t\t\t\t<\/div>\n\t\t\t\t<\/div>\n\t\t\t\t<div class=\"elementor-element elementor-element-c8170db elementor-widget elementor-widget-image\" data-id=\"c8170db\" data-element_type=\"widget\" data-e-type=\"widget\" data-widget_type=\"image.default\">\n\t\t\t\t<div class=\"elementor-widget-container\">\n\t\t\t\t\t\t\t\t\t\t\t\t\t\t\t<img fetchpriority=\"high\" decoding=\"async\" width=\"800\" height=\"802\" src=\"https:\/\/aevolvi.com\/wp-content\/uploads\/sites\/64\/2024\/09\/Recurso-2-1-1022x1024.png\" class=\"attachment-large size-large wp-image-676\" alt=\"\" srcset=\"https:\/\/aevolvi.com\/wp-content\/uploads\/sites\/64\/2024\/09\/Recurso-2-1-1022x1024.png 1022w, https:\/\/aevolvi.com\/wp-content\/uploads\/sites\/64\/2024\/09\/Recurso-2-1-300x300.png 300w, https:\/\/aevolvi.com\/wp-content\/uploads\/sites\/64\/2024\/09\/Recurso-2-1-150x150.png 150w, https:\/\/aevolvi.com\/wp-content\/uploads\/sites\/64\/2024\/09\/Recurso-2-1-768x770.png 768w, https:\/\/aevolvi.com\/wp-content\/uploads\/sites\/64\/2024\/09\/Recurso-2-1-500x500.png 500w, https:\/\/aevolvi.com\/wp-content\/uploads\/sites\/64\/2024\/09\/Recurso-2-1-1533x1536.png 1533w, https:\/\/aevolvi.com\/wp-content\/uploads\/sites\/64\/2024\/09\/Recurso-2-1-2044x2048.png 2044w\" sizes=\"(max-width: 800px) 100vw, 800px\" \/>\t\t\t\t\t\t\t\t\t\t\t\t\t\t\t<\/div>\n\t\t\t\t<\/div>\n\t\t\t\t\t<\/div>\n\t\t\t\t<\/div>\n\t\t\t\t<\/div>\n\t\t\t\t\t<\/div>\n\t\t\t\t<\/div>\n\t\t\t\t\t<\/div>\n\t\t\t\t<\/div>\n\t\t<div class=\"elementor-element elementor-element-dd97e7 e-flex e-con-boxed e-con e-parent\" data-id=\"dd97e7\" data-element_type=\"container\" data-e-type=\"container\">\n\t\t\t\t\t<div class=\"e-con-inner\">\n\t\t\t\t<div class=\"elementor-element elementor-element-ecfaa21 elementor-widget elementor-widget-heading\" data-id=\"ecfaa21\" data-element_type=\"widget\" data-e-type=\"widget\" data-widget_type=\"heading.default\">\n\t\t\t\t<div class=\"elementor-widget-container\">\n\t\t\t\t\t<h3 class=\"elementor-heading-title elementor-size-default\">Un voyage \u00e0 travers les 6 piliers<\/h3>\t\t\t\t<\/div>\n\t\t\t\t<\/div>\n\t\t\t\t<div class=\"elementor-element elementor-element-8e9ec19 elementor-widget elementor-widget-text-editor\" data-id=\"8e9ec19\" data-element_type=\"widget\" data-e-type=\"widget\" data-widget_type=\"text-editor.default\">\n\t\t\t\t<div class=\"elementor-widget-container\">\n\t\t\t\t\t\t\t\t\t<p>Le secret d&rsquo;\u00c6volvi r\u00e9side dans ses six piliers, dont chacun repr\u00e9sente un aspect fondamental de la vie.<br \/>\nCes piliers sont au c\u0153ur du chemin et travaillent ensemble pour cr\u00e9er une transformation profonde.<br \/>\nD\u00e9couvrons ensemble les six piliers :  <\/p>\n\t\t\t\t\t\t\t\t<\/div>\n\t\t\t\t<\/div>\n\t\t<div class=\"elementor-element elementor-element-7f4a67ad e-con-full e-flex e-con e-child\" data-id=\"7f4a67ad\" data-element_type=\"container\" data-e-type=\"container\">\n\t\t<div class=\"elementor-element elementor-element-bbbe97c e-con-full e-flex e-con e-child\" data-id=\"bbbe97c\" data-element_type=\"container\" data-e-type=\"container\">\n\t\t\t\t<div class=\"elementor-element elementor-element-4c2082f elementor-view-stacked elementor-shape-circle elementor-position-block-start elementor-mobile-position-block-start elementor-widget elementor-widget-icon-box\" data-id=\"4c2082f\" data-element_type=\"widget\" data-e-type=\"widget\" data-widget_type=\"icon-box.default\">\n\t\t\t\t<div class=\"elementor-widget-container\">\n\t\t\t\t\t\t\t<div class=\"elementor-icon-box-wrapper\">\n\n\t\t\t\t\t\t<div class=\"elementor-icon-box-icon\">\n\t\t\t\t<span  class=\"elementor-icon\">\n\t\t\t\t<i aria-hidden=\"true\" class=\"icon icon-paper-plane\"><\/i>\t\t\t\t<\/span>\n\t\t\t<\/div>\n\t\t\t\n\t\t\t\t\t\t<div class=\"elementor-icon-box-content\">\n\n\t\t\t\t\t\t\t\t\t<h5 class=\"elementor-icon-box-title\">\n\t\t\t\t\t\t<span  >\n\t\t\t\t\t\t\t1. Mission personnelle\t\t\t\t\t\t<\/span>\n\t\t\t\t\t<\/h5>\n\t\t\t\t\n\t\t\t\t\t\t\t\t\t<p class=\"elementor-icon-box-description\">\n\t\t\t\t\t\tTout commence ici.\nVotre mission personnelle est votre \"pourquoi\", la raison profonde qui vous anime chaque jour.\nSans mission claire, il est facile de se perdre ou de se sentir d\u00e9connect\u00e9.\nDans \u00c6volvi, je vous aiderai \u00e0 d\u00e9couvrir votre but le plus authentique, car lorsque vous savez exactement qui vous \u00eates et ce que vous voulez, chaque \u00e9tape devient puissante   \t\t\t\t\t<\/p>\n\t\t\t\t\n\t\t\t<\/div>\n\t\t\t\n\t\t<\/div>\n\t\t\t\t\t\t<\/div>\n\t\t\t\t<\/div>\n\t\t\t\t<\/div>\n\t\t<div class=\"elementor-element elementor-element-442dd1a6 e-con-full e-flex e-con e-child\" data-id=\"442dd1a6\" data-element_type=\"container\" data-e-type=\"container\">\n\t\t\t\t<div class=\"elementor-element elementor-element-81f0f1b elementor-view-stacked elementor-shape-circle elementor-position-block-start elementor-mobile-position-block-start elementor-widget elementor-widget-icon-box\" data-id=\"81f0f1b\" data-element_type=\"widget\" data-e-type=\"widget\" data-widget_type=\"icon-box.default\">\n\t\t\t\t<div class=\"elementor-widget-container\">\n\t\t\t\t\t\t\t<div class=\"elementor-icon-box-wrapper\">\n\n\t\t\t\t\t\t<div class=\"elementor-icon-box-icon\">\n\t\t\t\t<span  class=\"elementor-icon\">\n\t\t\t\t<i aria-hidden=\"true\" class=\"icon icon-medicine\"><\/i>\t\t\t\t<\/span>\n\t\t\t<\/div>\n\t\t\t\n\t\t\t\t\t\t<div class=\"elementor-icon-box-content\">\n\n\t\t\t\t\t\t\t\t\t<h5 class=\"elementor-icon-box-title\">\n\t\t\t\t\t\t<span  >\n\t\t\t\t\t\t\t2. La sant\u00e9\t\t\t\t\t\t<\/span>\n\t\t\t\t\t<\/h5>\n\t\t\t\t\n\t\t\t\t\t\t\t\t\t<p class=\"elementor-icon-box-description\">\n\t\t\t\t\t\tLa sant\u00e9 n'est pas seulement l'absence de maladie, mais un \u00e9quilibre entre le corps et l'esprit.\nGr\u00e2ce \u00e0 des strat\u00e9gies de bien-\u00eatre physique et psychologique, je vous enseignerai combien il existe de moyens nouveaux et simples de prendre soin de vous.\nVous apprendrez \u00e0 nourrir votre corps et votre esprit pour atteindre une \u00e9nergie vitale qui vous soutiendra dans tous les aspects de la vie.  \t\t\t\t\t<\/p>\n\t\t\t\t\n\t\t\t<\/div>\n\t\t\t\n\t\t<\/div>\n\t\t\t\t\t\t<\/div>\n\t\t\t\t<\/div>\n\t\t\t\t<\/div>\n\t\t<div class=\"elementor-element elementor-element-488108b6 e-con-full e-flex e-con e-child\" data-id=\"488108b6\" data-element_type=\"container\" data-e-type=\"container\">\n\t\t\t\t<div class=\"elementor-element elementor-element-cc61744 elementor-view-stacked elementor-shape-circle elementor-position-block-start elementor-mobile-position-block-start elementor-widget elementor-widget-icon-box\" data-id=\"cc61744\" data-element_type=\"widget\" data-e-type=\"widget\" data-widget_type=\"icon-box.default\">\n\t\t\t\t<div class=\"elementor-widget-container\">\n\t\t\t\t\t\t\t<div class=\"elementor-icon-box-wrapper\">\n\n\t\t\t\t\t\t<div class=\"elementor-icon-box-icon\">\n\t\t\t\t<span  class=\"elementor-icon\">\n\t\t\t\t<svg aria-hidden=\"true\" class=\"e-font-icon-svg e-fas-spa\" viewBox=\"0 0 576 512\" xmlns=\"http:\/\/www.w3.org\/2000\/svg\"><path d=\"M568.25 192c-29.04.13-135.01 6.16-213.84 83-33.12 29.63-53.36 63.3-66.41 94.86-13.05-31.56-33.29-65.23-66.41-94.86-78.83-76.84-184.8-82.87-213.84-83-4.41-.02-7.79 3.4-7.75 7.82.23 27.92 7.14 126.14 88.77 199.3C172.79 480.94 256 480 288 480s115.19.95 199.23-80.88c81.64-73.17 88.54-171.38 88.77-199.3.04-4.42-3.34-7.84-7.75-7.82zM287.98 302.6c12.82-18.85 27.6-35.78 44.09-50.52 19.09-18.61 39.58-33.3 60.26-45.18-16.44-70.5-51.72-133.05-96.73-172.22-4.11-3.58-11.02-3.58-15.14 0-44.99 39.14-80.27 101.63-96.74 172.07 20.37 11.7 40.5 26.14 59.22 44.39a282.768 282.768 0 0 1 45.04 51.46z\"><\/path><\/svg>\t\t\t\t<\/span>\n\t\t\t<\/div>\n\t\t\t\n\t\t\t\t\t\t<div class=\"elementor-icon-box-content\">\n\n\t\t\t\t\t\t\t\t\t<h5 class=\"elementor-icon-box-title\">\n\t\t\t\t\t\t<span  >\n\t\t\t\t\t\t\t3. la spiritualit\u00e9\t\t\t\t\t\t<\/span>\n\t\t\t\t\t<\/h5>\n\t\t\t\t\n\t\t\t\t\t\t\t\t\t<p class=\"elementor-icon-box-description\">\n\t\t\t\t\t\tLa spiritualit\u00e9 est une guidance int\u00e9rieure qui vous relie \u00e0 vous-m\u00eame. Elle vous permet de trouver l'\u00e9quilibre, la paix et un profond sentiment d'appartenance. Nous explorerons comment une pratique spirituelle attentive peut vous aider \u00e0 surmonter les d\u00e9fis quotidiens, \u00e0 vous lib\u00e9rer du stress et \u00e0 vivre avec une plus grande authenticit\u00e9.    \t\t\t\t\t<\/p>\n\t\t\t\t\n\t\t\t<\/div>\n\t\t\t\n\t\t<\/div>\n\t\t\t\t\t\t<\/div>\n\t\t\t\t<\/div>\n\t\t\t\t<\/div>\n\t\t<div class=\"elementor-element elementor-element-544e8a8d e-con-full e-flex e-con e-child\" data-id=\"544e8a8d\" data-element_type=\"container\" data-e-type=\"container\">\n\t\t\t\t<div class=\"elementor-element elementor-element-41c699d elementor-view-stacked elementor-shape-circle elementor-position-block-start elementor-mobile-position-block-start elementor-widget elementor-widget-icon-box\" data-id=\"41c699d\" data-element_type=\"widget\" data-e-type=\"widget\" data-widget_type=\"icon-box.default\">\n\t\t\t\t<div class=\"elementor-widget-container\">\n\t\t\t\t\t\t\t<div class=\"elementor-icon-box-wrapper\">\n\n\t\t\t\t\t\t<div class=\"elementor-icon-box-icon\">\n\t\t\t\t<span  class=\"elementor-icon\">\n\t\t\t\t<i aria-hidden=\"true\" class=\"icon icon-user-registration\"><\/i>\t\t\t\t<\/span>\n\t\t\t<\/div>\n\t\t\t\n\t\t\t\t\t\t<div class=\"elementor-icon-box-content\">\n\n\t\t\t\t\t\t\t\t\t<h5 class=\"elementor-icon-box-title\">\n\t\t\t\t\t\t<span  >\n\t\t\t\t\t\t\t4. La profession\t\t\t\t\t\t<\/span>\n\t\t\t\t\t<\/h5>\n\t\t\t\t\n\t\t\t\t\t\t\t\t\t<p class=\"elementor-icon-box-description\">\n\t\t\t\t\t\tVotre profession ne devrait pas \u00eatre un simple emploi, mais une manifestation de votre mission.\nJe vous guiderai pour trouver ou red\u00e9couvrir votre vocation, en vous aidant \u00e0 cr\u00e9er une carri\u00e8re qui refl\u00e8te qui vous \u00eates vraiment.\nLorsque vous travaillez avec passion et alignement, le succ\u00e8s n'est pas un objectif lointain, mais une cons\u00e9quence naturelle.  \t\t\t\t\t<\/p>\n\t\t\t\t\n\t\t\t<\/div>\n\t\t\t\n\t\t<\/div>\n\t\t\t\t\t\t<\/div>\n\t\t\t\t<\/div>\n\t\t\t\t<\/div>\n\t\t<div class=\"elementor-element elementor-element-58cea4c8 e-con-full e-flex e-con e-child\" data-id=\"58cea4c8\" data-element_type=\"container\" data-e-type=\"container\">\n\t\t\t\t<div class=\"elementor-element elementor-element-93539f2 elementor-view-stacked elementor-shape-circle elementor-position-block-start elementor-mobile-position-block-start elementor-widget elementor-widget-icon-box\" data-id=\"93539f2\" data-element_type=\"widget\" data-e-type=\"widget\" data-widget_type=\"icon-box.default\">\n\t\t\t\t<div class=\"elementor-widget-container\">\n\t\t\t\t\t\t\t<div class=\"elementor-icon-box-wrapper\">\n\n\t\t\t\t\t\t<div class=\"elementor-icon-box-icon\">\n\t\t\t\t<span  class=\"elementor-icon\">\n\t\t\t\t<i aria-hidden=\"true\" class=\"icon icon-heart-pulse\"><\/i>\t\t\t\t<\/span>\n\t\t\t<\/div>\n\t\t\t\n\t\t\t\t\t\t<div class=\"elementor-icon-box-content\">\n\n\t\t\t\t\t\t\t\t\t<h5 class=\"elementor-icon-box-title\">\n\t\t\t\t\t\t<span  >\n\t\t\t\t\t\t\t5. Les relations\t\t\t\t\t\t<\/span>\n\t\t\t\t\t<\/h5>\n\t\t\t\t\n\t\t\t\t\t\t\t\t\t<p class=\"elementor-icon-box-description\">\n\t\t\t\t\t\tLes relations que nous cultivons d\u00e9finissent qui nous sommes.\nDans \u00c6volvi, nous explorerons comment reconna\u00eetre et cr\u00e9er des relations authentiques et \u00e9panouissantes qui favorisent votre croissance.\nQu'il s'agisse de relations amicales, familiales ou amoureuses, vous d\u00e9couvrirez comment construire des liens bas\u00e9s sur l'authenticit\u00e9, le respect et une connexion profonde.  \t\t\t\t\t<\/p>\n\t\t\t\t\n\t\t\t<\/div>\n\t\t\t\n\t\t<\/div>\n\t\t\t\t\t\t<\/div>\n\t\t\t\t<\/div>\n\t\t\t\t<\/div>\n\t\t<div class=\"elementor-element elementor-element-5f6b263b e-con-full e-flex e-con e-child\" data-id=\"5f6b263b\" data-element_type=\"container\" data-e-type=\"container\">\n\t\t\t\t<div class=\"elementor-element elementor-element-dc4d9a5 elementor-view-stacked elementor-shape-circle elementor-position-block-start elementor-mobile-position-block-start elementor-widget elementor-widget-icon-box\" data-id=\"dc4d9a5\" data-element_type=\"widget\" data-e-type=\"widget\" data-widget_type=\"icon-box.default\">\n\t\t\t\t<div class=\"elementor-widget-container\">\n\t\t\t\t\t\t\t<div class=\"elementor-icon-box-wrapper\">\n\n\t\t\t\t\t\t<div class=\"elementor-icon-box-icon\">\n\t\t\t\t<span  class=\"elementor-icon\">\n\t\t\t\t<i aria-hidden=\"true\" class=\"icon icon-user1\"><\/i>\t\t\t\t<\/span>\n\t\t\t<\/div>\n\t\t\t\n\t\t\t\t\t\t<div class=\"elementor-icon-box-content\">\n\n\t\t\t\t\t\t\t\t\t<h5 class=\"elementor-icon-box-title\">\n\t\t\t\t\t\t<span  >\n\t\t\t\t\t\t\t6. L'estime de soi\t\t\t\t\t\t<\/span>\n\t\t\t\t\t<\/h5>\n\t\t\t\t\n\t\t\t\t\t\t\t\t\t<p class=\"elementor-icon-box-description\">\n\t\t\t\t\t\tTout part de l'int\u00e9rieur : la confiance en soi est la cl\u00e9 qui ouvre la porte du succ\u00e8s et du bonheur.\nSans confiance en soi, m\u00eame les plus petits r\u00eaves semblent inaccessibles.\nDans ce pilier, nous travaillerons \u00e0 renforcer votre estime de soi, en transformant les peurs et les ins\u00e9curit\u00e9s en force et en confiance.  \t\t\t\t\t<\/p>\n\t\t\t\t\n\t\t\t<\/div>\n\t\t\t\n\t\t<\/div>\n\t\t\t\t\t\t<\/div>\n\t\t\t\t<\/div>\n\t\t\t\t<\/div>\n\t\t\t\t<\/div>\n\t\t\t\t\t<\/div>\n\t\t\t\t<\/div>\n\t\t<div class=\"elementor-element elementor-element-34d073c7 e-con-full e-flex e-con e-parent\" data-id=\"34d073c7\" data-element_type=\"container\" data-e-type=\"container\" data-settings=\"{&quot;background_background&quot;:&quot;classic&quot;}\">\n\t\t<div class=\"elementor-element elementor-element-3dfd3930 e-con-full e-flex e-con e-child\" data-id=\"3dfd3930\" data-element_type=\"container\" data-e-type=\"container\" data-settings=\"{&quot;background_background&quot;:&quot;gradient&quot;}\">\n\t\t\t\t<div class=\"elementor-element elementor-element-624ea121 elementor-widget__width-initial elementor-widget-tablet__width-initial elementor-widget elementor-widget-heading\" data-id=\"624ea121\" data-element_type=\"widget\" data-e-type=\"widget\" data-widget_type=\"heading.default\">\n\t\t\t\t<div class=\"elementor-widget-container\">\n\t\t\t\t\t<h2 class=\"elementor-heading-title elementor-size-default\">Une voie vers l'\u00e9quilibre total<\/h2>\t\t\t\t<\/div>\n\t\t\t\t<\/div>\n\t\t\t\t<div class=\"elementor-element elementor-element-bce9476 elementor-widget__width-initial elementor-widget-tablet__width-initial elementor-widget elementor-widget-text-editor\" data-id=\"bce9476\" data-element_type=\"widget\" data-e-type=\"widget\" data-widget_type=\"text-editor.default\">\n\t\t\t\t<div class=\"elementor-widget-container\">\n\t\t\t\t\t\t\t\t\t<p>Ma mission \u00e0 travers \u00c6volvi est claire : vous amener \u00e0 d\u00e9couvrir et \u00e0 cultiver l&rsquo;\u00e9quilibre entre ces six piliers pour atteindre un bien-\u00eatre complet et profond.<br \/>\nIl ne s&rsquo;agit pas seulement d&rsquo;am\u00e9liorer un ou deux aspects de votre vie, mais d&rsquo;harmoniser tous ces domaines pour qu&rsquo;ils fonctionnent ensemble.<br \/>\nLorsqu&rsquo;il y a un \u00e9quilibre entre le corps, l&rsquo;esprit et les finances, vous pouvez enfin vivre dans la pl\u00e9nitude, l&rsquo;authenticit\u00e9 et la satisfaction.  <\/p>\n<p>Ce cours n&rsquo;est pas seulement un guide th\u00e9orique, mais une exp\u00e9rience pratique et personnalis\u00e9e qui vous permet d&rsquo;affronter et de surmonter vos d\u00e9fis quotidiens. Je vous apprendrai \u00e0 appliquer ces principes dans votre vie r\u00e9elle, afin que vous puissiez voir et sentir votre v\u00e9ritable potentiel. <\/p>\n\t\t\t\t\t\t\t\t<\/div>\n\t\t\t\t<\/div>\n\t\t\t\t<div class=\"elementor-element elementor-element-79726676 elementor-align-center elementor-widget elementor-widget-button\" data-id=\"79726676\" data-element_type=\"widget\" data-e-type=\"widget\" data-widget_type=\"button.default\">\n\t\t\t\t<div class=\"elementor-widget-container\">\n\t\t\t\t\t\t\t\t\t<div class=\"elementor-button-wrapper\">\n\t\t\t\t\t<a class=\"elementor-button elementor-button-link elementor-size-sm\" href=\"https:\/\/aevolvi.com\/fr\/contact\/\">\n\t\t\t\t\t\t<span class=\"elementor-button-content-wrapper\">\n\t\t\t\t\t\t\t\t\t<span class=\"elementor-button-text\">Demandez plus d'informations<\/span>\n\t\t\t\t\t<\/span>\n\t\t\t\t\t<\/a>\n\t\t\t\t<\/div>\n\t\t\t\t\t\t\t\t<\/div>\n\t\t\t\t<\/div>\n\t\t\t\t<\/div>\n\t\t\t\t<\/div>\n\t\t\t\t<\/div>\n\t\t","protected":false},"excerpt":{"rendered":"<p>Le secret des 6 piliers d&rsquo;\u00c6volvi \u00c6volvi &#8211; Le secret des 6 piliers est un chemin transformationnel d&rsquo;\u00e9volution personnelle cr\u00e9\u00e9 pour ceux qui souhaitent aller au-del\u00e0 de la surface et d\u00e9couvrir leur nouveau v\u00e9ritable potentiel. Cette m\u00e9thode est bas\u00e9e sur six domaines fondamentaux qui, en travaillant en synergie, vous permettent d&rsquo;atteindre un nouvel \u00e9quilibre profond [&hellip;]<\/p>\n","protected":false},"author":2,"featured_media":0,"parent":0,"menu_order":0,"comment_status":"closed","ping_status":"closed","template":"elementor_header_footer","meta":{"_seopress_robots_primary_cat":"","_seopress_titles_title":"","_seopress_titles_desc":"","_seopress_robots_index":"","footnotes":""},"class_list":["post-757","page","type-page","status-publish","hentry"],"_links":{"self":[{"href":"https:\/\/aevolvi.com\/fr\/wp-json\/wp\/v2\/pages\/757","targetHints":{"allow":["GET"]}}],"collection":[{"href":"https:\/\/aevolvi.com\/fr\/wp-json\/wp\/v2\/pages"}],"about":[{"href":"https:\/\/aevolvi.com\/fr\/wp-json\/wp\/v2\/types\/page"}],"author":[{"embeddable":true,"href":"https:\/\/aevolvi.com\/fr\/wp-json\/wp\/v2\/users\/2"}],"replies":[{"embeddable":true,"href":"https:\/\/aevolvi.com\/fr\/wp-json\/wp\/v2\/comments?post=757"}],"version-history":[{"count":0,"href":"https:\/\/aevolvi.com\/fr\/wp-json\/wp\/v2\/pages\/757\/revisions"}],"wp:attachment":[{"href":"https:\/\/aevolvi.com\/fr\/wp-json\/wp\/v2\/media?parent=757"}],"curies":[{"name":"wp","href":"https:\/\/api.w.org\/{rel}","templated":true}]}}