{"id":959,"date":"2024-09-21T14:21:26","date_gmt":"2024-09-21T12:21:26","guid":{"rendered":"https:\/\/aevolvi.com\/politique-de-confidentialite\/"},"modified":"2024-09-23T08:33:24","modified_gmt":"2024-09-23T06:33:24","slug":"politique-de-confidentialite","status":"publish","type":"page","link":"https:\/\/aevolvi.com\/fr\/politique-de-confidentialite\/","title":{"rendered":"Politique de confidentialit\u00e9"},"content":{"rendered":"\t\t<div data-elementor-type=\"wp-page\" data-elementor-id=\"959\" class=\"elementor elementor-959 elementor-951\" data-elementor-post-type=\"page\">\n\t\t\t\t<div class=\"elementor-element elementor-element-548dc170 e-flex e-con-boxed e-con e-parent\" data-id=\"548dc170\" data-element_type=\"container\" data-e-type=\"container\">\n\t\t\t\t\t<div class=\"e-con-inner\">\n\t\t\t\t<div class=\"elementor-element elementor-element-7c548fca elementor-widget elementor-widget-text-editor\" data-id=\"7c548fca\" data-element_type=\"widget\" data-e-type=\"widget\" data-widget_type=\"text-editor.default\">\n\t\t\t\t<div class=\"elementor-widget-container\">\n\t\t\t\t\t\t\t\t\t\n<p><br><br><br>A<strong>EVOLVI par Katherine Recalde<\/strong> Via Monte Verit\u00e0 12, 6612 Ascona<a>info@aevolvi.com<\/a> +41 76 765 54 07<\/p>\n\n\n\n<p>Derni\u00e8re mise \u00e0 jour : 20.09.2024<\/p>\n\n\n\n<p><strong>1. Introduction<\/strong><\/p>\n\n\n\n<p>Votre vie priv\u00e9e est importante pour nous.\nDans cette politique de confidentialit\u00e9, nous expliquons comment nous collectons, utilisons et prot\u00e9geons vos donn\u00e9es personnelles lorsque vous visitez notre site web <strong><a href=\"\">www.aevolvi.com<\/a><\/strong> (ci-apr\u00e8s d\u00e9nomm\u00e9 le \u00ab\u00a0site\u00a0\u00bb).\nLe pr\u00e9sent avis est conforme au <strong>r\u00e8glement g\u00e9n\u00e9ral sur la protection des donn\u00e9es (RGPD)<\/strong> et \u00e0 la l\u00e9gislation suisse sur la protection des donn\u00e9es.  <\/p>\n\n\n\n<p><strong>2. Les donn\u00e9es que nous collectons<\/strong><\/p>\n\n\n\n<p>Lorsque vous utilisez notre site, nous pouvons collecter les donn\u00e9es personnelles suivantes :<\/p>\n\n\n\n<ul class=\"wp-block-list\">\n<li><strong>Coordonn\u00e9es<\/strong>: nom, adresse \u00e9lectronique, num\u00e9ro de t\u00e9l\u00e9phone.<\/li>\n\n\n\n<li><strong>Donn\u00e9es de navigation<\/strong>: adresse IP, type de navigateur, pages visit\u00e9es, dur\u00e9e de la visite.<\/li>\n\n\n\n<li><strong>Donn\u00e9es fournies volontairement<\/strong>: informations que vous nous fournissez en remplissant des formulaires sur notre site ou par communication directe.<\/li>\n<\/ul>\n\n\n\n<p><strong>3. Utilisation des donn\u00e9es \u00e0 caract\u00e8re personnel<\/strong><\/p>\n\n\n\n<p>Nous utilisons vos donn\u00e9es personnelles aux fins suivantes :<\/p>\n\n\n\n<ul class=\"wp-block-list\">\n<li>Fournir les services demand\u00e9s, tels que r\u00e9pondre \u00e0 vos questions ou \u00e0 vos inscriptions.<\/li>\n\n\n\n<li>Am\u00e9liorer notre site et personnaliser votre exp\u00e9rience.<\/li>\n\n\n\n<li>Envoyer des communications marketing si vous nous avez donn\u00e9 votre consentement.<\/li>\n\n\n\n<li>Respecter les obligations l\u00e9gales.<\/li>\n<\/ul>\n\n\n\n<p><strong>4. Divulgation de donn\u00e9es \u00e0 des tiers<\/strong><\/p>\n\n\n\n<p>Nous ne partageons pas vos donn\u00e9es personnelles avec des tiers, sauf dans les cas suivants :<\/p>\n\n\n\n<ul class=\"wp-block-list\">\n<li>Lorsque cela est n\u00e9cessaire pour fournir les services demand\u00e9s (par exemple, les prestataires de services techniques).<\/li>\n\n\n\n<li>Lorsque nous sommes l\u00e9galement oblig\u00e9s de le faire.<\/li>\n<\/ul>\n\n\n\n<p><strong>5. S\u00e9curit\u00e9 des donn\u00e9es<\/strong><\/p>\n\n\n\n<p>Nous prot\u00e9geons vos donn\u00e9es personnelles par des mesures de s\u00e9curit\u00e9 appropri\u00e9es afin d&#8217;emp\u00eacher tout acc\u00e8s non autoris\u00e9, toute perte ou toute divulgation.<\/p>\n\n\n\n<p><strong>6. Droits de l&rsquo;utilisateur<\/strong><\/p>\n\n\n\n<p>Vous avez le droit de :<\/p>\n\n\n\n<ul class=\"wp-block-list\">\n<li>Demander l&rsquo;acc\u00e8s \u00e0 vos donn\u00e9es personnelles.<\/li>\n\n\n\n<li>Demander la correction ou la suppression de vos donn\u00e9es.<\/li>\n\n\n\n<li>S&rsquo;opposer au traitement de vos donn\u00e9es personnelles.<\/li>\n<\/ul>\n\n\n\n<p>Pour exercer ces droits, vous pouvez nous contacter \u00e0 l&rsquo;adresse suivante <strong><a>info@aevolvi.com<\/a><\/strong>.<\/p>\n\n\n\n<p><strong>7. Modifications de la politique de protection de la vie priv\u00e9e<\/strong><\/p>\n\n\n\n<p>Nous nous r\u00e9servons le droit de modifier cette politique de confidentialit\u00e9 \u00e0 tout moment.\nNous vous informerons de toute modification en publiant la politique mise \u00e0 jour sur notre site. <\/p>\n\t\t\t\t\t\t\t\t<\/div>\n\t\t\t\t<\/div>\n\t\t\t\t\t<\/div>\n\t\t\t\t<\/div>\n\t\t\t\t<\/div>\n\t\t","protected":false},"excerpt":{"rendered":"<p>AEVOLVI par Katherine Recalde Via Monte Verit\u00e0 12, 6612 Asconainfo@aevolvi.com +41 76 765 54 07 Derni\u00e8re mise \u00e0 jour : 20.09.2024 1. Introduction Votre vie priv\u00e9e est importante pour nous. Dans cette politique de confidentialit\u00e9, nous expliquons comment nous collectons, utilisons et prot\u00e9geons vos donn\u00e9es personnelles lorsque vous visitez notre site web www.aevolvi.com (ci-apr\u00e8s d\u00e9nomm\u00e9 [&hellip;]<\/p>\n","protected":false},"author":2,"featured_media":0,"parent":0,"menu_order":0,"comment_status":"closed","ping_status":"closed","template":"","meta":{"_seopress_robots_primary_cat":"","_seopress_titles_title":"","_seopress_titles_desc":"","_seopress_robots_index":"","footnotes":""},"class_list":["post-959","page","type-page","status-publish","hentry"],"_links":{"self":[{"href":"https:\/\/aevolvi.com\/fr\/wp-json\/wp\/v2\/pages\/959","targetHints":{"allow":["GET"]}}],"collection":[{"href":"https:\/\/aevolvi.com\/fr\/wp-json\/wp\/v2\/pages"}],"about":[{"href":"https:\/\/aevolvi.com\/fr\/wp-json\/wp\/v2\/types\/page"}],"author":[{"embeddable":true,"href":"https:\/\/aevolvi.com\/fr\/wp-json\/wp\/v2\/users\/2"}],"replies":[{"embeddable":true,"href":"https:\/\/aevolvi.com\/fr\/wp-json\/wp\/v2\/comments?post=959"}],"version-history":[{"count":0,"href":"https:\/\/aevolvi.com\/fr\/wp-json\/wp\/v2\/pages\/959\/revisions"}],"wp:attachment":[{"href":"https:\/\/aevolvi.com\/fr\/wp-json\/wp\/v2\/media?parent=959"}],"curies":[{"name":"wp","href":"https:\/\/api.w.org\/{rel}","templated":true}]}}