{"id":974,"date":"2024-09-21T14:22:19","date_gmt":"2024-09-21T12:22:19","guid":{"rendered":"https:\/\/aevolvi.com\/conditions-generales-dutilisation\/"},"modified":"2024-09-23T08:33:24","modified_gmt":"2024-09-23T06:33:24","slug":"conditions-generales-dutilisation","status":"publish","type":"page","link":"https:\/\/aevolvi.com\/fr\/conditions-generales-dutilisation\/","title":{"rendered":"Conditions g\u00e9n\u00e9rales d&rsquo;utilisation"},"content":{"rendered":"\t\t<div data-elementor-type=\"wp-page\" data-elementor-id=\"974\" class=\"elementor elementor-974 elementor-968\" data-elementor-post-type=\"page\">\n\t\t\t\t<div class=\"elementor-element elementor-element-7a0e6aaf e-flex e-con-boxed e-con e-parent\" data-id=\"7a0e6aaf\" data-element_type=\"container\" data-e-type=\"container\">\n\t\t\t\t\t<div class=\"e-con-inner\">\n\t\t\t\t<div class=\"elementor-element elementor-element-1fc6fc14 elementor-widget elementor-widget-text-editor\" data-id=\"1fc6fc14\" data-element_type=\"widget\" data-e-type=\"widget\" data-widget_type=\"text-editor.default\">\n\t\t\t\t<div class=\"elementor-widget-container\">\n\t\t\t\t\t\t\t\t\t\n<p><br><br><br>A<strong>EVOLVI par Katherine Recalde<\/strong> Via Monte Verit\u00e0 12, 6612 Ascona<a>info@aevolvi.com<\/a> +41 76 765 54 07<\/p>\n\n\n\n<p>Derni\u00e8re mise \u00e0 jour : 20.09.2024<\/p>\n\n\n\n<p><strong>1. Introduction<\/strong><\/p>\n\n\n\n<p>Les pr\u00e9sentes conditions g\u00e9n\u00e9rales r\u00e9gissent l&rsquo;acc\u00e8s et l&rsquo;utilisation du site web <strong><a href=\"http:\/\/www.aevolvi.com\">www.aevolvi.com<\/a><\/strong> (ci-apr\u00e8s d\u00e9nomm\u00e9 \u00ab\u00a0le site\u00a0\u00bb).\nEn acc\u00e9dant au site, vous acceptez d&rsquo;\u00eatre li\u00e9 par ces conditions.\nSi vous n&rsquo;acceptez pas ces conditions, veuillez ne pas utiliser le site.  <\/p>\n\n\n\n<p><strong>2. Services offerts<\/strong><\/p>\n\n\n\n<p><strong>\u00c6volvi<\/strong> propose du contenu et des services li\u00e9s au d\u00e9veloppement personnel et au bien-\u00eatre int\u00e9rieur.\nCes services peuvent inclure des articles, des programmes de coaching et du mat\u00e9riel p\u00e9dagogique. <\/p>\n\n\n\n<p><strong>3. Utilisation du site<\/strong><\/p>\n\n\n\n<p>En utilisant le site, vous vous engagez \u00e0 :<\/p>\n\n\n\n<ul class=\"wp-block-list\">\n<li>N&rsquo;enfreignez pas les lois en vigueur.<\/li>\n\n\n\n<li>N&rsquo;utilisez pas le site d&rsquo;une mani\u00e8re qui porte atteinte \u00e0 sa fonctionnalit\u00e9 ou qui interf\u00e8re avec les droits des autres utilisateurs.<\/li>\n\n\n\n<li>Ne t\u00e9l\u00e9chargez pas de contenu ill\u00e9gal, offensant ou nuisible.<\/li>\n<\/ul>\n\n\n\n<p><strong>4. Propri\u00e9t\u00e9 intellectuelle<\/strong><\/p>\n\n\n\n<p>Tout le contenu du Site, y compris le texte, les images, les logos et le design, est la propri\u00e9t\u00e9 d&rsquo;<strong>\u00c6volvi<\/strong> ou des d\u00e9tenteurs de droits respectifs.\nVous ne pouvez pas utiliser, reproduire ou distribuer ce contenu sans autorisation \u00e9crite. <\/p>\n\n\n\n<p><strong>5. Exclusion de la responsabilit\u00e9<\/strong><\/p>\n\n\n\n<p>Le contenu et les services fournis sur le Site sont propos\u00e9s \u00ab\u00a0en l&rsquo;\u00e9tat\u00a0\u00bb. <strong>\u00c6volvi<\/strong> ne garantit pas l&rsquo;exactitude ou l&rsquo;exhaustivit\u00e9 du contenu du Site et ne peut \u00eatre tenu responsable de toute erreur ou omission.<\/p>\n\n\n\n<p><strong>6. Modifications des conditions<\/strong><\/p>\n\n\n\n<p>Nous nous r\u00e9servons le droit de modifier les pr\u00e9sentes conditions g\u00e9n\u00e9rales \u00e0 tout moment.\nLes modifications seront publi\u00e9es sur le site et, en continuant \u00e0 utiliser le site apr\u00e8s leur publication, vous acceptez automatiquement les nouvelles conditions. <\/p>\n\n\n\n<p><strong>7. Droit applicable<\/strong><\/p>\n\n\n\n<p>Les pr\u00e9sentes conditions sont r\u00e9gies par le droit suisse.\nTout litige r\u00e9sultant de l&rsquo;utilisation du site est soumis \u00e0 la comp\u00e9tence exclusive des tribunaux suisses. <\/p>\n\t\t\t\t\t\t\t\t<\/div>\n\t\t\t\t<\/div>\n\t\t\t\t\t<\/div>\n\t\t\t\t<\/div>\n\t\t\t\t<\/div>\n\t\t","protected":false},"excerpt":{"rendered":"<p>AEVOLVI par Katherine Recalde Via Monte Verit\u00e0 12, 6612 Asconainfo@aevolvi.com +41 76 765 54 07 Derni\u00e8re mise \u00e0 jour : 20.09.2024 1. Introduction Les pr\u00e9sentes conditions g\u00e9n\u00e9rales r\u00e9gissent l&rsquo;acc\u00e8s et l&rsquo;utilisation du site web www.aevolvi.com (ci-apr\u00e8s d\u00e9nomm\u00e9 \u00ab\u00a0le site\u00a0\u00bb). En acc\u00e9dant au site, vous acceptez d&rsquo;\u00eatre li\u00e9 par ces conditions. Si vous n&rsquo;acceptez pas ces [&hellip;]<\/p>\n","protected":false},"author":2,"featured_media":0,"parent":0,"menu_order":0,"comment_status":"closed","ping_status":"closed","template":"","meta":{"_seopress_robots_primary_cat":"","_seopress_titles_title":"","_seopress_titles_desc":"","_seopress_robots_index":"","footnotes":""},"class_list":["post-974","page","type-page","status-publish","hentry"],"_links":{"self":[{"href":"https:\/\/aevolvi.com\/fr\/wp-json\/wp\/v2\/pages\/974","targetHints":{"allow":["GET"]}}],"collection":[{"href":"https:\/\/aevolvi.com\/fr\/wp-json\/wp\/v2\/pages"}],"about":[{"href":"https:\/\/aevolvi.com\/fr\/wp-json\/wp\/v2\/types\/page"}],"author":[{"embeddable":true,"href":"https:\/\/aevolvi.com\/fr\/wp-json\/wp\/v2\/users\/2"}],"replies":[{"embeddable":true,"href":"https:\/\/aevolvi.com\/fr\/wp-json\/wp\/v2\/comments?post=974"}],"version-history":[{"count":0,"href":"https:\/\/aevolvi.com\/fr\/wp-json\/wp\/v2\/pages\/974\/revisions"}],"wp:attachment":[{"href":"https:\/\/aevolvi.com\/fr\/wp-json\/wp\/v2\/media?parent=974"}],"curies":[{"name":"wp","href":"https:\/\/api.w.org\/{rel}","templated":true}]}}