{"id":1091,"date":"2024-09-17T09:52:44","date_gmt":"2024-09-17T07:52:44","guid":{"rendered":"https:\/\/aevolvi.com\/quem-sao-eles\/"},"modified":"2024-10-22T23:06:54","modified_gmt":"2024-10-22T21:06:54","slug":"quem-sao-eles","status":"publish","type":"page","link":"https:\/\/aevolvi.com\/pt-br\/quem-sao-eles\/","title":{"rendered":"Quem s\u00e3o eles"},"content":{"rendered":"\t\t<div data-elementor-type=\"wp-page\" data-elementor-id=\"1091\" class=\"elementor elementor-1091 elementor-177\" data-elementor-post-type=\"page\">\n\t\t\t\t<div class=\"elementor-element elementor-element-c13481f e-flex e-con-boxed e-con e-parent\" data-id=\"c13481f\" data-element_type=\"container\" data-e-type=\"container\" data-settings=\"{&quot;background_background&quot;:&quot;classic&quot;}\">\n\t\t\t\t\t<div class=\"e-con-inner\">\n\t\t<div class=\"elementor-element elementor-element-504b089f e-flex e-con-boxed e-con e-child\" data-id=\"504b089f\" data-element_type=\"container\" data-e-type=\"container\">\n\t\t\t\t\t<div class=\"e-con-inner\">\n\t\t\t\t\t<\/div>\n\t\t\t\t<\/div>\n\t\t\t\t\t<\/div>\n\t\t\t\t<\/div>\n\t\t<div class=\"elementor-element elementor-element-2051a395 e-flex e-con-boxed e-con e-parent\" data-id=\"2051a395\" data-element_type=\"container\" data-e-type=\"container\">\n\t\t\t\t\t<div class=\"e-con-inner\">\n\t\t<div class=\"elementor-element elementor-element-68deebd2 e-con-full e-flex e-con e-child\" data-id=\"68deebd2\" data-element_type=\"container\" data-e-type=\"container\">\n\t\t\t\t<div class=\"elementor-element elementor-element-81e8a2c elementor-widget elementor-widget-image\" data-id=\"81e8a2c\" data-element_type=\"widget\" data-e-type=\"widget\" data-widget_type=\"image.default\">\n\t\t\t\t<div class=\"elementor-widget-container\">\n\t\t\t\t\t\t\t\t\t\t\t\t\t\t\t<img fetchpriority=\"high\" decoding=\"async\" width=\"800\" height=\"585\" src=\"https:\/\/aevolvi.com\/wp-content\/uploads\/sites\/64\/2024\/10\/kathe-246-1024x749.jpg\" class=\"attachment-large size-large wp-image-1359\" alt=\"\" srcset=\"https:\/\/aevolvi.com\/wp-content\/uploads\/sites\/64\/2024\/10\/kathe-246-1024x749.jpg 1024w, https:\/\/aevolvi.com\/wp-content\/uploads\/sites\/64\/2024\/10\/kathe-246-300x219.jpg 300w, https:\/\/aevolvi.com\/wp-content\/uploads\/sites\/64\/2024\/10\/kathe-246-768x562.jpg 768w, https:\/\/aevolvi.com\/wp-content\/uploads\/sites\/64\/2024\/10\/kathe-246.jpg 1170w\" sizes=\"(max-width: 800px) 100vw, 800px\" \/>\t\t\t\t\t\t\t\t\t\t\t\t\t\t\t<\/div>\n\t\t\t\t<\/div>\n\t\t\t\t<\/div>\n\t\t<div class=\"elementor-element elementor-element-1c72430a e-con-full e-flex e-con e-child\" data-id=\"1c72430a\" data-element_type=\"container\" data-e-type=\"container\">\n\t\t\t\t<div class=\"elementor-element elementor-element-68a394c3 elementor-widget elementor-widget-heading\" data-id=\"68a394c3\" data-element_type=\"widget\" data-e-type=\"widget\" data-widget_type=\"heading.default\">\n\t\t\t\t<div class=\"elementor-widget-container\">\n\t\t\t\t\t<span class=\"elementor-heading-title elementor-size-default\">Crescimento pessoal<\/span>\t\t\t\t<\/div>\n\t\t\t\t<\/div>\n\t\t\t\t<div class=\"elementor-element elementor-element-57a46bb elementor-widget elementor-widget-elementskit-heading\" data-id=\"57a46bb\" data-element_type=\"widget\" data-e-type=\"widget\" data-widget_type=\"elementskit-heading.default\">\n\t\t\t\t<div class=\"elementor-widget-container\">\n\t\t\t\t\t<div class=\"ekit-wid-con\" ><div class=\"ekit-heading elementskit-section-title-wraper text_left   ekit_heading_tablet-   ekit_heading_mobile-\"><h3 class=\"ekit-heading--title elementskit-section-title text_fill\">QUEM EU SOU<\/h3><\/div><\/div>\t\t\t\t<\/div>\n\t\t\t\t<\/div>\n\t\t\t\t<div class=\"elementor-element elementor-element-7f4c5cc7 elementor-widget elementor-widget-text-editor\" data-id=\"7f4c5cc7\" data-element_type=\"widget\" data-e-type=\"widget\" data-widget_type=\"text-editor.default\">\n\t\t\t\t<div class=\"elementor-widget-container\">\n\t\t\t\t\t\t\t\t\t<p>Meu nome \u00e9 Katherine, tenho 32 anos e sou da Am\u00e9rica do Sul (Equador), embora hoje viva na Su\u00ed\u00e7a.<br \/>\nMinha vida tem sido uma jornada extraordin\u00e1ria, cheia de desafios e descobertas.<br \/>\nEnfrentei v\u00e1rios obst\u00e1culos que, \u00e0s vezes, me colocaram \u00e0 prova e, depois de um salto de coragem, me levaram a olhar para dentro de mim mesma, superando o medo de n\u00e3o conseguir tomar minha vida em minhas pr\u00f3prias m\u00e3os e olhando com compaix\u00e3o e perd\u00e3o para as falsas cren\u00e7as e barreiras emocionais que eu carregava h\u00e1 tanto tempo.<br \/>\nEssa foi uma jornada que continua at\u00e9 hoje, uma jornada para me curar e me amar.   <\/p>\n<p><strong>Com mais consci\u00eancia e liberdade!<\/strong><\/p>\n<p>Minha experi\u00eancia me ensinou que a verdadeira transforma\u00e7\u00e3o n\u00e3o acontece apenas do lado de fora, mas come\u00e7a de dentro.<br \/>\nMinhas feridas e momentos de dor se transformaram em uma for\u00e7a que me impulsiona a ajudar outras pessoas a descobrirem seu potencial oculto e a liber\u00e1-lo.<br \/>\nHoje estou aqui para compartilhar com voc\u00ea minhas descobertas e minhas ferramentas para o crescimento pessoal.  <\/p>\n\t\t\t\t\t\t\t\t<\/div>\n\t\t\t\t<\/div>\n\t\t\t\t<div class=\"elementor-element elementor-element-63daf9f5 elementor-widget-divider--view-line elementor-widget elementor-widget-divider\" data-id=\"63daf9f5\" data-element_type=\"widget\" data-e-type=\"widget\" data-widget_type=\"divider.default\">\n\t\t\t\t<div class=\"elementor-widget-container\">\n\t\t\t\t\t\t\t<div class=\"elementor-divider\">\n\t\t\t<span class=\"elementor-divider-separator\">\n\t\t\t\t\t\t<\/span>\n\t\t<\/div>\n\t\t\t\t\t\t<\/div>\n\t\t\t\t<\/div>\n\t\t\t\t<div class=\"elementor-element elementor-element-367ba158 elementor-mobile-align-center elementor-widget elementor-widget-button\" data-id=\"367ba158\" data-element_type=\"widget\" data-e-type=\"widget\" data-widget_type=\"button.default\">\n\t\t\t\t<div class=\"elementor-widget-container\">\n\t\t\t\t\t\t\t\t\t<div class=\"elementor-button-wrapper\">\n\t\t\t\t\t<a class=\"elementor-button elementor-button-link elementor-size-sm\" href=\"https:\/\/aevolvi.com\/pt-br\/blog\/\">\n\t\t\t\t\t\t<span class=\"elementor-button-content-wrapper\">\n\t\t\t\t\t\t\t\t\t<span class=\"elementor-button-text\">Descubra meu blog<\/span>\n\t\t\t\t\t<\/span>\n\t\t\t\t\t<\/a>\n\t\t\t\t<\/div>\n\t\t\t\t\t\t\t\t<\/div>\n\t\t\t\t<\/div>\n\t\t\t\t<\/div>\n\t\t<div class=\"elementor-element elementor-element-5c421bc6 e-con-full e-flex e-con e-child\" data-id=\"5c421bc6\" data-element_type=\"container\" data-e-type=\"container\">\n\t\t<div class=\"elementor-element elementor-element-b229dc0 e-con-full e-flex e-con e-child\" data-id=\"b229dc0\" data-element_type=\"container\" data-e-type=\"container\">\n\t\t\t\t<div class=\"elementor-element elementor-element-21b2d4a elementor-widget elementor-widget-elementskit-accordion\" data-id=\"21b2d4a\" data-element_type=\"widget\" data-e-type=\"widget\" data-widget_type=\"elementskit-accordion.default\">\n\t\t\t\t<div class=\"elementor-widget-container\">\n\t\t\t\t\t<div class=\"ekit-wid-con\" >\n        <div class=\"elementskit-accordion accoedion-primary\" id=\"accordion-69fa8a91b9597\">\n\n            \n                <div class=\"elementskit-card active\">\n                    <div class=\"elementskit-card-header\" id=\"primaryHeading-0-21b2d4a\">\n                        <a href=\"#collapse-0ae52ab69fa8a91b9597\" class=\"ekit-accordion--toggler elementskit-btn-link collapsed\" data-ekit-toggle=\"collapse\" data-target=\"#Collapse-0ae52ab69fa8a91b9597\" aria-expanded=\"true\" aria-controls=\"Collapse-0ae52ab69fa8a91b9597\">\n                            \n                            <span class=\"ekit-accordion-title\">Minha miss\u00e3o<\/span>\n\n                            \n                                <div class=\"ekit_accordion_icon_group\">\n                                    <div class=\"ekit_accordion_normal_icon\">\n                                        <!-- Normal Icon -->\n\t\t\t\t\t\t\t\t\t\t<i class=\"icon icon-down-arrow1\"><\/i>                                    <\/div>\n\n                                    <div class=\"ekit_accordion_active_icon\">\n                                        <!-- Active Icon -->\n\t\t\t\t\t\t\t\t\t\t<i class=\"icon icon-up-arrow\"><\/i>                                    <\/div>\n                                <\/div>\n\n                            \n                                                    <\/a>\n                    <\/div>\n\n                    <div id=\"Collapse-0ae52ab69fa8a91b9597\" class=\" show collapse\" aria-labelledby=\"primaryHeading-0-21b2d4a\" data-parent=\"#accordion-69fa8a91b9597\">\n\n                        <div class=\"elementskit-card-body ekit-accordion--content\">\n                            <p>Minha miss\u00e3o \u00e9 simples: ajudar voc\u00ea a encontrar um novo equil\u00edbrio em rela\u00e7\u00e3o \u00e0 sua verdadeira busca pela felicidade na vida.<br \/>\nAcredito firmemente que o bem-estar n\u00e3o se limita ao sucesso financeiro ou a ter uma vida perfeita por fora.<br \/>\nA verdadeira felicidade vem de uma conex\u00e3o aut\u00eantica com voc\u00ea e do equil\u00edbrio em seis \u00e1reas fundamentais.  <\/p>\n                        <\/div>\n\n                    <\/div>\n\n                <\/div><!-- .elementskit-card END -->\n\n                \n                <div class=\"elementskit-card \">\n                    <div class=\"elementskit-card-header\" id=\"primaryHeading-1-21b2d4a\">\n                        <a href=\"#collapse-53fb98069fa8a91b9597\" class=\"ekit-accordion--toggler elementskit-btn-link collapsed\" data-ekit-toggle=\"collapse\" data-target=\"#Collapse-53fb98069fa8a91b9597\" aria-expanded=\"false\" aria-controls=\"Collapse-53fb98069fa8a91b9597\">\n                            \n                            <span class=\"ekit-accordion-title\">A quem eu recorro<\/span>\n\n                            \n                                <div class=\"ekit_accordion_icon_group\">\n                                    <div class=\"ekit_accordion_normal_icon\">\n                                        <!-- Normal Icon -->\n\t\t\t\t\t\t\t\t\t\t<i class=\"icon icon-down-arrow1\"><\/i>                                    <\/div>\n\n                                    <div class=\"ekit_accordion_active_icon\">\n                                        <!-- Active Icon -->\n\t\t\t\t\t\t\t\t\t\t<i class=\"icon icon-up-arrow\"><\/i>                                    <\/div>\n                                <\/div>\n\n                            \n                                                    <\/a>\n                    <\/div>\n\n                    <div id=\"Collapse-53fb98069fa8a91b9597\" class=\" collapse\" aria-labelledby=\"primaryHeading-1-21b2d4a\" data-parent=\"#accordion-69fa8a91b9597\">\n\n                        <div class=\"elementskit-card-body ekit-accordion--content\">\n                            <p>Ajudo pessoas como voc\u00ea a encontrar esse novo equil\u00edbrio interno, a ouvir a si mesmo por dentro e a decidir iniciar uma jornada para o amor. Em geral, \u00e9 uma jornada que come\u00e7a amando a n\u00f3s mesmos em primeiro lugar, aprendendo a amar at\u00e9 mesmo as partes de n\u00f3s que muitas vezes n\u00e3o queremos ver ou que escondemos, por medo de n\u00e3o sermos aceitos por quem realmente somos. Quando descobrimos que, para alcan\u00e7ar uma vida plena e realizada, n\u00e3o precisamos de uma varinha m\u00e1gica, mas simplesmente decidir dar aquele pequeno passo a mais em dire\u00e7\u00e3o a voc\u00ea, com amor. Se voc\u00ea j\u00e1 se sentiu preso, sobrecarregado ou simplesmente quer mais da sua vida, meu caminho o guiar\u00e1 para uma nova transforma\u00e7\u00e3o profunda e aut\u00eantica. Por meio de t\u00e9cnicas de aten\u00e7\u00e3o plena, terapias hol\u00edsticas e ferramentas de crescimento pessoal, juntos podemos superar os desafios que prendem voc\u00ea    <\/p>\n                        <\/div>\n\n                    <\/div>\n\n                <\/div><!-- .elementskit-card END -->\n\n                \n                <div class=\"elementskit-card \">\n                    <div class=\"elementskit-card-header\" id=\"primaryHeading-2-21b2d4a\">\n                        <a href=\"#collapse-4e2fdc269fa8a91b9597\" class=\"ekit-accordion--toggler elementskit-btn-link collapsed\" data-ekit-toggle=\"collapse\" data-target=\"#Collapse-4e2fdc269fa8a91b9597\" aria-expanded=\"false\" aria-controls=\"Collapse-4e2fdc269fa8a91b9597\">\n                            \n                            <span class=\"ekit-accordion-title\">Curiosidades<\/span>\n\n                            \n                                <div class=\"ekit_accordion_icon_group\">\n                                    <div class=\"ekit_accordion_normal_icon\">\n                                        <!-- Normal Icon -->\n\t\t\t\t\t\t\t\t\t\t<i class=\"icon icon-down-arrow1\"><\/i>                                    <\/div>\n\n                                    <div class=\"ekit_accordion_active_icon\">\n                                        <!-- Active Icon -->\n\t\t\t\t\t\t\t\t\t\t<i class=\"icon icon-up-arrow\"><\/i>                                    <\/div>\n                                <\/div>\n\n                            \n                                                    <\/a>\n                    <\/div>\n\n                    <div id=\"Collapse-4e2fdc269fa8a91b9597\" class=\" collapse\" aria-labelledby=\"primaryHeading-2-21b2d4a\" data-parent=\"#accordion-69fa8a91b9597\">\n\n                        <div class=\"elementskit-card-body ekit-accordion--content\">\n                            <p>Viajei para v\u00e1rios pa\u00edses do mundo, participando de reuni\u00f5es de c\u00fapula, workshops, eventos e cursos dedicados ao crescimento pessoal, \u00e0 plenitude mental e \u00e0 conscientiza\u00e7\u00e3o. Isso me permitiu explorar diferentes abordagens e extrair o melhor de cada experi\u00eancia, enriquecendo continuamente minha vis\u00e3o de mundo. Cada nova experi\u00eancia ajudou a moldar o m\u00e9todo que compartilho com voc\u00ea hoje. Meu caminho \u00e9 chamado de \"O Segredo dos Seis Pilares\" e estou muito feliz por poder compartilhar essa contribui\u00e7\u00e3o com voc\u00ea.   <\/p>\n                        <\/div>\n\n                    <\/div>\n\n                <\/div><!-- .elementskit-card END -->\n\n                                        <\/div>\n    <\/div>\t\t\t\t<\/div>\n\t\t\t\t<\/div>\n\t\t\t\t<\/div>\n\t\t\t\t<\/div>\n\t\t\t\t\t<\/div>\n\t\t\t\t<\/div>\n\t\t<div class=\"elementor-element elementor-element-7bde0ec5 e-con-full e-flex e-con e-parent\" data-id=\"7bde0ec5\" data-element_type=\"container\" data-e-type=\"container\" data-settings=\"{&quot;background_background&quot;:&quot;classic&quot;}\">\n\t\t<div class=\"elementor-element elementor-element-1a3a1d71 e-con-full e-flex e-con e-child\" data-id=\"1a3a1d71\" data-element_type=\"container\" data-e-type=\"container\" data-settings=\"{&quot;background_background&quot;:&quot;gradient&quot;}\">\n\t\t\t\t<div class=\"elementor-element elementor-element-553c9fb0 elementor-widget__width-initial elementor-widget-tablet__width-initial elementor-widget elementor-widget-heading\" data-id=\"553c9fb0\" data-element_type=\"widget\" data-e-type=\"widget\" data-widget_type=\"heading.default\">\n\t\t\t\t<div class=\"elementor-widget-container\">\n\t\t\t\t\t<h2 class=\"elementor-heading-title elementor-size-default\">Transforme sua vida<\/h2>\t\t\t\t<\/div>\n\t\t\t\t<\/div>\n\t\t\t\t<div class=\"elementor-element elementor-element-5ba26957 elementor-widget__width-initial elementor-widget-tablet__width-initial elementor-widget elementor-widget-text-editor\" data-id=\"5ba26957\" data-element_type=\"widget\" data-e-type=\"widget\" data-widget_type=\"text-editor.default\">\n\t\t\t\t<div class=\"elementor-widget-container\">\n\t\t\t\t\t\t\t\t\t<p>Se voc\u00ea est\u00e1 lendo estas linhas, \u00e9 porque sente que chegou a hora de transformar a sua vida e mudar o seu verdadeiro potencial.<br \/>\nComece sua jornada de evolu\u00e7\u00e3o pessoal com o \u00c6volvi hoje mesmo.<br \/>\nInscreva-se agora e prepare-se para descobrir a melhor vers\u00e3o de voc\u00ea!  <\/p>\n\t\t\t\t\t\t\t\t<\/div>\n\t\t\t\t<\/div>\n\t\t\t\t<div class=\"elementor-element elementor-element-40571a8f elementor-align-center elementor-widget elementor-widget-button\" data-id=\"40571a8f\" data-element_type=\"widget\" data-e-type=\"widget\" data-widget_type=\"button.default\">\n\t\t\t\t<div class=\"elementor-widget-container\">\n\t\t\t\t\t\t\t\t\t<div class=\"elementor-button-wrapper\">\n\t\t\t\t\t<a class=\"elementor-button elementor-button-link elementor-size-sm\" href=\"https:\/\/aevolvi.com\/pt-br\/contato\/\">\n\t\t\t\t\t\t<span class=\"elementor-button-content-wrapper\">\n\t\t\t\t\t\t\t\t\t<span class=\"elementor-button-text\">Entre em contato comigo<\/span>\n\t\t\t\t\t<\/span>\n\t\t\t\t\t<\/a>\n\t\t\t\t<\/div>\n\t\t\t\t\t\t\t\t<\/div>\n\t\t\t\t<\/div>\n\t\t\t\t<\/div>\n\t\t\t\t<\/div>\n\t\t<div class=\"elementor-element elementor-element-2c2ad0a7 e-flex e-con-boxed e-con e-parent\" data-id=\"2c2ad0a7\" data-element_type=\"container\" data-e-type=\"container\" data-settings=\"{&quot;background_background&quot;:&quot;classic&quot;}\">\n\t\t\t\t\t<div class=\"e-con-inner\">\n\t\t<div class=\"elementor-element elementor-element-4b4ca7c4 e-flex e-con-boxed e-con e-child\" data-id=\"4b4ca7c4\" data-element_type=\"container\" data-e-type=\"container\" data-settings=\"{&quot;background_background&quot;:&quot;classic&quot;}\">\n\t\t\t\t\t<div class=\"e-con-inner\">\n\t\t<div class=\"elementor-element elementor-element-519c8e e-con-full e-flex e-con e-child\" data-id=\"519c8e\" data-element_type=\"container\" data-e-type=\"container\">\n\t\t\t\t<div class=\"elementor-element elementor-element-40bfaeb8 elementor-widget elementor-widget-heading\" data-id=\"40bfaeb8\" data-element_type=\"widget\" data-e-type=\"widget\" data-widget_type=\"heading.default\">\n\t\t\t\t<div class=\"elementor-widget-container\">\n\t\t\t\t\t<span class=\"elementor-heading-title elementor-size-default\">A JORNADA QUE LEVA VOC\u00ca \u00c0 LIBERDADE<\/span>\t\t\t\t<\/div>\n\t\t\t\t<\/div>\n\t\t\t\t<div class=\"elementor-element elementor-element-b360edd elementor-widget elementor-widget-text-editor\" data-id=\"b360edd\" data-element_type=\"widget\" data-e-type=\"widget\" data-widget_type=\"text-editor.default\">\n\t\t\t\t<div class=\"elementor-widget-container\">\n\t\t\t\t\t\t\t\t\t<p>Sua jornada para a liberdade interior e o equil\u00edbrio come\u00e7a hoje. N\u00e3o \u00e9 um sonho distante ou uma realidade para poucos sortudos: est\u00e1 ao seu alcance com aquele pequeno passo de confian\u00e7a e amor que voc\u00ea dar\u00e1. Estou aqui para caminhar ao seu lado e ajud\u00e1-lo a alcan\u00e7ar essa nova conex\u00e3o interna e profunda consigo mesmo que permitir\u00e1 que voc\u00ea viva uma vida aut\u00eantica e gratificante. E mostrar a voc\u00ea que sim, \u00e9 poss\u00edvel viver a vida que voc\u00ea deseja. N\u00e3o deixe que os medos e as d\u00favidas prendam voc\u00ea.      <\/p>\n<p>&#8220;A for\u00e7a do vento n\u00e3o importa se voc\u00ea n\u00e3o tiver decidido para onde ir. Decidir \u00e9 a arte de assumir o controle da jornada.&#8221;<\/p>\n\t\t\t\t\t\t\t\t<\/div>\n\t\t\t\t<\/div>\n\t\t\t\t<\/div>\n\t\t\t\t\t<\/div>\n\t\t\t\t<\/div>\n\t\t\t\t\t<\/div>\n\t\t\t\t<\/div>\n\t\t\t\t<\/div>\n\t\t","protected":false},"excerpt":{"rendered":"<p>Crescimento pessoal QUEM EU SOU Meu nome \u00e9 Katherine, tenho 32 anos e sou da Am\u00e9rica do Sul (Equador), embora hoje viva na Su\u00ed\u00e7a. Minha vida tem sido uma jornada extraordin\u00e1ria, cheia de desafios e descobertas. Enfrentei v\u00e1rios obst\u00e1culos que, \u00e0s vezes, me colocaram \u00e0 prova e, depois de um salto de coragem, me levaram [&hellip;]<\/p>\n","protected":false},"author":2,"featured_media":0,"parent":0,"menu_order":0,"comment_status":"closed","ping_status":"closed","template":"elementor_header_footer","meta":{"_seopress_robots_primary_cat":"","_seopress_titles_title":"%%post_title%% %%sep%% %%sitetitle%%","_seopress_titles_desc":"Minha miss\u00e3o \u00e9 simples: ajudar voc\u00ea a encontrar um novo equil\u00edbrio em rela\u00e7\u00e3o \u00e0 sua verdadeira busca pela felicidade na vida","_seopress_robots_index":"","footnotes":""},"class_list":["post-1091","page","type-page","status-publish","hentry"],"_links":{"self":[{"href":"https:\/\/aevolvi.com\/pt-br\/wp-json\/wp\/v2\/pages\/1091","targetHints":{"allow":["GET"]}}],"collection":[{"href":"https:\/\/aevolvi.com\/pt-br\/wp-json\/wp\/v2\/pages"}],"about":[{"href":"https:\/\/aevolvi.com\/pt-br\/wp-json\/wp\/v2\/types\/page"}],"author":[{"embeddable":true,"href":"https:\/\/aevolvi.com\/pt-br\/wp-json\/wp\/v2\/users\/2"}],"replies":[{"embeddable":true,"href":"https:\/\/aevolvi.com\/pt-br\/wp-json\/wp\/v2\/comments?post=1091"}],"version-history":[{"count":0,"href":"https:\/\/aevolvi.com\/pt-br\/wp-json\/wp\/v2\/pages\/1091\/revisions"}],"wp:attachment":[{"href":"https:\/\/aevolvi.com\/pt-br\/wp-json\/wp\/v2\/media?parent=1091"}],"curies":[{"name":"wp","href":"https:\/\/api.w.org\/{rel}","templated":true}]}}