{"id":1105,"date":"2024-09-19T10:55:11","date_gmt":"2024-09-19T08:55:11","guid":{"rendered":"https:\/\/aevolvi.com\/6-pilares\/"},"modified":"2024-10-08T14:16:02","modified_gmt":"2024-10-08T12:16:02","slug":"6-pilares","status":"publish","type":"page","link":"https:\/\/aevolvi.com\/pt-br\/6-pilares\/","title":{"rendered":"6 pilares"},"content":{"rendered":"\t\t<div data-elementor-type=\"wp-page\" data-elementor-id=\"1105\" class=\"elementor elementor-1105 elementor-207\" data-elementor-post-type=\"page\">\n\t\t\t\t<div class=\"elementor-element elementor-element-6c69021c e-flex e-con-boxed e-con e-parent\" data-id=\"6c69021c\" data-element_type=\"container\" data-e-type=\"container\" data-settings=\"{&quot;background_background&quot;:&quot;classic&quot;}\">\n\t\t\t\t\t<div class=\"e-con-inner\">\n\t\t<div class=\"elementor-element elementor-element-2471e61c e-flex e-con-boxed e-con e-child\" data-id=\"2471e61c\" data-element_type=\"container\" data-e-type=\"container\">\n\t\t\t\t\t<div class=\"e-con-inner\">\n\t\t\t\t\t<\/div>\n\t\t\t\t<\/div>\n\t\t<div class=\"elementor-element elementor-element-831ec1d e-flex e-con-boxed e-con e-child\" data-id=\"831ec1d\" data-element_type=\"container\" data-e-type=\"container\">\n\t\t\t\t\t<div class=\"e-con-inner\">\n\t\t\t\t<div class=\"elementor-element elementor-element-67446ced elementor-view-stacked elementor-shape-circle elementor-widget elementor-widget-icon\" data-id=\"67446ced\" data-element_type=\"widget\" data-e-type=\"widget\" data-widget_type=\"icon.default\">\n\t\t\t\t<div class=\"elementor-widget-container\">\n\t\t\t\t\t\t\t<div class=\"elementor-icon-wrapper\">\n\t\t\t<a class=\"elementor-icon\" href=\"#6\">\n\t\t\t<i aria-hidden=\"true\" class=\"icon icon-up-arrow\"><\/i>\t\t\t<\/a>\n\t\t<\/div>\n\t\t\t\t\t\t<\/div>\n\t\t\t\t<\/div>\n\t\t\t\t\t<\/div>\n\t\t\t\t<\/div>\n\t\t\t\t\t<\/div>\n\t\t\t\t<\/div>\n\t\t<div class=\"elementor-element elementor-element-415272f3 e-flex e-con-boxed e-con e-parent\" data-id=\"415272f3\" data-element_type=\"container\" data-e-type=\"container\" id=\"6\">\n\t\t\t\t\t<div class=\"e-con-inner\">\n\t\t<div class=\"elementor-element elementor-element-76283222 e-flex e-con-boxed e-con e-child\" data-id=\"76283222\" data-element_type=\"container\" data-e-type=\"container\">\n\t\t\t\t\t<div class=\"e-con-inner\">\n\t\t<div class=\"elementor-element elementor-element-38422f8e e-con-full e-flex e-con e-child\" data-id=\"38422f8e\" data-element_type=\"container\" data-e-type=\"container\">\n\t\t<div class=\"elementor-element elementor-element-13ceabba e-flex e-con-boxed e-con e-child\" data-id=\"13ceabba\" data-element_type=\"container\" data-e-type=\"container\">\n\t\t\t\t\t<div class=\"e-con-inner\">\n\t\t\t\t<div class=\"elementor-element elementor-element-f1a564d elementor-widget elementor-widget-heading\" data-id=\"f1a564d\" data-element_type=\"widget\" data-e-type=\"widget\" data-widget_type=\"heading.default\">\n\t\t\t\t<div class=\"elementor-widget-container\">\n\t\t\t\t\t<h2 class=\"elementor-heading-title elementor-size-default\">O segredo dos 6 pilares de \u00c6volvi<\/h2>\t\t\t\t<\/div>\n\t\t\t\t<\/div>\n\t\t\t\t<div class=\"elementor-element elementor-element-7f1de4ad elementor-widget elementor-widget-text-editor\" data-id=\"7f1de4ad\" data-element_type=\"widget\" data-e-type=\"widget\" data-widget_type=\"text-editor.default\">\n\t\t\t\t<div class=\"elementor-widget-container\">\n\t\t\t\t\t\t\t\t\t<p>\u00c6volvi &#8211; O Segredo dos 6 Pilares \u00e9 um caminho transformacional de evolu\u00e7\u00e3o pessoal criado para aqueles que desejam ir al\u00e9m da superf\u00edcie e descobrir seu novo e verdadeiro potencial.<br \/>\nEsse m\u00e9todo \u00e9 baseado em seis \u00e1reas fundamentais que, trabalhando em sinergia, permitem que voc\u00ea alcance um novo equil\u00edbrio profundo e aut\u00eantico.<br \/>\nN\u00e3o se trata apenas de melhorar um aspecto de sua vida: \u00e9 uma jornada completa que abrange corpo, mente e esp\u00edrito.    <\/p>\n<p>Se voc\u00ea j\u00e1 se perguntou por que, apesar de sucessos ou conquistas externas, ainda se sente incompleto ou preso, este \u00e9 o programa para voc\u00ea.<br \/>\n\u00c9 um caminho que o orienta de dentro para fora, fazendo com que voc\u00ea descubra uma vers\u00e3o mais aut\u00eantica, equilibrada e realizada de si mesmo. <\/p>\n\t\t\t\t\t\t\t\t<\/div>\n\t\t\t\t<\/div>\n\t\t\t\t<div class=\"elementor-element elementor-element-c8170db elementor-widget elementor-widget-image\" data-id=\"c8170db\" data-element_type=\"widget\" data-e-type=\"widget\" data-widget_type=\"image.default\">\n\t\t\t\t<div class=\"elementor-widget-container\">\n\t\t\t\t\t\t\t\t\t\t\t\t\t\t\t<img fetchpriority=\"high\" decoding=\"async\" width=\"800\" height=\"802\" src=\"https:\/\/aevolvi.com\/wp-content\/uploads\/sites\/64\/2024\/09\/Recurso-2-1-1022x1024.png\" class=\"attachment-large size-large wp-image-1654\" alt=\"\" srcset=\"https:\/\/aevolvi.com\/wp-content\/uploads\/sites\/64\/2024\/09\/Recurso-2-1-1022x1024.png.webp 1022w, https:\/\/aevolvi.com\/wp-content\/uploads\/sites\/64\/2024\/09\/Recurso-2-1-300x300.png.webp 300w, https:\/\/aevolvi.com\/wp-content\/uploads\/sites\/64\/2024\/09\/Recurso-2-1-150x150.png.webp 150w, https:\/\/aevolvi.com\/wp-content\/uploads\/sites\/64\/2024\/09\/Recurso-2-1-768x770.png.webp 768w, https:\/\/aevolvi.com\/wp-content\/uploads\/sites\/64\/2024\/09\/Recurso-2-1-500x500.png.webp 500w, https:\/\/aevolvi.com\/wp-content\/uploads\/sites\/64\/2024\/09\/Recurso-2-1-1533x1536.png.webp 1533w, https:\/\/aevolvi.com\/wp-content\/uploads\/sites\/64\/2024\/09\/Recurso-2-1-2044x2048.png.webp 2044w\" sizes=\"(max-width: 800px) 100vw, 800px\" \/>\t\t\t\t\t\t\t\t\t\t\t\t\t\t\t<\/div>\n\t\t\t\t<\/div>\n\t\t\t\t\t<\/div>\n\t\t\t\t<\/div>\n\t\t\t\t<\/div>\n\t\t\t\t\t<\/div>\n\t\t\t\t<\/div>\n\t\t\t\t\t<\/div>\n\t\t\t\t<\/div>\n\t\t<div class=\"elementor-element elementor-element-dd97e7 e-flex e-con-boxed e-con e-parent\" data-id=\"dd97e7\" data-element_type=\"container\" data-e-type=\"container\">\n\t\t\t\t\t<div class=\"e-con-inner\">\n\t\t\t\t<div class=\"elementor-element elementor-element-ecfaa21 elementor-widget elementor-widget-heading\" data-id=\"ecfaa21\" data-element_type=\"widget\" data-e-type=\"widget\" data-widget_type=\"heading.default\">\n\t\t\t\t<div class=\"elementor-widget-container\">\n\t\t\t\t\t<h3 class=\"elementor-heading-title elementor-size-default\">Uma jornada pelos 6 pilares<\/h3>\t\t\t\t<\/div>\n\t\t\t\t<\/div>\n\t\t\t\t<div class=\"elementor-element elementor-element-8e9ec19 elementor-widget elementor-widget-text-editor\" data-id=\"8e9ec19\" data-element_type=\"widget\" data-e-type=\"widget\" data-widget_type=\"text-editor.default\">\n\t\t\t\t<div class=\"elementor-widget-container\">\n\t\t\t\t\t\t\t\t\t<p>O segredo do \u00c6volvi est\u00e1 em seus seis pilares, cada um dos quais representa um aspecto fundamental da vida.<br \/>\nEsses pilares est\u00e3o no centro do caminho e trabalham juntos para criar uma transforma\u00e7\u00e3o profunda.<br \/>\nVamos descobrir os seis pilares juntos:  <\/p>\n\t\t\t\t\t\t\t\t<\/div>\n\t\t\t\t<\/div>\n\t\t<div class=\"elementor-element elementor-element-7f4a67ad e-con-full e-flex e-con e-child\" data-id=\"7f4a67ad\" data-element_type=\"container\" data-e-type=\"container\">\n\t\t<div class=\"elementor-element elementor-element-bbbe97c e-con-full e-flex e-con e-child\" data-id=\"bbbe97c\" data-element_type=\"container\" data-e-type=\"container\">\n\t\t\t\t<div class=\"elementor-element elementor-element-4c2082f elementor-view-stacked elementor-shape-circle elementor-position-block-start elementor-mobile-position-block-start elementor-widget elementor-widget-icon-box\" data-id=\"4c2082f\" data-element_type=\"widget\" data-e-type=\"widget\" data-widget_type=\"icon-box.default\">\n\t\t\t\t<div class=\"elementor-widget-container\">\n\t\t\t\t\t\t\t<div class=\"elementor-icon-box-wrapper\">\n\n\t\t\t\t\t\t<div class=\"elementor-icon-box-icon\">\n\t\t\t\t<span  class=\"elementor-icon\">\n\t\t\t\t<i aria-hidden=\"true\" class=\"icon icon-paper-plane\"><\/i>\t\t\t\t<\/span>\n\t\t\t<\/div>\n\t\t\t\n\t\t\t\t\t\t<div class=\"elementor-icon-box-content\">\n\n\t\t\t\t\t\t\t\t\t<h5 class=\"elementor-icon-box-title\">\n\t\t\t\t\t\t<span  >\n\t\t\t\t\t\t\t1. Miss\u00e3o pessoal\t\t\t\t\t\t<\/span>\n\t\t\t\t\t<\/h5>\n\t\t\t\t\n\t\t\t\t\t\t\t\t\t<p class=\"elementor-icon-box-description\">\n\t\t\t\t\t\tTudo come\u00e7a aqui.\nSua miss\u00e3o pessoal \u00e9 o seu porqu\u00ea, o motivo profundo que impulsiona voc\u00ea todos os dias.\nSem uma miss\u00e3o clara, \u00e9 f\u00e1cil voc\u00ea se perder ou se sentir desconectado.\nNo \u00c6volvi, eu o ajudarei a descobrir seu prop\u00f3sito mais aut\u00eantico, porque quando voc\u00ea sabe exatamente quem \u00e9 e o que quer, cada passo se torna poderoso   \t\t\t\t\t<\/p>\n\t\t\t\t\n\t\t\t<\/div>\n\t\t\t\n\t\t<\/div>\n\t\t\t\t\t\t<\/div>\n\t\t\t\t<\/div>\n\t\t\t\t<\/div>\n\t\t<div class=\"elementor-element elementor-element-442dd1a6 e-con-full e-flex e-con e-child\" data-id=\"442dd1a6\" data-element_type=\"container\" data-e-type=\"container\">\n\t\t\t\t<div class=\"elementor-element elementor-element-81f0f1b elementor-view-stacked elementor-shape-circle elementor-position-block-start elementor-mobile-position-block-start elementor-widget elementor-widget-icon-box\" data-id=\"81f0f1b\" data-element_type=\"widget\" data-e-type=\"widget\" data-widget_type=\"icon-box.default\">\n\t\t\t\t<div class=\"elementor-widget-container\">\n\t\t\t\t\t\t\t<div class=\"elementor-icon-box-wrapper\">\n\n\t\t\t\t\t\t<div class=\"elementor-icon-box-icon\">\n\t\t\t\t<span  class=\"elementor-icon\">\n\t\t\t\t<i aria-hidden=\"true\" class=\"icon icon-medicine\"><\/i>\t\t\t\t<\/span>\n\t\t\t<\/div>\n\t\t\t\n\t\t\t\t\t\t<div class=\"elementor-icon-box-content\">\n\n\t\t\t\t\t\t\t\t\t<h5 class=\"elementor-icon-box-title\">\n\t\t\t\t\t\t<span  >\n\t\t\t\t\t\t\t2. Sa\u00fade\t\t\t\t\t\t<\/span>\n\t\t\t\t\t<\/h5>\n\t\t\t\t\n\t\t\t\t\t\t\t\t\t<p class=\"elementor-icon-box-description\">\n\t\t\t\t\t\tSa\u00fade n\u00e3o \u00e9 apenas a aus\u00eancia de doen\u00e7as, mas um equil\u00edbrio entre corpo e mente.\nPor meio de estrat\u00e9gias de bem-estar f\u00edsico e psicol\u00f3gico, ensinarei a voc\u00ea quantas maneiras novas e simples existem para cuidar de si mesmo.\nVoc\u00ea aprender\u00e1 a nutrir seu corpo e sua mente para obter uma energia vital que o sustentar\u00e1 em todos os aspectos da vida.  \t\t\t\t\t<\/p>\n\t\t\t\t\n\t\t\t<\/div>\n\t\t\t\n\t\t<\/div>\n\t\t\t\t\t\t<\/div>\n\t\t\t\t<\/div>\n\t\t\t\t<\/div>\n\t\t<div class=\"elementor-element elementor-element-488108b6 e-con-full e-flex e-con e-child\" data-id=\"488108b6\" data-element_type=\"container\" data-e-type=\"container\">\n\t\t\t\t<div class=\"elementor-element elementor-element-cc61744 elementor-view-stacked elementor-shape-circle elementor-position-block-start elementor-mobile-position-block-start elementor-widget elementor-widget-icon-box\" data-id=\"cc61744\" data-element_type=\"widget\" data-e-type=\"widget\" data-widget_type=\"icon-box.default\">\n\t\t\t\t<div class=\"elementor-widget-container\">\n\t\t\t\t\t\t\t<div class=\"elementor-icon-box-wrapper\">\n\n\t\t\t\t\t\t<div class=\"elementor-icon-box-icon\">\n\t\t\t\t<span  class=\"elementor-icon\">\n\t\t\t\t<svg aria-hidden=\"true\" class=\"e-font-icon-svg e-fas-spa\" viewBox=\"0 0 576 512\" xmlns=\"http:\/\/www.w3.org\/2000\/svg\"><path d=\"M568.25 192c-29.04.13-135.01 6.16-213.84 83-33.12 29.63-53.36 63.3-66.41 94.86-13.05-31.56-33.29-65.23-66.41-94.86-78.83-76.84-184.8-82.87-213.84-83-4.41-.02-7.79 3.4-7.75 7.82.23 27.92 7.14 126.14 88.77 199.3C172.79 480.94 256 480 288 480s115.19.95 199.23-80.88c81.64-73.17 88.54-171.38 88.77-199.3.04-4.42-3.34-7.84-7.75-7.82zM287.98 302.6c12.82-18.85 27.6-35.78 44.09-50.52 19.09-18.61 39.58-33.3 60.26-45.18-16.44-70.5-51.72-133.05-96.73-172.22-4.11-3.58-11.02-3.58-15.14 0-44.99 39.14-80.27 101.63-96.74 172.07 20.37 11.7 40.5 26.14 59.22 44.39a282.768 282.768 0 0 1 45.04 51.46z\"><\/path><\/svg>\t\t\t\t<\/span>\n\t\t\t<\/div>\n\t\t\t\n\t\t\t\t\t\t<div class=\"elementor-icon-box-content\">\n\n\t\t\t\t\t\t\t\t\t<h5 class=\"elementor-icon-box-title\">\n\t\t\t\t\t\t<span  >\n\t\t\t\t\t\t\t3. espiritualidade\t\t\t\t\t\t<\/span>\n\t\t\t\t\t<\/h5>\n\t\t\t\t\n\t\t\t\t\t\t\t\t\t<p class=\"elementor-icon-box-description\">\n\t\t\t\t\t\tA espiritualidade \u00e9 uma orienta\u00e7\u00e3o interior que conecta voc\u00ea com voc\u00ea mesmo. Permite que voc\u00ea encontre equil\u00edbrio, paz e um profundo senso de pertencimento. Exploraremos como o cultivo de uma pr\u00e1tica espiritual consciente pode ajudar voc\u00ea a superar os desafios di\u00e1rios, liberar o estresse e viver com mais autenticidade.    \t\t\t\t\t<\/p>\n\t\t\t\t\n\t\t\t<\/div>\n\t\t\t\n\t\t<\/div>\n\t\t\t\t\t\t<\/div>\n\t\t\t\t<\/div>\n\t\t\t\t<\/div>\n\t\t<div class=\"elementor-element elementor-element-544e8a8d e-con-full e-flex e-con e-child\" data-id=\"544e8a8d\" data-element_type=\"container\" data-e-type=\"container\">\n\t\t\t\t<div class=\"elementor-element elementor-element-41c699d elementor-view-stacked elementor-shape-circle elementor-position-block-start elementor-mobile-position-block-start elementor-widget elementor-widget-icon-box\" data-id=\"41c699d\" data-element_type=\"widget\" data-e-type=\"widget\" data-widget_type=\"icon-box.default\">\n\t\t\t\t<div class=\"elementor-widget-container\">\n\t\t\t\t\t\t\t<div class=\"elementor-icon-box-wrapper\">\n\n\t\t\t\t\t\t<div class=\"elementor-icon-box-icon\">\n\t\t\t\t<span  class=\"elementor-icon\">\n\t\t\t\t<i aria-hidden=\"true\" class=\"icon icon-user-registration\"><\/i>\t\t\t\t<\/span>\n\t\t\t<\/div>\n\t\t\t\n\t\t\t\t\t\t<div class=\"elementor-icon-box-content\">\n\n\t\t\t\t\t\t\t\t\t<h5 class=\"elementor-icon-box-title\">\n\t\t\t\t\t\t<span  >\n\t\t\t\t\t\t\t4. Profiss\u00e3o\t\t\t\t\t\t<\/span>\n\t\t\t\t\t<\/h5>\n\t\t\t\t\n\t\t\t\t\t\t\t\t\t<p class=\"elementor-icon-box-description\">\n\t\t\t\t\t\tSua profiss\u00e3o n\u00e3o deve ser apenas um emprego, mas uma manifesta\u00e7\u00e3o de sua miss\u00e3o.\nEu o orientarei a encontrar ou redescobrir sua voca\u00e7\u00e3o, ajudando-o a criar uma carreira que reflita quem voc\u00ea realmente \u00e9.\nQuando voc\u00ea trabalha com paix\u00e3o e alinhamento, o sucesso n\u00e3o \u00e9 uma meta distante, mas uma consequ\u00eancia natural  \t\t\t\t\t<\/p>\n\t\t\t\t\n\t\t\t<\/div>\n\t\t\t\n\t\t<\/div>\n\t\t\t\t\t\t<\/div>\n\t\t\t\t<\/div>\n\t\t\t\t<\/div>\n\t\t<div class=\"elementor-element elementor-element-58cea4c8 e-con-full e-flex e-con e-child\" data-id=\"58cea4c8\" data-element_type=\"container\" data-e-type=\"container\">\n\t\t\t\t<div class=\"elementor-element elementor-element-93539f2 elementor-view-stacked elementor-shape-circle elementor-position-block-start elementor-mobile-position-block-start elementor-widget elementor-widget-icon-box\" data-id=\"93539f2\" data-element_type=\"widget\" data-e-type=\"widget\" data-widget_type=\"icon-box.default\">\n\t\t\t\t<div class=\"elementor-widget-container\">\n\t\t\t\t\t\t\t<div class=\"elementor-icon-box-wrapper\">\n\n\t\t\t\t\t\t<div class=\"elementor-icon-box-icon\">\n\t\t\t\t<span  class=\"elementor-icon\">\n\t\t\t\t<i aria-hidden=\"true\" class=\"icon icon-heart-pulse\"><\/i>\t\t\t\t<\/span>\n\t\t\t<\/div>\n\t\t\t\n\t\t\t\t\t\t<div class=\"elementor-icon-box-content\">\n\n\t\t\t\t\t\t\t\t\t<h5 class=\"elementor-icon-box-title\">\n\t\t\t\t\t\t<span  >\n\t\t\t\t\t\t\t5. Rela\u00e7\u00f5es\t\t\t\t\t\t<\/span>\n\t\t\t\t\t<\/h5>\n\t\t\t\t\n\t\t\t\t\t\t\t\t\t<p class=\"elementor-icon-box-description\">\n\t\t\t\t\t\tOs relacionamentos que cultivamos definem quem somos.\nEm \u00c6volvi, exploraremos como reconhecer e criar relacionamentos aut\u00eanticos e gratificantes que estimulem o seu crescimento.\nQuer se trate de amizades, fam\u00edlia ou relacionamentos amorosos, voc\u00ea descobrir\u00e1 como criar v\u00ednculos baseados na autenticidade, no respeito e na conex\u00e3o profunda.  \t\t\t\t\t<\/p>\n\t\t\t\t\n\t\t\t<\/div>\n\t\t\t\n\t\t<\/div>\n\t\t\t\t\t\t<\/div>\n\t\t\t\t<\/div>\n\t\t\t\t<\/div>\n\t\t<div class=\"elementor-element elementor-element-5f6b263b e-con-full e-flex e-con e-child\" data-id=\"5f6b263b\" data-element_type=\"container\" data-e-type=\"container\">\n\t\t\t\t<div class=\"elementor-element elementor-element-dc4d9a5 elementor-view-stacked elementor-shape-circle elementor-position-block-start elementor-mobile-position-block-start elementor-widget elementor-widget-icon-box\" data-id=\"dc4d9a5\" data-element_type=\"widget\" data-e-type=\"widget\" data-widget_type=\"icon-box.default\">\n\t\t\t\t<div class=\"elementor-widget-container\">\n\t\t\t\t\t\t\t<div class=\"elementor-icon-box-wrapper\">\n\n\t\t\t\t\t\t<div class=\"elementor-icon-box-icon\">\n\t\t\t\t<span  class=\"elementor-icon\">\n\t\t\t\t<i aria-hidden=\"true\" class=\"icon icon-user1\"><\/i>\t\t\t\t<\/span>\n\t\t\t<\/div>\n\t\t\t\n\t\t\t\t\t\t<div class=\"elementor-icon-box-content\">\n\n\t\t\t\t\t\t\t\t\t<h5 class=\"elementor-icon-box-title\">\n\t\t\t\t\t\t<span  >\n\t\t\t\t\t\t\t6. Autoestima\t\t\t\t\t\t<\/span>\n\t\t\t\t\t<\/h5>\n\t\t\t\t\n\t\t\t\t\t\t\t\t\t<p class=\"elementor-icon-box-description\">\n\t\t\t\t\t\tTudo come\u00e7a de dentro para fora: sua autoconfian\u00e7a \u00e9 a chave que abre a porta para o sucesso e a felicidade.\nSem autoconfian\u00e7a, at\u00e9 os menores sonhos parecem inating\u00edveis.\nNeste pilar, trabalharemos para aumentar sua autoestima, transformando medos e inseguran\u00e7as em for\u00e7a e confian\u00e7a  \t\t\t\t\t<\/p>\n\t\t\t\t\n\t\t\t<\/div>\n\t\t\t\n\t\t<\/div>\n\t\t\t\t\t\t<\/div>\n\t\t\t\t<\/div>\n\t\t\t\t<\/div>\n\t\t\t\t<\/div>\n\t\t\t\t\t<\/div>\n\t\t\t\t<\/div>\n\t\t<div class=\"elementor-element elementor-element-34d073c7 e-con-full e-flex e-con e-parent\" data-id=\"34d073c7\" data-element_type=\"container\" data-e-type=\"container\" data-settings=\"{&quot;background_background&quot;:&quot;classic&quot;}\">\n\t\t<div class=\"elementor-element elementor-element-3dfd3930 e-con-full e-flex e-con e-child\" data-id=\"3dfd3930\" data-element_type=\"container\" data-e-type=\"container\" data-settings=\"{&quot;background_background&quot;:&quot;gradient&quot;}\">\n\t\t\t\t<div class=\"elementor-element elementor-element-624ea121 elementor-widget__width-initial elementor-widget-tablet__width-initial elementor-widget elementor-widget-heading\" data-id=\"624ea121\" data-element_type=\"widget\" data-e-type=\"widget\" data-widget_type=\"heading.default\">\n\t\t\t\t<div class=\"elementor-widget-container\">\n\t\t\t\t\t<h2 class=\"elementor-heading-title elementor-size-default\">Um caminho para o equil\u00edbrio total<\/h2>\t\t\t\t<\/div>\n\t\t\t\t<\/div>\n\t\t\t\t<div class=\"elementor-element elementor-element-bce9476 elementor-widget__width-initial elementor-widget-tablet__width-initial elementor-widget elementor-widget-text-editor\" data-id=\"bce9476\" data-element_type=\"widget\" data-e-type=\"widget\" data-widget_type=\"text-editor.default\">\n\t\t\t\t<div class=\"elementor-widget-container\">\n\t\t\t\t\t\t\t\t\t<p>Minha miss\u00e3o com o \u00c6volvi \u00e9 clara: levar voc\u00ea a descobrir e cultivar o equil\u00edbrio entre esses seis pilares para alcan\u00e7ar um bem-estar completo e profundo.<br \/>\nN\u00e3o se trata apenas de melhorar um ou dois aspectos de sua vida, mas de harmonizar todas essas \u00e1reas para que trabalhem juntas.<br \/>\nQuando h\u00e1 equil\u00edbrio entre corpo, mente, esp\u00edrito e finan\u00e7as, voc\u00ea finalmente consegue viver com plenitude, autenticidade e satisfa\u00e7\u00e3o.  <\/p>\n<p>Este curso n\u00e3o \u00e9 apenas um guia te\u00f3rico, mas uma experi\u00eancia pr\u00e1tica e personalizada que permite que voc\u00ea enfrente e supere seus desafios di\u00e1rios. Eu o ensinarei a aplicar esses princ\u00edpios em sua vida real, para que voc\u00ea possa ver e sentir seu verdadeiro potencial. <\/p>\n\t\t\t\t\t\t\t\t<\/div>\n\t\t\t\t<\/div>\n\t\t\t\t<div class=\"elementor-element elementor-element-79726676 elementor-align-center elementor-widget elementor-widget-button\" data-id=\"79726676\" data-element_type=\"widget\" data-e-type=\"widget\" data-widget_type=\"button.default\">\n\t\t\t\t<div class=\"elementor-widget-container\">\n\t\t\t\t\t\t\t\t\t<div class=\"elementor-button-wrapper\">\n\t\t\t\t\t<a class=\"elementor-button elementor-button-link elementor-size-sm\" href=\"https:\/\/aevolvi.com\/pt-br\/contato\/\">\n\t\t\t\t\t\t<span class=\"elementor-button-content-wrapper\">\n\t\t\t\t\t\t\t\t\t<span class=\"elementor-button-text\">Solicitar mais informa\u00e7\u00f5es<\/span>\n\t\t\t\t\t<\/span>\n\t\t\t\t\t<\/a>\n\t\t\t\t<\/div>\n\t\t\t\t\t\t\t\t<\/div>\n\t\t\t\t<\/div>\n\t\t\t\t<\/div>\n\t\t\t\t<\/div>\n\t\t\t\t<\/div>\n\t\t","protected":false},"excerpt":{"rendered":"<p>O segredo dos 6 pilares de \u00c6volvi \u00c6volvi &#8211; O Segredo dos 6 Pilares \u00e9 um caminho transformacional de evolu\u00e7\u00e3o pessoal criado para aqueles que desejam ir al\u00e9m da superf\u00edcie e descobrir seu novo e verdadeiro potencial. Esse m\u00e9todo \u00e9 baseado em seis \u00e1reas fundamentais que, trabalhando em sinergia, permitem que voc\u00ea alcance um novo [&hellip;]<\/p>\n","protected":false},"author":2,"featured_media":0,"parent":0,"menu_order":0,"comment_status":"closed","ping_status":"closed","template":"elementor_header_footer","meta":{"_seopress_robots_primary_cat":"","_seopress_titles_title":"","_seopress_titles_desc":"","_seopress_robots_index":"","footnotes":""},"class_list":["post-1105","page","type-page","status-publish","hentry"],"_links":{"self":[{"href":"https:\/\/aevolvi.com\/pt-br\/wp-json\/wp\/v2\/pages\/1105","targetHints":{"allow":["GET"]}}],"collection":[{"href":"https:\/\/aevolvi.com\/pt-br\/wp-json\/wp\/v2\/pages"}],"about":[{"href":"https:\/\/aevolvi.com\/pt-br\/wp-json\/wp\/v2\/types\/page"}],"author":[{"embeddable":true,"href":"https:\/\/aevolvi.com\/pt-br\/wp-json\/wp\/v2\/users\/2"}],"replies":[{"embeddable":true,"href":"https:\/\/aevolvi.com\/pt-br\/wp-json\/wp\/v2\/comments?post=1105"}],"version-history":[{"count":0,"href":"https:\/\/aevolvi.com\/pt-br\/wp-json\/wp\/v2\/pages\/1105\/revisions"}],"wp:attachment":[{"href":"https:\/\/aevolvi.com\/pt-br\/wp-json\/wp\/v2\/media?parent=1105"}],"curies":[{"name":"wp","href":"https:\/\/api.w.org\/{rel}","templated":true}]}}